{"id":2094,"date":"2010-07-14T00:00:00","date_gmt":"2010-07-14T03:00:00","guid":{"rendered":"http:\/\/ajupe.com.uy\/web\/?post_type=product&#038;p=2094"},"modified":"2011-09-05T16:27:20","modified_gmt":"2011-09-05T19:27:20","slug":"la-ladrona-de-libros","status":"publish","type":"product","link":"https:\/\/ajupe.com.uy\/web\/biblioteca\/la-ladrona-de-libros\/","title":{"rendered":"La Ladrona de Libros"},"content":{"rendered":"<p>\u00c9rase una vez un pueblo donde las noches eras largas y la muerte contaba su propia historia. En el pueblo viv\u00eda una ni\u00f1a que quer\u00eda leer, un hombre que tocaba el acorde\u00f3n y un joven jud\u00edo que escrib\u00eda cuentos hermosos para escapar del horror de la guerra. Al cabo de un tiempo, la ni\u00f1a se convirti\u00f3 en una ladrona que robaba libros y regalaba palabras. Con estas palabras se escribi\u00f3 una historia hermosa y cruel que ahora ya es una novela inolvidable.<\/p>\n","protected":false},"excerpt":{"rendered":"<p>\u00c9rase una vez un pueblo donde las noches eras largas y la muerte contaba su propia historia. En el pueblo viv\u00eda una ni\u00f1a que quer\u00eda leer, un hombre que tocaba el acorde\u00f3n y un joven jud\u00edo que escrib\u00eda cuentos hermosos para escapar del horror de la guerra.<\/p>\n","protected":false},"featured_media":2095,"template":"","meta":[],"product_brand":[802],"product_cat":[29],"product_tag":[],"class_list":{"0":"post-2094","1":"product","2":"type-product","3":"status-publish","4":"has-post-thumbnail","6":"product_brand-markus-zusak","7":"product_cat-novela","9":"first","10":"instock","11":"purchasable","12":"product-type-simple"},"featured_image_urls_v2":{"full":["https:\/\/ajupe.com.uy\/web\/wp-content\/uploads\/2016\/04\/p-2094-7439.jpg",215,320,false],"thumbnail":["https:\/\/ajupe.com.uy\/web\/wp-content\/uploads\/2016\/04\/p-2094-7439.jpg",150,150,true],"medium":["https:\/\/ajupe.com.uy\/web\/wp-content\/uploads\/2016\/04\/p-2094-7439.jpg",300,214,true],"medium_large":["https:\/\/ajupe.com.uy\/web\/wp-content\/uploads\/2016\/04\/p-2094-7439.jpg",215,320,false],"large":["https:\/\/ajupe.com.uy\/web\/wp-content\/uploads\/2016\/04\/p-2094-7439.jpg",215,320,false],"1536x1536":["https:\/\/ajupe.com.uy\/web\/wp-content\/uploads\/2016\/04\/p-2094-7439.jpg",215,320,false],"2048x2048":["https:\/\/ajupe.com.uy\/web\/wp-content\/uploads\/2016\/04\/p-2094-7439.jpg",215,320,false],"woocommerce_archive_thumbnail":["https:\/\/ajupe.com.uy\/web\/wp-content\/uploads\/2016\/04\/p-2094-7439-215x300.jpg",215,300,true],"woocommerce_thumbnail":["https:\/\/ajupe.com.uy\/web\/wp-content\/uploads\/2016\/04\/p-2094-7439-215x300.jpg",215,300,true],"woocommerce_single":["https:\/\/ajupe.com.uy\/web\/wp-content\/uploads\/2016\/04\/p-2094-7439.jpg",215,320,false],"woocommerce_gallery_thumbnail":["https:\/\/ajupe.com.uy\/web\/wp-content\/uploads\/2016\/04\/p-2094-7439-100x100.jpg",100,100,true]},"post_excerpt_stackable_v2":"<p>\u00c9rase una vez un pueblo donde las noches eras largas y la muerte contaba su propia historia. En el pueblo viv\u00eda una ni\u00f1a que quer\u00eda leer, un hombre que tocaba el acorde\u00f3n y un joven jud\u00edo que escrib\u00eda cuentos hermosos para escapar del horror de la guerra.<\/p>\n","category_list_v2":"","author_info_v2":{"name":"","url":""},"comments_num_v2":"0 comentarios","_links":{"self":[{"href":"https:\/\/ajupe.com.uy\/web\/wp-json\/wp\/v2\/product\/2094","targetHints":{"allow":["GET"]}}],"collection":[{"href":"https:\/\/ajupe.com.uy\/web\/wp-json\/wp\/v2\/product"}],"about":[{"href":"https:\/\/ajupe.com.uy\/web\/wp-json\/wp\/v2\/types\/product"}],"wp:featuredmedia":[{"embeddable":true,"href":"https:\/\/ajupe.com.uy\/web\/wp-json\/wp\/v2\/media\/2095"}],"wp:attachment":[{"href":"https:\/\/ajupe.com.uy\/web\/wp-json\/wp\/v2\/media?parent=2094"}],"wp:term":[{"taxonomy":"product_brand","embeddable":true,"href":"https:\/\/ajupe.com.uy\/web\/wp-json\/wp\/v2\/product_brand?post=2094"},{"taxonomy":"product_cat","embeddable":true,"href":"https:\/\/ajupe.com.uy\/web\/wp-json\/wp\/v2\/product_cat?post=2094"},{"taxonomy":"product_tag","embeddable":true,"href":"https:\/\/ajupe.com.uy\/web\/wp-json\/wp\/v2\/product_tag?post=2094"}],"curies":[{"name":"wp","href":"https:\/\/api.w.org\/{rel}","templated":true}]}}