{"id":2096,"date":"2010-07-14T00:00:00","date_gmt":"2010-07-14T03:00:00","guid":{"rendered":"http:\/\/ajupe.com.uy\/web\/?post_type=product&#038;p=2096"},"modified":"2011-09-19T19:08:13","modified_gmt":"2011-09-19T22:08:13","slug":"historia-de-la-fotografia-en-el-uruguay","status":"publish","type":"product","link":"https:\/\/ajupe.com.uy\/web\/biblioteca\/historia-de-la-fotografia-en-el-uruguay\/","title":{"rendered":"Historia de la Fotograf\u00eda en el Uruguay"},"content":{"rendered":"<p>La fotograf\u00eda, desde el lejano daguerrotipo (1840) hasta la \u00e9poca actual, testimoni\u00f3 los m\u00e1s diversos avatares de nuestra sociedad: desde las guerras civiles y otros hechos sobresalientes de nuestra historia, hasta bautismos, casamiento y las cl\u00e1sicas fotos \u00abde estudio\u00bb que registraron en forma indeleble la memoria de la ciudad y sus habitantes. Esta \u00abHistoria\u00bb, que incluye cerca de 250 reproducciones, est\u00e1 dedicada a los fot\u00f3grafos de Montevideo. Un segundo tomo, en preparaci\u00f3n, abarcar\u00e1 a los fot\u00f3grafos del resto del pa\u00eds. El descubrimiento de la fotograf\u00eda abri\u00f3 definitivamente las puertas a la era de la imagen.En este libro se pone el acento en la imagen como uno de los protagonistas de nuestra cultura y, en ese sentido, se destaca especialmente su valor como documento hist\u00f3rico. El autor enfoca la historia del nuevo arte a trav\u00e9s de sus personajes representativos, a los que analiza a partir de los distintos estilos: profesionales (los fot\u00f3grafos comerciales), aficionados (socios de fotoclubes e interesados en general), fot\u00f3grafos de prensa, y aquellos que denomina artistas fotogr\u00e1ficos.<\/p>\n","protected":false},"excerpt":{"rendered":"<p>La fotograf\u00eda, desde el lejano daguerrotipo (1840) hasta la \u00e9poca actual, testimoni\u00f3 los m\u00e1s diversos avatares de nuestra sociedad: desde las guerras civiles y otros hechos sobresalientes de nuestra historia, hasta bautismos, casamiento y las cl\u00e1sicas fot<\/p>\n","protected":false},"featured_media":2097,"template":"","meta":[],"product_brand":[526],"product_cat":[45],"product_tag":[],"class_list":{"0":"post-2096","1":"product","2":"type-product","3":"status-publish","4":"has-post-thumbnail","6":"product_brand-juan-antonio-varese","7":"product_cat-uruguayo","9":"first","10":"instock","11":"purchasable","12":"product-type-simple"},"featured_image_urls_v2":{"full":["https:\/\/ajupe.com.uy\/web\/wp-content\/uploads\/2016\/04\/p-2096-7443.jpg",988,1390,false],"thumbnail":["https:\/\/ajupe.com.uy\/web\/wp-content\/uploads\/2016\/04\/p-2096-7443.jpg",150,150,true],"medium":["https:\/\/ajupe.com.uy\/web\/wp-content\/uploads\/2016\/04\/p-2096-7443.jpg",300,214,true],"medium_large":["https:\/\/ajupe.com.uy\/web\/wp-content\/uploads\/2016\/04\/p-2096-7443.jpg",768,1080,false],"large":["https:\/\/ajupe.com.uy\/web\/wp-content\/uploads\/2016\/04\/p-2096-7443.jpg",728,1024,false],"1536x1536":["https:\/\/ajupe.com.uy\/web\/wp-content\/uploads\/2016\/04\/p-2096-7443.jpg",988,1390,false],"2048x2048":["https:\/\/ajupe.com.uy\/web\/wp-content\/uploads\/2016\/04\/p-2096-7443.jpg",988,1390,false],"woocommerce_archive_thumbnail":["https:\/\/ajupe.com.uy\/web\/wp-content\/uploads\/2016\/04\/p-2096-7443-300x450.jpg",300,450,true],"woocommerce_thumbnail":["https:\/\/ajupe.com.uy\/web\/wp-content\/uploads\/2016\/04\/p-2096-7443-300x300.jpg",300,300,true],"woocommerce_single":["https:\/\/ajupe.com.uy\/web\/wp-content\/uploads\/2016\/04\/p-2096-7443-300x422.jpg",300,422,true],"woocommerce_gallery_thumbnail":["https:\/\/ajupe.com.uy\/web\/wp-content\/uploads\/2016\/04\/p-2096-7443-100x100.jpg",100,100,true]},"post_excerpt_stackable_v2":"<p>La fotograf\u00eda, desde el lejano daguerrotipo (1840) hasta la \u00e9poca actual, testimoni\u00f3 los m\u00e1s diversos avatares de nuestra sociedad: desde las guerras civiles y otros hechos sobresalientes de nuestra historia, hasta bautismos, casamiento y las cl\u00e1sicas fot<\/p>\n","category_list_v2":"","author_info_v2":{"name":"","url":""},"comments_num_v2":"0 comentarios","_links":{"self":[{"href":"https:\/\/ajupe.com.uy\/web\/wp-json\/wp\/v2\/product\/2096","targetHints":{"allow":["GET"]}}],"collection":[{"href":"https:\/\/ajupe.com.uy\/web\/wp-json\/wp\/v2\/product"}],"about":[{"href":"https:\/\/ajupe.com.uy\/web\/wp-json\/wp\/v2\/types\/product"}],"wp:featuredmedia":[{"embeddable":true,"href":"https:\/\/ajupe.com.uy\/web\/wp-json\/wp\/v2\/media\/2097"}],"wp:attachment":[{"href":"https:\/\/ajupe.com.uy\/web\/wp-json\/wp\/v2\/media?parent=2096"}],"wp:term":[{"taxonomy":"product_brand","embeddable":true,"href":"https:\/\/ajupe.com.uy\/web\/wp-json\/wp\/v2\/product_brand?post=2096"},{"taxonomy":"product_cat","embeddable":true,"href":"https:\/\/ajupe.com.uy\/web\/wp-json\/wp\/v2\/product_cat?post=2096"},{"taxonomy":"product_tag","embeddable":true,"href":"https:\/\/ajupe.com.uy\/web\/wp-json\/wp\/v2\/product_tag?post=2096"}],"curies":[{"name":"wp","href":"https:\/\/api.w.org\/{rel}","templated":true}]}}