{"id":2100,"date":"2010-07-14T00:00:00","date_gmt":"2010-07-14T03:00:00","guid":{"rendered":"http:\/\/ajupe.com.uy\/web\/?post_type=product&#038;p=2100"},"modified":"2011-09-16T17:43:08","modified_gmt":"2011-09-16T20:43:08","slug":"cartas-desde-la-prision","status":"publish","type":"product","link":"https:\/\/ajupe.com.uy\/web\/biblioteca\/cartas-desde-la-prision\/","title":{"rendered":"Cartas desde la prisi\u00f3n"},"content":{"rendered":"<p>140 pp. Colecci\u00f3n Libertad y Cambio dirigida por Eduardo Goligorsky. Pr\u00f3logo de Raymond Jean. T\u00edtulo del original franc\u00e9s: Lettres de Prison. Traducci\u00f3n: Alicia Dujovne Ortiz. \u00abEl diario de una angustia\u00bb, ha llamado Raymond Jean a estas cartas. Una vez m\u00e1s, la historia de un amor aplastado por las convenciones, que debe terminar en tragedia. Pero dif\u00edcilmente podr\u00eda concebirse un marco m\u00e1s contempor\u00e1neo: la rebeli\u00f3n estudiantil francesa de mayo de 1968. En ese clima, dos seres ligados por una relaci\u00f3n intensa y plena, y que adem\u00e1s comparten el modo de concebir la libertad y la justicia, se niegan a -ocultar su v\u00ednculo, a darle un car\u00e1cter clandestino. La \u00abbuena sociedad\u00bb, que no puede tolerar una pasi\u00f3n semejante entre una profesora y su alumno, se pone en marcha y empuja implacablemente a la mujer hasta el l\u00edmite de su resistencia. Este es un testimonio contra esa \u00abbuena sociedad\u00bb que no conoce m\u00e1s respuesta que el ensa\u00f1amiento, y que se ensa\u00f1a porque est\u00e1 profundamente enferma.<\/p>\n","protected":false},"excerpt":{"rendered":"<p>140 pp. Colecci\u00f3n Libertad y Cambio dirigida por Eduardo Goligorsky. Pr\u00f3logo de Raymond Jean. T\u00edtulo del original franc\u00e9s: Lettres de Prison. Traducci\u00f3n: Alicia Dujovne Ortiz. \u00abEl diario de una angustia\u00bb, ha llamado Raymond Jean a estas cartas.<\/p>\n","protected":false},"featured_media":2101,"template":"","meta":[],"product_brand":[660],"product_cat":[47],"product_tag":[],"class_list":{"0":"post-2100","1":"product","2":"type-product","3":"status-publish","4":"has-post-thumbnail","6":"product_brand-gabrielle-russier","7":"product_cat-ensayo","9":"first","10":"instock","11":"purchasable","12":"product-type-simple"},"featured_image_urls_v2":{"full":["https:\/\/ajupe.com.uy\/web\/wp-content\/uploads\/2016\/04\/p-2100-7446.jpg",620,400,false],"thumbnail":["https:\/\/ajupe.com.uy\/web\/wp-content\/uploads\/2016\/04\/p-2100-7446.jpg",150,150,true],"medium":["https:\/\/ajupe.com.uy\/web\/wp-content\/uploads\/2016\/04\/p-2100-7446.jpg",300,214,true],"medium_large":["https:\/\/ajupe.com.uy\/web\/wp-content\/uploads\/2016\/04\/p-2100-7446.jpg",620,400,false],"large":["https:\/\/ajupe.com.uy\/web\/wp-content\/uploads\/2016\/04\/p-2100-7446.jpg",620,400,false],"1536x1536":["https:\/\/ajupe.com.uy\/web\/wp-content\/uploads\/2016\/04\/p-2100-7446.jpg",620,400,false],"2048x2048":["https:\/\/ajupe.com.uy\/web\/wp-content\/uploads\/2016\/04\/p-2100-7446.jpg",620,400,false],"woocommerce_archive_thumbnail":["https:\/\/ajupe.com.uy\/web\/wp-content\/uploads\/2016\/04\/p-2100-7446-300x400.jpg",300,400,true],"woocommerce_thumbnail":["https:\/\/ajupe.com.uy\/web\/wp-content\/uploads\/2016\/04\/p-2100-7446-300x300.jpg",300,300,true],"woocommerce_single":["https:\/\/ajupe.com.uy\/web\/wp-content\/uploads\/2016\/04\/p-2100-7446-300x194.jpg",300,194,true],"woocommerce_gallery_thumbnail":["https:\/\/ajupe.com.uy\/web\/wp-content\/uploads\/2016\/04\/p-2100-7446-100x100.jpg",100,100,true]},"post_excerpt_stackable_v2":"<p>140 pp. Colecci\u00f3n Libertad y Cambio dirigida por Eduardo Goligorsky. Pr\u00f3logo de Raymond Jean. T\u00edtulo del original franc\u00e9s: Lettres de Prison. Traducci\u00f3n: Alicia Dujovne Ortiz. \u00abEl diario de una angustia\u00bb, ha llamado Raymond Jean a estas cartas.<\/p>\n","category_list_v2":"","author_info_v2":{"name":"","url":""},"comments_num_v2":"0 comentarios","_links":{"self":[{"href":"https:\/\/ajupe.com.uy\/web\/wp-json\/wp\/v2\/product\/2100","targetHints":{"allow":["GET"]}}],"collection":[{"href":"https:\/\/ajupe.com.uy\/web\/wp-json\/wp\/v2\/product"}],"about":[{"href":"https:\/\/ajupe.com.uy\/web\/wp-json\/wp\/v2\/types\/product"}],"wp:featuredmedia":[{"embeddable":true,"href":"https:\/\/ajupe.com.uy\/web\/wp-json\/wp\/v2\/media\/2101"}],"wp:attachment":[{"href":"https:\/\/ajupe.com.uy\/web\/wp-json\/wp\/v2\/media?parent=2100"}],"wp:term":[{"taxonomy":"product_brand","embeddable":true,"href":"https:\/\/ajupe.com.uy\/web\/wp-json\/wp\/v2\/product_brand?post=2100"},{"taxonomy":"product_cat","embeddable":true,"href":"https:\/\/ajupe.com.uy\/web\/wp-json\/wp\/v2\/product_cat?post=2100"},{"taxonomy":"product_tag","embeddable":true,"href":"https:\/\/ajupe.com.uy\/web\/wp-json\/wp\/v2\/product_tag?post=2100"}],"curies":[{"name":"wp","href":"https:\/\/api.w.org\/{rel}","templated":true}]}}