{"id":2118,"date":"2010-07-14T00:00:00","date_gmt":"2010-07-14T03:00:00","guid":{"rendered":"http:\/\/ajupe.com.uy\/web\/?post_type=product&#038;p=2118"},"modified":"2011-09-19T17:27:33","modified_gmt":"2011-09-19T20:27:33","slug":"ltimo-recurso","status":"publish","type":"product","link":"https:\/\/ajupe.com.uy\/web\/biblioteca\/ltimo-recurso\/","title":{"rendered":"\u00daltimo recurso"},"content":{"rendered":"<p>Despu\u00e9s de tres a\u00f1os de retiro, Harry Bosch est\u00e1 de vuelta en la unidad de Casos Abiertos del Departamento de Polic\u00eda de Los \u00c1ngeles. Trabajando de nuevo con su antigua compa\u00f1era KizRider, intentar\u00e1 cerrar algunos casos no resueltos. Rebecca Verloren, una joven mestiza, fue brutalmente asesinada diecisiete a\u00f1os atr\u00e1s. Las nuevas tecnolog\u00edas han permitido extraer el ADN de una muestra de sangre hallada en el rev\u00f3lver Colt 45 utilizado para cometer el cr\u00edmen. La sangre corresponde a Mackey, un hombre que forma parte de un grupo de supremacistas blancos, lo cual les hace sospechar que el m\u00f3vil del cr\u00edmen ha sido racial.<\/p>\n","protected":false},"excerpt":{"rendered":"<p>Despu\u00e9s de tres a\u00f1os de retiro, Harry Bosch est\u00e1 de vuelta en la unidad de Casos Abiertos del Departamento de Polic\u00eda de Los \u00c1ngeles. Trabajando de nuevo con su antigua compa\u00f1era KizRider, intentar\u00e1 cerrar algunos casos no resueltos. Rebecca Verloren, una<\/p>\n","protected":false},"featured_media":2119,"template":"","meta":[],"product_brand":[384],"product_cat":[30],"product_tag":[],"class_list":{"0":"post-2118","1":"product","2":"type-product","3":"status-publish","4":"has-post-thumbnail","6":"product_brand-michael-connelly","7":"product_cat-suspenso","9":"first","10":"instock","11":"purchasable","12":"product-type-simple"},"featured_image_urls_v2":{"full":["https:\/\/ajupe.com.uy\/web\/wp-content\/uploads\/2016\/04\/p-2118-7457.jpg",220,353,false],"thumbnail":["https:\/\/ajupe.com.uy\/web\/wp-content\/uploads\/2016\/04\/p-2118-7457.jpg",150,150,true],"medium":["https:\/\/ajupe.com.uy\/web\/wp-content\/uploads\/2016\/04\/p-2118-7457.jpg",300,214,true],"medium_large":["https:\/\/ajupe.com.uy\/web\/wp-content\/uploads\/2016\/04\/p-2118-7457.jpg",220,353,false],"large":["https:\/\/ajupe.com.uy\/web\/wp-content\/uploads\/2016\/04\/p-2118-7457.jpg",220,353,false],"1536x1536":["https:\/\/ajupe.com.uy\/web\/wp-content\/uploads\/2016\/04\/p-2118-7457.jpg",220,353,false],"2048x2048":["https:\/\/ajupe.com.uy\/web\/wp-content\/uploads\/2016\/04\/p-2118-7457.jpg",220,353,false],"woocommerce_archive_thumbnail":["https:\/\/ajupe.com.uy\/web\/wp-content\/uploads\/2016\/04\/p-2118-7457-220x300.jpg",220,300,true],"woocommerce_thumbnail":["https:\/\/ajupe.com.uy\/web\/wp-content\/uploads\/2016\/04\/p-2118-7457-220x300.jpg",220,300,true],"woocommerce_single":["https:\/\/ajupe.com.uy\/web\/wp-content\/uploads\/2016\/04\/p-2118-7457.jpg",220,353,false],"woocommerce_gallery_thumbnail":["https:\/\/ajupe.com.uy\/web\/wp-content\/uploads\/2016\/04\/p-2118-7457-100x100.jpg",100,100,true]},"post_excerpt_stackable_v2":"<p>Despu\u00e9s de tres a\u00f1os de retiro, Harry Bosch est\u00e1 de vuelta en la unidad de Casos Abiertos del Departamento de Polic\u00eda de Los \u00c1ngeles. Trabajando de nuevo con su antigua compa\u00f1era KizRider, intentar\u00e1 cerrar algunos casos no resueltos. Rebecca Verloren, una<\/p>\n","category_list_v2":"","author_info_v2":{"name":"","url":""},"comments_num_v2":"0 comentarios","_links":{"self":[{"href":"https:\/\/ajupe.com.uy\/web\/wp-json\/wp\/v2\/product\/2118","targetHints":{"allow":["GET"]}}],"collection":[{"href":"https:\/\/ajupe.com.uy\/web\/wp-json\/wp\/v2\/product"}],"about":[{"href":"https:\/\/ajupe.com.uy\/web\/wp-json\/wp\/v2\/types\/product"}],"wp:featuredmedia":[{"embeddable":true,"href":"https:\/\/ajupe.com.uy\/web\/wp-json\/wp\/v2\/media\/2119"}],"wp:attachment":[{"href":"https:\/\/ajupe.com.uy\/web\/wp-json\/wp\/v2\/media?parent=2118"}],"wp:term":[{"taxonomy":"product_brand","embeddable":true,"href":"https:\/\/ajupe.com.uy\/web\/wp-json\/wp\/v2\/product_brand?post=2118"},{"taxonomy":"product_cat","embeddable":true,"href":"https:\/\/ajupe.com.uy\/web\/wp-json\/wp\/v2\/product_cat?post=2118"},{"taxonomy":"product_tag","embeddable":true,"href":"https:\/\/ajupe.com.uy\/web\/wp-json\/wp\/v2\/product_tag?post=2118"}],"curies":[{"name":"wp","href":"https:\/\/api.w.org\/{rel}","templated":true}]}}