{"id":2120,"date":"2010-07-14T00:00:00","date_gmt":"2010-07-14T03:00:00","guid":{"rendered":"http:\/\/ajupe.com.uy\/web\/?post_type=product&#038;p=2120"},"modified":"2011-09-19T17:26:23","modified_gmt":"2011-09-19T20:26:23","slug":"el-sueno-mas-dulce","status":"publish","type":"product","link":"https:\/\/ajupe.com.uy\/web\/biblioteca\/el-sueno-mas-dulce\/","title":{"rendered":"El sue\u00f1o m\u00e1s dulce"},"content":{"rendered":"<p>La \u00faltima novela de la ganadora del premio Pr\u00edncipe de Asturias 2001. Una pol\u00e9mica revisi\u00f3n de la d\u00e9cada de los sesenta. Doris Lessing renunci\u00f3 a redactar el tercer volumen de su autobiograf\u00eda para no \u201cperjudicar a personas vulnerables\u201d y ha escrito una maravillosa y radical obra cr\u00edtica en la que, a trav\u00e9s de las vidas de un grupo de j\u00f3venes inconformistas, plasma una \u00e9poca, heredera de dos guerras mundiales, floreciente en nuevas actitudes ante la vida.<\/p>\n","protected":false},"excerpt":{"rendered":"<p>La \u00faltima novela de la ganadora del premio Pr\u00edncipe de Asturias 2001. Una pol\u00e9mica revisi\u00f3n de la d\u00e9cada de los sesenta. Doris Lessing renunci\u00f3 a redactar el tercer volumen de su autobiograf\u00eda para no \u201cperjudicar a personas vulnerables\u201d y ha escrito una m<\/p>\n","protected":false},"featured_media":2121,"template":"","meta":[],"product_brand":[120],"product_cat":[29],"product_tag":[],"class_list":{"0":"post-2120","1":"product","2":"type-product","3":"status-publish","4":"has-post-thumbnail","6":"product_brand-doris-lessing","7":"product_cat-novela","9":"first","10":"instock","11":"purchasable","12":"product-type-simple"},"featured_image_urls_v2":{"full":["https:\/\/ajupe.com.uy\/web\/wp-content\/uploads\/2016\/04\/p-2120-7458.jpg",180,289,false],"thumbnail":["https:\/\/ajupe.com.uy\/web\/wp-content\/uploads\/2016\/04\/p-2120-7458.jpg",150,150,true],"medium":["https:\/\/ajupe.com.uy\/web\/wp-content\/uploads\/2016\/04\/p-2120-7458.jpg",300,214,true],"medium_large":["https:\/\/ajupe.com.uy\/web\/wp-content\/uploads\/2016\/04\/p-2120-7458.jpg",180,289,false],"large":["https:\/\/ajupe.com.uy\/web\/wp-content\/uploads\/2016\/04\/p-2120-7458.jpg",180,289,false],"1536x1536":["https:\/\/ajupe.com.uy\/web\/wp-content\/uploads\/2016\/04\/p-2120-7458.jpg",180,289,false],"2048x2048":["https:\/\/ajupe.com.uy\/web\/wp-content\/uploads\/2016\/04\/p-2120-7458.jpg",180,289,false],"woocommerce_archive_thumbnail":["https:\/\/ajupe.com.uy\/web\/wp-content\/uploads\/2016\/04\/p-2120-7458.jpg",180,289,false],"woocommerce_thumbnail":["https:\/\/ajupe.com.uy\/web\/wp-content\/uploads\/2016\/04\/p-2120-7458.jpg",180,289,false],"woocommerce_single":["https:\/\/ajupe.com.uy\/web\/wp-content\/uploads\/2016\/04\/p-2120-7458.jpg",180,289,false],"woocommerce_gallery_thumbnail":["https:\/\/ajupe.com.uy\/web\/wp-content\/uploads\/2016\/04\/p-2120-7458-100x100.jpg",100,100,true]},"post_excerpt_stackable_v2":"<p>La \u00faltima novela de la ganadora del premio Pr\u00edncipe de Asturias 2001. Una pol\u00e9mica revisi\u00f3n de la d\u00e9cada de los sesenta. Doris Lessing renunci\u00f3 a redactar el tercer volumen de su autobiograf\u00eda para no \u201cperjudicar a personas vulnerables\u201d y ha escrito una m<\/p>\n","category_list_v2":"","author_info_v2":{"name":"","url":""},"comments_num_v2":"0 comentarios","_links":{"self":[{"href":"https:\/\/ajupe.com.uy\/web\/wp-json\/wp\/v2\/product\/2120","targetHints":{"allow":["GET"]}}],"collection":[{"href":"https:\/\/ajupe.com.uy\/web\/wp-json\/wp\/v2\/product"}],"about":[{"href":"https:\/\/ajupe.com.uy\/web\/wp-json\/wp\/v2\/types\/product"}],"wp:featuredmedia":[{"embeddable":true,"href":"https:\/\/ajupe.com.uy\/web\/wp-json\/wp\/v2\/media\/2121"}],"wp:attachment":[{"href":"https:\/\/ajupe.com.uy\/web\/wp-json\/wp\/v2\/media?parent=2120"}],"wp:term":[{"taxonomy":"product_brand","embeddable":true,"href":"https:\/\/ajupe.com.uy\/web\/wp-json\/wp\/v2\/product_brand?post=2120"},{"taxonomy":"product_cat","embeddable":true,"href":"https:\/\/ajupe.com.uy\/web\/wp-json\/wp\/v2\/product_cat?post=2120"},{"taxonomy":"product_tag","embeddable":true,"href":"https:\/\/ajupe.com.uy\/web\/wp-json\/wp\/v2\/product_tag?post=2120"}],"curies":[{"name":"wp","href":"https:\/\/api.w.org\/{rel}","templated":true}]}}