{"id":2126,"date":"2010-07-14T00:00:00","date_gmt":"2010-07-14T03:00:00","guid":{"rendered":"http:\/\/ajupe.com.uy\/web\/?post_type=product&#038;p=2126"},"modified":"2011-09-19T17:21:48","modified_gmt":"2011-09-19T20:21:48","slug":"la-habitacion-de-mbar","status":"publish","type":"product","link":"https:\/\/ajupe.com.uy\/web\/biblioteca\/la-habitacion-de-mbar\/","title":{"rendered":"La habitaci\u00f3n de \u00c1mbar"},"content":{"rendered":"<p>La Habitaci\u00f3n de \u00c1mbar es uno de los mayores tesoros creados por el hombre. Los alemanes se hicieron con ella en 1941. Cuando los Aliados comenzaron los bombardeos fue ocultada y se convirti\u00f3 en un misterio que perdura hasta nuestros d\u00edas. A la juez RachelCutler le encantan su trabajo y sus hijos, y mantiene una relaci\u00f3n civilizada con su ex marido Paul. Todo cambia cuando su padre muere en misteriosas cir-cunstancias, dejando pistas acerca de un secreto llamado \u00abla Habitaci\u00f3n de \u00c1mbar\u00bb. Desesperada por descubrir la verdad, Rachel viaja a Alemania seguida de cerca por Paul, donde los dos chocan contra las fuerzas de la avaricia, el poder y la misma Historia.Steve Berry nos ofrece con La Habitaci\u00f3n de \u00c1mbar un thriller hist\u00f3rico donde el misterio y los asesinatos se suceden a un ritmo fren\u00e9tico.<\/p>\n","protected":false},"excerpt":{"rendered":"<p>La Habitaci\u00f3n de \u00c1mbar es uno de los mayores tesoros creados por el hombre. Los alemanes se hicieron con ella en 1941. Cuando los Aliados comenzaron los bombardeos fue ocultada y se convirti\u00f3 en un misterio que perdura hasta nuestros d\u00edas. A la juez Rache<\/p>\n","protected":false},"featured_media":2127,"template":"","meta":[],"product_brand":[896],"product_cat":[30],"product_tag":[],"class_list":{"0":"post-2126","1":"product","2":"type-product","3":"status-publish","4":"has-post-thumbnail","6":"product_brand-steven-erikson","7":"product_cat-suspenso","9":"first","10":"instock","11":"purchasable","12":"product-type-simple"},"featured_image_urls_v2":{"full":["https:\/\/ajupe.com.uy\/web\/wp-content\/uploads\/2016\/04\/p-2126-7462.jpg",300,445,false],"thumbnail":["https:\/\/ajupe.com.uy\/web\/wp-content\/uploads\/2016\/04\/p-2126-7462.jpg",150,150,true],"medium":["https:\/\/ajupe.com.uy\/web\/wp-content\/uploads\/2016\/04\/p-2126-7462.jpg",300,214,true],"medium_large":["https:\/\/ajupe.com.uy\/web\/wp-content\/uploads\/2016\/04\/p-2126-7462.jpg",300,445,false],"large":["https:\/\/ajupe.com.uy\/web\/wp-content\/uploads\/2016\/04\/p-2126-7462.jpg",300,445,false],"1536x1536":["https:\/\/ajupe.com.uy\/web\/wp-content\/uploads\/2016\/04\/p-2126-7462.jpg",300,445,false],"2048x2048":["https:\/\/ajupe.com.uy\/web\/wp-content\/uploads\/2016\/04\/p-2126-7462.jpg",300,445,false],"woocommerce_archive_thumbnail":["https:\/\/ajupe.com.uy\/web\/wp-content\/uploads\/2016\/04\/p-2126-7462-300x400.jpg",300,400,true],"woocommerce_thumbnail":["https:\/\/ajupe.com.uy\/web\/wp-content\/uploads\/2016\/04\/p-2126-7462-300x300.jpg",300,300,true],"woocommerce_single":["https:\/\/ajupe.com.uy\/web\/wp-content\/uploads\/2016\/04\/p-2126-7462.jpg",300,445,false],"woocommerce_gallery_thumbnail":["https:\/\/ajupe.com.uy\/web\/wp-content\/uploads\/2016\/04\/p-2126-7462-100x100.jpg",100,100,true]},"post_excerpt_stackable_v2":"<p>La Habitaci\u00f3n de \u00c1mbar es uno de los mayores tesoros creados por el hombre. Los alemanes se hicieron con ella en 1941. Cuando los Aliados comenzaron los bombardeos fue ocultada y se convirti\u00f3 en un misterio que perdura hasta nuestros d\u00edas. A la juez Rache<\/p>\n","category_list_v2":"","author_info_v2":{"name":"","url":""},"comments_num_v2":"0 comentarios","_links":{"self":[{"href":"https:\/\/ajupe.com.uy\/web\/wp-json\/wp\/v2\/product\/2126","targetHints":{"allow":["GET"]}}],"collection":[{"href":"https:\/\/ajupe.com.uy\/web\/wp-json\/wp\/v2\/product"}],"about":[{"href":"https:\/\/ajupe.com.uy\/web\/wp-json\/wp\/v2\/types\/product"}],"wp:featuredmedia":[{"embeddable":true,"href":"https:\/\/ajupe.com.uy\/web\/wp-json\/wp\/v2\/media\/2127"}],"wp:attachment":[{"href":"https:\/\/ajupe.com.uy\/web\/wp-json\/wp\/v2\/media?parent=2126"}],"wp:term":[{"taxonomy":"product_brand","embeddable":true,"href":"https:\/\/ajupe.com.uy\/web\/wp-json\/wp\/v2\/product_brand?post=2126"},{"taxonomy":"product_cat","embeddable":true,"href":"https:\/\/ajupe.com.uy\/web\/wp-json\/wp\/v2\/product_cat?post=2126"},{"taxonomy":"product_tag","embeddable":true,"href":"https:\/\/ajupe.com.uy\/web\/wp-json\/wp\/v2\/product_tag?post=2126"}],"curies":[{"name":"wp","href":"https:\/\/api.w.org\/{rel}","templated":true}]}}