{"id":2132,"date":"2010-07-14T00:00:00","date_gmt":"2010-07-14T03:00:00","guid":{"rendered":"http:\/\/ajupe.com.uy\/web\/?post_type=product&#038;p=2132"},"modified":"2011-09-19T17:18:32","modified_gmt":"2011-09-19T20:18:32","slug":"la-adopcion-y-otros-relatos","status":"publish","type":"product","link":"https:\/\/ajupe.com.uy\/web\/biblioteca\/la-adopcion-y-otros-relatos\/","title":{"rendered":"La Adopci\u00f3n Y Otros Relatos"},"content":{"rendered":"<p>Los cuentos y narraciones escogidos por la autora para esta Antolog\u00eda Personal, ilustran una larga trayectoria creadora que abarca \u2013 hasta la actualidad- m\u00e1s de cuatro d\u00e9cadas. Marcan, al mismo tiempo, la vigencia de una escritora de cuidado estilo cuya obra se inscribe en lo mejor de la tradici\u00f3n de la literatura uruguaya.El poeta Washington Benavides reconoce en Sylvia Lago a \u201c una notable narradora cuya producci\u00f3n cuent\u00edstica y novel\u00edstica la revelan due\u00f1a de un estilo de singular eficacia, que oscila sin esfuerzo entre la expresi\u00f3n m\u00e1s directa y las elaboraciones m\u00e1s refinadas de un lenguaje rico en experimentaci\u00f3n y osad\u00eda.\u201dEl lector se encontrar\u00e1 frente a \u201c un amplio fresco de la sociedad de la \u00e9poca, desde el mundo de las relaciones familiares y el sexo, visto con un agudo poder de disecci\u00f3n, hasta los avatares de los a\u00f1os de represi\u00f3n\u201d.En cuanto a su estilo, el cr\u00edtico espa\u00f1ol Luis Alonso Girgado destaca \u201c una labor de orfebrer\u00eda, un repujado verbal encendido de sensorialismo, con una l\u00ednea que va del sensualismo a un abierto y refinado erotismo\u201d.<\/p>\n","protected":false},"excerpt":{"rendered":"<p>Los cuentos y narraciones escogidos por la autora para esta Antolog\u00eda Personal, ilustran una larga trayectoria creadora que abarca \u2013 hasta la actualidad- m\u00e1s de cuatro d\u00e9cadas. Marcan, al mismo tiempo, la vigencia de una escritora de cuidado estilo cuya o<\/p>\n","protected":false},"featured_media":2133,"template":"","meta":[],"product_brand":[907],"product_cat":[33],"product_tag":[],"class_list":{"0":"post-2132","1":"product","2":"type-product","3":"status-publish","4":"has-post-thumbnail","6":"product_brand-takashi-matsuoka","7":"product_cat-cuentos","9":"first","10":"instock","11":"purchasable","12":"product-type-simple"},"featured_image_urls_v2":{"full":["https:\/\/ajupe.com.uy\/web\/wp-content\/uploads\/2016\/05\/p-2132-7467.jpg",100,100,false],"thumbnail":["https:\/\/ajupe.com.uy\/web\/wp-content\/uploads\/2016\/05\/p-2132-7467.jpg",150,150,true],"medium":["https:\/\/ajupe.com.uy\/web\/wp-content\/uploads\/2016\/05\/p-2132-7467.jpg",300,214,true],"medium_large":["https:\/\/ajupe.com.uy\/web\/wp-content\/uploads\/2016\/05\/p-2132-7467.jpg",100,100,false],"large":["https:\/\/ajupe.com.uy\/web\/wp-content\/uploads\/2016\/05\/p-2132-7467.jpg",100,100,false],"1536x1536":["https:\/\/ajupe.com.uy\/web\/wp-content\/uploads\/2016\/05\/p-2132-7467.jpg",100,100,false],"2048x2048":["https:\/\/ajupe.com.uy\/web\/wp-content\/uploads\/2016\/05\/p-2132-7467.jpg",100,100,false],"woocommerce_archive_thumbnail":["https:\/\/ajupe.com.uy\/web\/wp-content\/uploads\/2016\/05\/p-2132-7467.jpg",100,100,false],"woocommerce_thumbnail":["https:\/\/ajupe.com.uy\/web\/wp-content\/uploads\/2016\/05\/p-2132-7467.jpg",100,100,false],"woocommerce_single":["https:\/\/ajupe.com.uy\/web\/wp-content\/uploads\/2016\/05\/p-2132-7467.jpg",100,100,false],"woocommerce_gallery_thumbnail":["https:\/\/ajupe.com.uy\/web\/wp-content\/uploads\/2016\/05\/p-2132-7467.jpg",100,100,false]},"post_excerpt_stackable_v2":"<p>Los cuentos y narraciones escogidos por la autora para esta Antolog\u00eda Personal, ilustran una larga trayectoria creadora que abarca \u2013 hasta la actualidad- m\u00e1s de cuatro d\u00e9cadas. Marcan, al mismo tiempo, la vigencia de una escritora de cuidado estilo cuya o<\/p>\n","category_list_v2":"","author_info_v2":{"name":"","url":""},"comments_num_v2":"0 comentarios","_links":{"self":[{"href":"https:\/\/ajupe.com.uy\/web\/wp-json\/wp\/v2\/product\/2132","targetHints":{"allow":["GET"]}}],"collection":[{"href":"https:\/\/ajupe.com.uy\/web\/wp-json\/wp\/v2\/product"}],"about":[{"href":"https:\/\/ajupe.com.uy\/web\/wp-json\/wp\/v2\/types\/product"}],"wp:featuredmedia":[{"embeddable":true,"href":"https:\/\/ajupe.com.uy\/web\/wp-json\/wp\/v2\/media\/2133"}],"wp:attachment":[{"href":"https:\/\/ajupe.com.uy\/web\/wp-json\/wp\/v2\/media?parent=2132"}],"wp:term":[{"taxonomy":"product_brand","embeddable":true,"href":"https:\/\/ajupe.com.uy\/web\/wp-json\/wp\/v2\/product_brand?post=2132"},{"taxonomy":"product_cat","embeddable":true,"href":"https:\/\/ajupe.com.uy\/web\/wp-json\/wp\/v2\/product_cat?post=2132"},{"taxonomy":"product_tag","embeddable":true,"href":"https:\/\/ajupe.com.uy\/web\/wp-json\/wp\/v2\/product_tag?post=2132"}],"curies":[{"name":"wp","href":"https:\/\/api.w.org\/{rel}","templated":true}]}}