{"id":2144,"date":"2010-07-14T00:00:00","date_gmt":"2010-07-14T03:00:00","guid":{"rendered":"http:\/\/ajupe.com.uy\/web\/?post_type=product&#038;p=2144"},"modified":"2011-09-05T16:51:02","modified_gmt":"2011-09-05T19:51:02","slug":"la-cazadora-de-astros","status":"publish","type":"product","link":"https:\/\/ajupe.com.uy\/web\/biblioteca\/la-cazadora-de-astros\/","title":{"rendered":"La cazadora de astros"},"content":{"rendered":"<p>Una escritora la catadora de oc\u00e9anos se encuentra en la playa con una enigm\u00e1tica mujer que se hace llamar la cazadora de astros . De regreso descubre que esa mujer es Remedios Varo, una pintora surrealista desaparecida treinta a\u00f1os atr\u00e1s. As\u00ed se inicia esta m\u00e1gica historia donde se cruzan dos vidas separadas en el tiempo pero unidas por el esp\u00edritu.Remedios Varo es una de las grandes artistas de todos los tiempos, que vivi\u00f3 la explosi\u00f3n de las vanguardias en la Espa\u00f1a de los a\u00f1os veinte, comparti\u00f3 las travesuras l\u00fadicas de la Residencia de Estudiantes junto a j\u00f3venes como Salvador Dal\u00ed y, posteriormente, particip\u00f3 con intensidad en los c\u00edrculos surrealistas del Par\u00eds de entreguerras sintiendo el amor y el sexo con la misma libertad que su arte. Huyendo de la ocupaci\u00f3n nazi, recala, como tantos espa\u00f1oles, en el M\u00e9xico de Frida Kahlo, Diego Rivera y de la pintora inglesa Leonora Carrington. Su \u00faltima aventura surrealista, escribiendo cartas a desconocidos elegidos al azar, es la punta del iceberg de una vida a contracorriente de las convenciones.Mientras tanto, la protagonista, inspirada por la experiencia de la creadora espa\u00f1ola, se enfrentar\u00e1 a la violencia de su marido, un escritor venerado por el gobierno cubano. Y a pesar de las barreras que las separan, compartir\u00e1 con Remedios Varo mucho m\u00e1s que sus ansias de libertad.Una evocadora y hermosa novela sobre el amor y el placer, la vigilia y el sue\u00f1o, el tiempo y la memoria, en torno a dos mujeres entrelazadas en el punto exacto donde los astros se zambullen en el mar.<\/p>\n","protected":false},"excerpt":{"rendered":"<p>Una escritora la catadora de oc\u00e9anos se encuentra en la playa con una enigm\u00e1tica mujer que se hace llamar la cazadora de astros . De regreso descubre que esa mujer es Remedios Varo, una pintora surrealista desaparecida treinta a\u00f1os atr\u00e1s. As\u00ed se inicia es<\/p>\n","protected":false},"featured_media":2145,"template":"","meta":[],"product_brand":[941],"product_cat":[29],"product_tag":[],"class_list":{"0":"post-2144","1":"product","2":"type-product","3":"status-publish","4":"has-post-thumbnail","6":"product_brand-zoe-valdes","7":"product_cat-novela","9":"first","10":"instock","11":"purchasable","12":"product-type-simple"},"featured_image_urls_v2":{"full":["https:\/\/ajupe.com.uy\/web\/wp-content\/uploads\/2016\/04\/p-2144-7478.jpg",220,334,false],"thumbnail":["https:\/\/ajupe.com.uy\/web\/wp-content\/uploads\/2016\/04\/p-2144-7478.jpg",150,150,true],"medium":["https:\/\/ajupe.com.uy\/web\/wp-content\/uploads\/2016\/04\/p-2144-7478.jpg",300,214,true],"medium_large":["https:\/\/ajupe.com.uy\/web\/wp-content\/uploads\/2016\/04\/p-2144-7478.jpg",220,334,false],"large":["https:\/\/ajupe.com.uy\/web\/wp-content\/uploads\/2016\/04\/p-2144-7478.jpg",220,334,false],"1536x1536":["https:\/\/ajupe.com.uy\/web\/wp-content\/uploads\/2016\/04\/p-2144-7478.jpg",220,334,false],"2048x2048":["https:\/\/ajupe.com.uy\/web\/wp-content\/uploads\/2016\/04\/p-2144-7478.jpg",220,334,false],"woocommerce_archive_thumbnail":["https:\/\/ajupe.com.uy\/web\/wp-content\/uploads\/2016\/04\/p-2144-7478-220x300.jpg",220,300,true],"woocommerce_thumbnail":["https:\/\/ajupe.com.uy\/web\/wp-content\/uploads\/2016\/04\/p-2144-7478-220x300.jpg",220,300,true],"woocommerce_single":["https:\/\/ajupe.com.uy\/web\/wp-content\/uploads\/2016\/04\/p-2144-7478.jpg",220,334,false],"woocommerce_gallery_thumbnail":["https:\/\/ajupe.com.uy\/web\/wp-content\/uploads\/2016\/04\/p-2144-7478-100x100.jpg",100,100,true]},"post_excerpt_stackable_v2":"<p>Una escritora la catadora de oc\u00e9anos se encuentra en la playa con una enigm\u00e1tica mujer que se hace llamar la cazadora de astros . De regreso descubre que esa mujer es Remedios Varo, una pintora surrealista desaparecida treinta a\u00f1os atr\u00e1s. As\u00ed se inicia es<\/p>\n","category_list_v2":"","author_info_v2":{"name":"","url":""},"comments_num_v2":"0 comentarios","_links":{"self":[{"href":"https:\/\/ajupe.com.uy\/web\/wp-json\/wp\/v2\/product\/2144","targetHints":{"allow":["GET"]}}],"collection":[{"href":"https:\/\/ajupe.com.uy\/web\/wp-json\/wp\/v2\/product"}],"about":[{"href":"https:\/\/ajupe.com.uy\/web\/wp-json\/wp\/v2\/types\/product"}],"wp:featuredmedia":[{"embeddable":true,"href":"https:\/\/ajupe.com.uy\/web\/wp-json\/wp\/v2\/media\/2145"}],"wp:attachment":[{"href":"https:\/\/ajupe.com.uy\/web\/wp-json\/wp\/v2\/media?parent=2144"}],"wp:term":[{"taxonomy":"product_brand","embeddable":true,"href":"https:\/\/ajupe.com.uy\/web\/wp-json\/wp\/v2\/product_brand?post=2144"},{"taxonomy":"product_cat","embeddable":true,"href":"https:\/\/ajupe.com.uy\/web\/wp-json\/wp\/v2\/product_cat?post=2144"},{"taxonomy":"product_tag","embeddable":true,"href":"https:\/\/ajupe.com.uy\/web\/wp-json\/wp\/v2\/product_tag?post=2144"}],"curies":[{"name":"wp","href":"https:\/\/api.w.org\/{rel}","templated":true}]}}