{"id":2150,"date":"2010-07-14T00:00:00","date_gmt":"2010-07-14T03:00:00","guid":{"rendered":"http:\/\/ajupe.com.uy\/web\/?post_type=product&#038;p=2150"},"modified":"2011-09-16T22:14:27","modified_gmt":"2011-09-17T01:14:27","slug":"cuatro-familias-del-siglo-xix","status":"publish","type":"product","link":"https:\/\/ajupe.com.uy\/web\/biblioteca\/cuatro-familias-del-siglo-xix\/","title":{"rendered":"Cuatro Familias Del Siglo XIX"},"content":{"rendered":"<p>He aqu\u00ed una investigaci\u00f3n que rastrea el origen, la vida y actividades, los matrimonios y decencia de cuatro hombres que compartieron los a\u00f1os fundacionales de esta naci\u00f3n que llamamos Rep\u00fablica Oriental del Uruguay.<\/p>\n","protected":false},"excerpt":{"rendered":"<p>He aqu\u00ed una investigaci\u00f3n que rastrea el origen, la vida y actividades, los matrimonios y decencia de cuatro hombres que compartieron los a\u00f1os fundacionales de esta naci\u00f3n que llamamos Rep\u00fablica Oriental del Uruguay.<\/p>\n","protected":false},"featured_media":2151,"template":"","meta":[],"product_brand":[576],"product_cat":[49,31],"product_tag":[],"class_list":{"0":"post-2150","1":"product","2":"type-product","3":"status-publish","4":"has-post-thumbnail","6":"product_brand-beatriz-torrendell-larravide","7":"product_cat-documental","8":"product_cat-historico","10":"first","11":"instock","12":"purchasable","13":"product-type-simple"},"featured_image_urls_v2":{"full":["https:\/\/ajupe.com.uy\/web\/wp-content\/uploads\/2016\/04\/p-2150-7483.jpg",140,200,false],"thumbnail":["https:\/\/ajupe.com.uy\/web\/wp-content\/uploads\/2016\/04\/p-2150-7483.jpg",150,150,true],"medium":["https:\/\/ajupe.com.uy\/web\/wp-content\/uploads\/2016\/04\/p-2150-7483.jpg",300,214,true],"medium_large":["https:\/\/ajupe.com.uy\/web\/wp-content\/uploads\/2016\/04\/p-2150-7483.jpg",140,200,false],"large":["https:\/\/ajupe.com.uy\/web\/wp-content\/uploads\/2016\/04\/p-2150-7483.jpg",140,200,false],"1536x1536":["https:\/\/ajupe.com.uy\/web\/wp-content\/uploads\/2016\/04\/p-2150-7483.jpg",140,200,false],"2048x2048":["https:\/\/ajupe.com.uy\/web\/wp-content\/uploads\/2016\/04\/p-2150-7483.jpg",140,200,false],"woocommerce_archive_thumbnail":["https:\/\/ajupe.com.uy\/web\/wp-content\/uploads\/2016\/04\/p-2150-7483.jpg",140,200,false],"woocommerce_thumbnail":["https:\/\/ajupe.com.uy\/web\/wp-content\/uploads\/2016\/04\/p-2150-7483.jpg",140,200,false],"woocommerce_single":["https:\/\/ajupe.com.uy\/web\/wp-content\/uploads\/2016\/04\/p-2150-7483.jpg",140,200,false],"woocommerce_gallery_thumbnail":["https:\/\/ajupe.com.uy\/web\/wp-content\/uploads\/2016\/04\/p-2150-7483-100x100.jpg",100,100,true]},"post_excerpt_stackable_v2":"<p>He aqu\u00ed una investigaci\u00f3n que rastrea el origen, la vida y actividades, los matrimonios y decencia de cuatro hombres que compartieron los a\u00f1os fundacionales de esta naci\u00f3n que llamamos Rep\u00fablica Oriental del Uruguay.<\/p>\n","category_list_v2":"","author_info_v2":{"name":"","url":""},"comments_num_v2":"0 comentarios","_links":{"self":[{"href":"https:\/\/ajupe.com.uy\/web\/wp-json\/wp\/v2\/product\/2150","targetHints":{"allow":["GET"]}}],"collection":[{"href":"https:\/\/ajupe.com.uy\/web\/wp-json\/wp\/v2\/product"}],"about":[{"href":"https:\/\/ajupe.com.uy\/web\/wp-json\/wp\/v2\/types\/product"}],"wp:featuredmedia":[{"embeddable":true,"href":"https:\/\/ajupe.com.uy\/web\/wp-json\/wp\/v2\/media\/2151"}],"wp:attachment":[{"href":"https:\/\/ajupe.com.uy\/web\/wp-json\/wp\/v2\/media?parent=2150"}],"wp:term":[{"taxonomy":"product_brand","embeddable":true,"href":"https:\/\/ajupe.com.uy\/web\/wp-json\/wp\/v2\/product_brand?post=2150"},{"taxonomy":"product_cat","embeddable":true,"href":"https:\/\/ajupe.com.uy\/web\/wp-json\/wp\/v2\/product_cat?post=2150"},{"taxonomy":"product_tag","embeddable":true,"href":"https:\/\/ajupe.com.uy\/web\/wp-json\/wp\/v2\/product_tag?post=2150"}],"curies":[{"name":"wp","href":"https:\/\/api.w.org\/{rel}","templated":true}]}}