{"id":2152,"date":"2010-07-14T00:00:00","date_gmt":"2010-07-14T03:00:00","guid":{"rendered":"http:\/\/ajupe.com.uy\/web\/?post_type=product&#038;p=2152"},"modified":"2011-09-15T21:31:48","modified_gmt":"2011-09-16T00:31:48","slug":"lirio-rojo","status":"publish","type":"product","link":"https:\/\/ajupe.com.uy\/web\/biblioteca\/lirio-rojo\/","title":{"rendered":"Lirio rojo"},"content":{"rendered":"<p>Un empleo y empezar de cero era lo \u00fanico que deseaba Hayley Phillips para ella y la hija que estaba esperando cuando llam\u00f3 a la puerta de la mansi\u00f3n Harper. Lo que tambi\u00e9n encontr\u00f3 fue un hogar, la s\u00f3lida amistad de Roz y Stella, y la posibilidad de un nuevo amor. Solo el misterio que rodea la mansi\u00f3n Harper se interponen ahora entre ella y su felicidad&#8230;Trilog\u00eda del jard\u00edn (Dalia azul, Rosa negra, Lirio rojo):.Tres mujeres se conocen en un momento crucial de sus vidas: cuando es necesario dejar atr\u00e1s el pasado, pero el futuro todav\u00eda parece incierto. Para Stella, Rosalind y Hayley, la mansi\u00f3n Harper -una vieja casa sure\u00f1a en las afueras de Memphis- se convierte en un puerto seguro y un aut\u00e9ntico hogar. El peque\u00f1o y pr\u00f3spero negocio de un vivero de flores y plantas, en el que todas han depositado sus esperanzas, se erige en el s\u00edmbolo de su independencia. Juntas encontrar\u00e1n el valor para rehacer sus vidas y aceptar el amor cuando aparezca&#8230; aunque un misterio anclado en la centenaria casa solariega puede ponerlas a ellas y a quienes m\u00e1s aman en peligro.<\/p>\n","protected":false},"excerpt":{"rendered":"<p>Un empleo y empezar de cero era lo \u00fanico que deseaba Hayley Phillips para ella y la hija que estaba esperando cuando llam\u00f3 a la puerta de la mansi\u00f3n Harper. Lo que tambi\u00e9n encontr\u00f3 fue un hogar, la s\u00f3lida amistad de Roz y Stella, y la posibilidad de un nu<\/p>\n","protected":false},"featured_media":2153,"template":"","meta":[],"product_brand":[267],"product_cat":[29],"product_tag":[],"class_list":{"0":"post-2152","1":"product","2":"type-product","3":"status-publish","4":"has-post-thumbnail","6":"product_brand-nora-roberts","7":"product_cat-novela","9":"first","10":"instock","11":"purchasable","12":"product-type-simple"},"featured_image_urls_v2":{"full":["https:\/\/ajupe.com.uy\/web\/wp-content\/uploads\/2016\/04\/p-2152-7484.jpg",179,275,false],"thumbnail":["https:\/\/ajupe.com.uy\/web\/wp-content\/uploads\/2016\/04\/p-2152-7484.jpg",150,150,true],"medium":["https:\/\/ajupe.com.uy\/web\/wp-content\/uploads\/2016\/04\/p-2152-7484.jpg",300,214,true],"medium_large":["https:\/\/ajupe.com.uy\/web\/wp-content\/uploads\/2016\/04\/p-2152-7484.jpg",179,275,false],"large":["https:\/\/ajupe.com.uy\/web\/wp-content\/uploads\/2016\/04\/p-2152-7484.jpg",179,275,false],"1536x1536":["https:\/\/ajupe.com.uy\/web\/wp-content\/uploads\/2016\/04\/p-2152-7484.jpg",179,275,false],"2048x2048":["https:\/\/ajupe.com.uy\/web\/wp-content\/uploads\/2016\/04\/p-2152-7484.jpg",179,275,false],"woocommerce_archive_thumbnail":["https:\/\/ajupe.com.uy\/web\/wp-content\/uploads\/2016\/04\/p-2152-7484.jpg",179,275,false],"woocommerce_thumbnail":["https:\/\/ajupe.com.uy\/web\/wp-content\/uploads\/2016\/04\/p-2152-7484.jpg",179,275,false],"woocommerce_single":["https:\/\/ajupe.com.uy\/web\/wp-content\/uploads\/2016\/04\/p-2152-7484.jpg",179,275,false],"woocommerce_gallery_thumbnail":["https:\/\/ajupe.com.uy\/web\/wp-content\/uploads\/2016\/04\/p-2152-7484-100x100.jpg",100,100,true]},"post_excerpt_stackable_v2":"<p>Un empleo y empezar de cero era lo \u00fanico que deseaba Hayley Phillips para ella y la hija que estaba esperando cuando llam\u00f3 a la puerta de la mansi\u00f3n Harper. Lo que tambi\u00e9n encontr\u00f3 fue un hogar, la s\u00f3lida amistad de Roz y Stella, y la posibilidad de un nu<\/p>\n","category_list_v2":"","author_info_v2":{"name":"","url":""},"comments_num_v2":"0 comentarios","_links":{"self":[{"href":"https:\/\/ajupe.com.uy\/web\/wp-json\/wp\/v2\/product\/2152","targetHints":{"allow":["GET"]}}],"collection":[{"href":"https:\/\/ajupe.com.uy\/web\/wp-json\/wp\/v2\/product"}],"about":[{"href":"https:\/\/ajupe.com.uy\/web\/wp-json\/wp\/v2\/types\/product"}],"wp:featuredmedia":[{"embeddable":true,"href":"https:\/\/ajupe.com.uy\/web\/wp-json\/wp\/v2\/media\/2153"}],"wp:attachment":[{"href":"https:\/\/ajupe.com.uy\/web\/wp-json\/wp\/v2\/media?parent=2152"}],"wp:term":[{"taxonomy":"product_brand","embeddable":true,"href":"https:\/\/ajupe.com.uy\/web\/wp-json\/wp\/v2\/product_brand?post=2152"},{"taxonomy":"product_cat","embeddable":true,"href":"https:\/\/ajupe.com.uy\/web\/wp-json\/wp\/v2\/product_cat?post=2152"},{"taxonomy":"product_tag","embeddable":true,"href":"https:\/\/ajupe.com.uy\/web\/wp-json\/wp\/v2\/product_tag?post=2152"}],"curies":[{"name":"wp","href":"https:\/\/api.w.org\/{rel}","templated":true}]}}