{"id":2154,"date":"2010-07-14T00:00:00","date_gmt":"2010-07-14T03:00:00","guid":{"rendered":"http:\/\/ajupe.com.uy\/web\/?post_type=product&#038;p=2154"},"modified":"2011-09-16T22:13:31","modified_gmt":"2011-09-17T01:13:31","slug":"bella-del-silencio","status":"publish","type":"product","link":"https:\/\/ajupe.com.uy\/web\/biblioteca\/bella-del-silencio\/","title":{"rendered":"Bella del silencio"},"content":{"rendered":"<p>Bella del silencio es el testimonio de una joven valiente y decidida y de unos padres que se han negado a encerrar a su hija en un gueto para sordos. Desde su infancia, Brenda aprender\u00e1 el lenguaje de los signos pero tambi\u00e9n a leer las bocas de quienes le hablan. Frecuentar\u00e1 las escuelas \u00abcl\u00e1sicas\u00bb afrontando la crueldad de sus compa\u00f1eros, pero su actitud y su determinaci\u00f3n la har\u00e1n olvidar su minusval\u00eda&#8230; Alcanzada la madurez, tratar\u00e1 de vivir \u00abcomo la gente normal\u00bb hasta convertirse en una estrella internacional de las pasarelas y en una de las m\u00e1s refinadas representantes del glamour de la moda.<\/p>\n","protected":false},"excerpt":{"rendered":"<p>Bella del silencio es el testimonio de una joven valiente y decidida y de unos padres que se han negado a encerrar a su hija en un gueto para sordos. Desde su infancia, Brenda aprender\u00e1 el lenguaje de los signos pero tambi\u00e9n a leer las bocas de quienes le<\/p>\n","protected":false},"featured_media":2155,"template":"","meta":[],"product_brand":[585],"product_cat":[36],"product_tag":[],"class_list":{"0":"post-2154","1":"product","2":"type-product","3":"status-publish","4":"has-post-thumbnail","6":"product_brand-brenda-costa","7":"product_cat-autobiografico","9":"first","10":"instock","11":"purchasable","12":"product-type-simple"},"featured_image_urls_v2":{"full":["https:\/\/ajupe.com.uy\/web\/wp-content\/uploads\/2016\/04\/p-2154-7485.jpg",189,270,false],"thumbnail":["https:\/\/ajupe.com.uy\/web\/wp-content\/uploads\/2016\/04\/p-2154-7485.jpg",150,150,true],"medium":["https:\/\/ajupe.com.uy\/web\/wp-content\/uploads\/2016\/04\/p-2154-7485.jpg",300,214,true],"medium_large":["https:\/\/ajupe.com.uy\/web\/wp-content\/uploads\/2016\/04\/p-2154-7485.jpg",189,270,false],"large":["https:\/\/ajupe.com.uy\/web\/wp-content\/uploads\/2016\/04\/p-2154-7485.jpg",189,270,false],"1536x1536":["https:\/\/ajupe.com.uy\/web\/wp-content\/uploads\/2016\/04\/p-2154-7485.jpg",189,270,false],"2048x2048":["https:\/\/ajupe.com.uy\/web\/wp-content\/uploads\/2016\/04\/p-2154-7485.jpg",189,270,false],"woocommerce_archive_thumbnail":["https:\/\/ajupe.com.uy\/web\/wp-content\/uploads\/2016\/04\/p-2154-7485.jpg",189,270,false],"woocommerce_thumbnail":["https:\/\/ajupe.com.uy\/web\/wp-content\/uploads\/2016\/04\/p-2154-7485.jpg",189,270,false],"woocommerce_single":["https:\/\/ajupe.com.uy\/web\/wp-content\/uploads\/2016\/04\/p-2154-7485.jpg",189,270,false],"woocommerce_gallery_thumbnail":["https:\/\/ajupe.com.uy\/web\/wp-content\/uploads\/2016\/04\/p-2154-7485-100x100.jpg",100,100,true]},"post_excerpt_stackable_v2":"<p>Bella del silencio es el testimonio de una joven valiente y decidida y de unos padres que se han negado a encerrar a su hija en un gueto para sordos. Desde su infancia, Brenda aprender\u00e1 el lenguaje de los signos pero tambi\u00e9n a leer las bocas de quienes le<\/p>\n","category_list_v2":"","author_info_v2":{"name":"","url":""},"comments_num_v2":"0 comentarios","_links":{"self":[{"href":"https:\/\/ajupe.com.uy\/web\/wp-json\/wp\/v2\/product\/2154","targetHints":{"allow":["GET"]}}],"collection":[{"href":"https:\/\/ajupe.com.uy\/web\/wp-json\/wp\/v2\/product"}],"about":[{"href":"https:\/\/ajupe.com.uy\/web\/wp-json\/wp\/v2\/types\/product"}],"wp:featuredmedia":[{"embeddable":true,"href":"https:\/\/ajupe.com.uy\/web\/wp-json\/wp\/v2\/media\/2155"}],"wp:attachment":[{"href":"https:\/\/ajupe.com.uy\/web\/wp-json\/wp\/v2\/media?parent=2154"}],"wp:term":[{"taxonomy":"product_brand","embeddable":true,"href":"https:\/\/ajupe.com.uy\/web\/wp-json\/wp\/v2\/product_brand?post=2154"},{"taxonomy":"product_cat","embeddable":true,"href":"https:\/\/ajupe.com.uy\/web\/wp-json\/wp\/v2\/product_cat?post=2154"},{"taxonomy":"product_tag","embeddable":true,"href":"https:\/\/ajupe.com.uy\/web\/wp-json\/wp\/v2\/product_tag?post=2154"}],"curies":[{"name":"wp","href":"https:\/\/api.w.org\/{rel}","templated":true}]}}