{"id":2160,"date":"2010-07-14T00:00:00","date_gmt":"2010-07-14T03:00:00","guid":{"rendered":"http:\/\/ajupe.com.uy\/web\/?post_type=product&#038;p=2160"},"modified":"2010-07-14T00:00:00","modified_gmt":"2010-07-14T03:00:00","slug":"mas-que-una-sombra","status":"publish","type":"product","link":"https:\/\/ajupe.com.uy\/web\/biblioteca\/mas-que-una-sombra\/","title":{"rendered":"M\u00e1s que una Sombra"},"content":{"rendered":"<p>\u00abEra martes, las ocho y veinte de la ma\u00f1ana del d\u00eda de su muerte. Tadeo se debat\u00eda entre un \u00e1nimo ambiguo que lo llevaba de una nostalgia prematura a un entusiasmo juvenil. No era alegr\u00eda, m\u00e1s bien se sent\u00eda triste, pero al menos lo alentaba saber que ser\u00eda un d\u00eda distinto, con un prop\u00f3sito que lo conducir\u00eda a algo, y le dar\u00eda un estatus definitivo por el cual ya no tendr\u00eda que pelear m\u00e1s, ni probarse, ni medirse, ni temer otras codicias.\u00bb \u00abSer\u00eda un muerto a partir de las diez de la noche y lo ser\u00eda para siempre. Pensar en eso le producir\u00eda una cierta paz, como la vecindad de unas vacaciones largamente a\u00f1oradas. Tadeo s\u00f3lo quer\u00eda descansar\u00bb.<\/p>\n","protected":false},"excerpt":{"rendered":"<p>\u00abEra martes, las ocho y veinte de la ma\u00f1ana del d\u00eda de su muerte. Tadeo se debat\u00eda entre un \u00e1nimo ambiguo que lo llevaba de una nostalgia prematura a un entusiasmo juvenil. No era alegr\u00eda, m\u00e1s bien se sent\u00eda triste, pero al menos lo alentaba saber que ser<\/p>\n","protected":false},"featured_media":2161,"template":"","meta":[],"product_brand":[482],"product_cat":[29],"product_tag":[],"class_list":{"0":"post-2160","1":"product","2":"type-product","3":"status-publish","4":"has-post-thumbnail","6":"product_brand-claudia-amengual","7":"product_cat-novela","9":"first","10":"instock","11":"purchasable","12":"product-type-simple"},"featured_image_urls_v2":{"full":["https:\/\/ajupe.com.uy\/web\/wp-content\/uploads\/2016\/04\/p-2160-7489.jpg",313,500,false],"thumbnail":["https:\/\/ajupe.com.uy\/web\/wp-content\/uploads\/2016\/04\/p-2160-7489.jpg",150,150,true],"medium":["https:\/\/ajupe.com.uy\/web\/wp-content\/uploads\/2016\/04\/p-2160-7489.jpg",300,214,true],"medium_large":["https:\/\/ajupe.com.uy\/web\/wp-content\/uploads\/2016\/04\/p-2160-7489.jpg",313,500,false],"large":["https:\/\/ajupe.com.uy\/web\/wp-content\/uploads\/2016\/04\/p-2160-7489.jpg",313,500,false],"1536x1536":["https:\/\/ajupe.com.uy\/web\/wp-content\/uploads\/2016\/04\/p-2160-7489.jpg",313,500,false],"2048x2048":["https:\/\/ajupe.com.uy\/web\/wp-content\/uploads\/2016\/04\/p-2160-7489.jpg",313,500,false],"woocommerce_archive_thumbnail":["https:\/\/ajupe.com.uy\/web\/wp-content\/uploads\/2016\/04\/p-2160-7489-300x450.jpg",300,450,true],"woocommerce_thumbnail":["https:\/\/ajupe.com.uy\/web\/wp-content\/uploads\/2016\/04\/p-2160-7489-300x300.jpg",300,300,true],"woocommerce_single":["https:\/\/ajupe.com.uy\/web\/wp-content\/uploads\/2016\/04\/p-2160-7489-300x479.jpg",300,479,true],"woocommerce_gallery_thumbnail":["https:\/\/ajupe.com.uy\/web\/wp-content\/uploads\/2016\/04\/p-2160-7489-100x100.jpg",100,100,true]},"post_excerpt_stackable_v2":"<p>\u00abEra martes, las ocho y veinte de la ma\u00f1ana del d\u00eda de su muerte. Tadeo se debat\u00eda entre un \u00e1nimo ambiguo que lo llevaba de una nostalgia prematura a un entusiasmo juvenil. No era alegr\u00eda, m\u00e1s bien se sent\u00eda triste, pero al menos lo alentaba saber que ser<\/p>\n","category_list_v2":"","author_info_v2":{"name":"","url":""},"comments_num_v2":"0 comentarios","_links":{"self":[{"href":"https:\/\/ajupe.com.uy\/web\/wp-json\/wp\/v2\/product\/2160","targetHints":{"allow":["GET"]}}],"collection":[{"href":"https:\/\/ajupe.com.uy\/web\/wp-json\/wp\/v2\/product"}],"about":[{"href":"https:\/\/ajupe.com.uy\/web\/wp-json\/wp\/v2\/types\/product"}],"wp:featuredmedia":[{"embeddable":true,"href":"https:\/\/ajupe.com.uy\/web\/wp-json\/wp\/v2\/media\/2161"}],"wp:attachment":[{"href":"https:\/\/ajupe.com.uy\/web\/wp-json\/wp\/v2\/media?parent=2160"}],"wp:term":[{"taxonomy":"product_brand","embeddable":true,"href":"https:\/\/ajupe.com.uy\/web\/wp-json\/wp\/v2\/product_brand?post=2160"},{"taxonomy":"product_cat","embeddable":true,"href":"https:\/\/ajupe.com.uy\/web\/wp-json\/wp\/v2\/product_cat?post=2160"},{"taxonomy":"product_tag","embeddable":true,"href":"https:\/\/ajupe.com.uy\/web\/wp-json\/wp\/v2\/product_tag?post=2160"}],"curies":[{"name":"wp","href":"https:\/\/api.w.org\/{rel}","templated":true}]}}