{"id":2172,"date":"2010-07-14T00:00:00","date_gmt":"2010-07-14T03:00:00","guid":{"rendered":"http:\/\/ajupe.com.uy\/web\/?post_type=product&#038;p=2172"},"modified":"2011-09-16T19:53:34","modified_gmt":"2011-09-16T22:53:34","slug":"el-enigma-goya","status":"publish","type":"product","link":"https:\/\/ajupe.com.uy\/web\/biblioteca\/el-enigma-goya\/","title":{"rendered":"El Enigma Goya"},"content":{"rendered":"<p>\u00bfPor qu\u00e9 Goya fue enterrado sin cabeza? \u00bfMuri\u00f3 asesinada Cayetana de Alba? \u00bfCu\u00e1l fue la vinculaci\u00f3n de Goya con la masoner\u00eda? \u00bfPor qu\u00e9 la polic\u00eda de Carlos III persigui\u00f3 al pintor aragon\u00e9s? \u00bfFue Goya socio de Godoy? \u00bfPor qu\u00e9 Fernando VII transit\u00f3 hacia el absolutismo? \u00bfEran las obras del marqu\u00e9s de Sade las preferidas de Mar\u00eda Luisa de Parma? Pol\u00edticas y enredos de corte, logias mas\u00f3nicas, conspiraciones reaccionarias y el proyecto liberal \u00abafrancesado\u00bb son el fondo de una historia de amor apasionada entre quien ha sido el mejor pintor de Espa\u00f1a y la mujer m\u00e1s atractiva de su tiempo. Ese amor, trenzado en el secreto y la tragedia, marcar\u00e1 al pintor hasta el punto de que su arte, desde que conoci\u00f3 a la duquesa, no ser\u00e1 m\u00e1s que un trasunto de sus estados de gozo y sufrimiento. El enigma de Goya es la historia de una relaci\u00f3n que todos creyeron imposible y en que la muerte, el deseo y la locura orquestan una sinfon\u00eda de pasiones en las que Goya alumbr\u00f3 su genialidad m\u00e1s excelsa.<\/p>\n","protected":false},"excerpt":{"rendered":"<p>\u00bfPor qu\u00e9 Goya fue enterrado sin cabeza? \u00bfMuri\u00f3 asesinada Cayetana de Alba? \u00bfCu\u00e1l fue la vinculaci\u00f3n de Goya con la masoner\u00eda? \u00bfPor qu\u00e9 la polic\u00eda de Carlos III persigui\u00f3 al pintor aragon\u00e9s? \u00bfFue Goya socio de Godoy? \u00bfPor qu\u00e9 Fernando VII transit\u00f3 hacia el<\/p>\n","protected":false},"featured_media":2173,"template":"","meta":[],"product_brand":[793],"product_cat":[29],"product_tag":[],"class_list":{"0":"post-2172","1":"product","2":"type-product","3":"status-publish","4":"has-post-thumbnail","6":"product_brand-marai-sandor","7":"product_cat-novela","9":"first","10":"instock","11":"purchasable","12":"product-type-simple"},"featured_image_urls_v2":{"full":["https:\/\/ajupe.com.uy\/web\/wp-content\/uploads\/2016\/04\/p-2172-7498.jpg",253,373,false],"thumbnail":["https:\/\/ajupe.com.uy\/web\/wp-content\/uploads\/2016\/04\/p-2172-7498.jpg",150,150,true],"medium":["https:\/\/ajupe.com.uy\/web\/wp-content\/uploads\/2016\/04\/p-2172-7498.jpg",300,214,true],"medium_large":["https:\/\/ajupe.com.uy\/web\/wp-content\/uploads\/2016\/04\/p-2172-7498.jpg",253,373,false],"large":["https:\/\/ajupe.com.uy\/web\/wp-content\/uploads\/2016\/04\/p-2172-7498.jpg",253,373,false],"1536x1536":["https:\/\/ajupe.com.uy\/web\/wp-content\/uploads\/2016\/04\/p-2172-7498.jpg",253,373,false],"2048x2048":["https:\/\/ajupe.com.uy\/web\/wp-content\/uploads\/2016\/04\/p-2172-7498.jpg",253,373,false],"woocommerce_archive_thumbnail":["https:\/\/ajupe.com.uy\/web\/wp-content\/uploads\/2016\/04\/p-2172-7498-253x300.jpg",253,300,true],"woocommerce_thumbnail":["https:\/\/ajupe.com.uy\/web\/wp-content\/uploads\/2016\/04\/p-2172-7498-253x300.jpg",253,300,true],"woocommerce_single":["https:\/\/ajupe.com.uy\/web\/wp-content\/uploads\/2016\/04\/p-2172-7498.jpg",253,373,false],"woocommerce_gallery_thumbnail":["https:\/\/ajupe.com.uy\/web\/wp-content\/uploads\/2016\/04\/p-2172-7498-100x100.jpg",100,100,true]},"post_excerpt_stackable_v2":"<p>\u00bfPor qu\u00e9 Goya fue enterrado sin cabeza? \u00bfMuri\u00f3 asesinada Cayetana de Alba? \u00bfCu\u00e1l fue la vinculaci\u00f3n de Goya con la masoner\u00eda? \u00bfPor qu\u00e9 la polic\u00eda de Carlos III persigui\u00f3 al pintor aragon\u00e9s? \u00bfFue Goya socio de Godoy? \u00bfPor qu\u00e9 Fernando VII transit\u00f3 hacia el<\/p>\n","category_list_v2":"","author_info_v2":{"name":"","url":""},"comments_num_v2":"0 comentarios","_links":{"self":[{"href":"https:\/\/ajupe.com.uy\/web\/wp-json\/wp\/v2\/product\/2172","targetHints":{"allow":["GET"]}}],"collection":[{"href":"https:\/\/ajupe.com.uy\/web\/wp-json\/wp\/v2\/product"}],"about":[{"href":"https:\/\/ajupe.com.uy\/web\/wp-json\/wp\/v2\/types\/product"}],"wp:featuredmedia":[{"embeddable":true,"href":"https:\/\/ajupe.com.uy\/web\/wp-json\/wp\/v2\/media\/2173"}],"wp:attachment":[{"href":"https:\/\/ajupe.com.uy\/web\/wp-json\/wp\/v2\/media?parent=2172"}],"wp:term":[{"taxonomy":"product_brand","embeddable":true,"href":"https:\/\/ajupe.com.uy\/web\/wp-json\/wp\/v2\/product_brand?post=2172"},{"taxonomy":"product_cat","embeddable":true,"href":"https:\/\/ajupe.com.uy\/web\/wp-json\/wp\/v2\/product_cat?post=2172"},{"taxonomy":"product_tag","embeddable":true,"href":"https:\/\/ajupe.com.uy\/web\/wp-json\/wp\/v2\/product_tag?post=2172"}],"curies":[{"name":"wp","href":"https:\/\/api.w.org\/{rel}","templated":true}]}}