{"id":2186,"date":"2010-07-14T00:00:00","date_gmt":"2010-07-14T03:00:00","guid":{"rendered":"http:\/\/ajupe.com.uy\/web\/?post_type=product&#038;p=2186"},"modified":"2011-09-16T19:47:43","modified_gmt":"2011-09-16T22:47:43","slug":"un-mundo-sin-fin","status":"publish","type":"product","link":"https:\/\/ajupe.com.uy\/web\/biblioteca\/un-mundo-sin-fin\/","title":{"rendered":"Un Mundo Sin Fin"},"content":{"rendered":"<p>A\u00f1o 1327. Ha pasado tiempo desde la construcci\u00f3n de la catedral de Kingsbridge. Mientras la amenaza de la peste empieza a llegar a Inglaterra, un grupo de cuatro j\u00f3venes, unidos por una tr\u00e1gica experiencia durante la infancia, intentan encontrar su propio camino. Sus vidas se ver\u00e1n entrelazadas en una historia de ambici\u00f3n, venganza e intriga.<\/p>\n","protected":false},"excerpt":{"rendered":"<p>A\u00f1o 1327. Ha pasado tiempo desde la construcci\u00f3n de la catedral de Kingsbridge. Mientras la amenaza de la peste empieza a llegar a Inglaterra, un grupo de cuatro j\u00f3venes, unidos por una tr\u00e1gica experiencia durante la infancia, intentan encontrar su propio<\/p>\n","protected":false},"featured_media":2187,"template":"","meta":[],"product_brand":[56],"product_cat":[37],"product_tag":[],"class_list":{"0":"post-2186","1":"product","2":"type-product","3":"status-publish","4":"has-post-thumbnail","6":"product_brand-ken-follett","7":"product_cat-ficcion","9":"first","10":"instock","11":"purchasable","12":"product-type-simple"},"featured_image_urls_v2":{"full":["https:\/\/ajupe.com.uy\/web\/wp-content\/uploads\/2016\/04\/p-2186-7506.jpg",287,382,false],"thumbnail":["https:\/\/ajupe.com.uy\/web\/wp-content\/uploads\/2016\/04\/p-2186-7506.jpg",150,150,true],"medium":["https:\/\/ajupe.com.uy\/web\/wp-content\/uploads\/2016\/04\/p-2186-7506.jpg",300,214,true],"medium_large":["https:\/\/ajupe.com.uy\/web\/wp-content\/uploads\/2016\/04\/p-2186-7506.jpg",287,382,false],"large":["https:\/\/ajupe.com.uy\/web\/wp-content\/uploads\/2016\/04\/p-2186-7506.jpg",287,382,false],"1536x1536":["https:\/\/ajupe.com.uy\/web\/wp-content\/uploads\/2016\/04\/p-2186-7506.jpg",287,382,false],"2048x2048":["https:\/\/ajupe.com.uy\/web\/wp-content\/uploads\/2016\/04\/p-2186-7506.jpg",287,382,false],"woocommerce_archive_thumbnail":["https:\/\/ajupe.com.uy\/web\/wp-content\/uploads\/2016\/04\/p-2186-7506-287x300.jpg",287,300,true],"woocommerce_thumbnail":["https:\/\/ajupe.com.uy\/web\/wp-content\/uploads\/2016\/04\/p-2186-7506-287x300.jpg",287,300,true],"woocommerce_single":["https:\/\/ajupe.com.uy\/web\/wp-content\/uploads\/2016\/04\/p-2186-7506.jpg",287,382,false],"woocommerce_gallery_thumbnail":["https:\/\/ajupe.com.uy\/web\/wp-content\/uploads\/2016\/04\/p-2186-7506-100x100.jpg",100,100,true]},"post_excerpt_stackable_v2":"<p>A\u00f1o 1327. Ha pasado tiempo desde la construcci\u00f3n de la catedral de Kingsbridge. Mientras la amenaza de la peste empieza a llegar a Inglaterra, un grupo de cuatro j\u00f3venes, unidos por una tr\u00e1gica experiencia durante la infancia, intentan encontrar su propio<\/p>\n","category_list_v2":"","author_info_v2":{"name":"","url":""},"comments_num_v2":"0 comentarios","_links":{"self":[{"href":"https:\/\/ajupe.com.uy\/web\/wp-json\/wp\/v2\/product\/2186","targetHints":{"allow":["GET"]}}],"collection":[{"href":"https:\/\/ajupe.com.uy\/web\/wp-json\/wp\/v2\/product"}],"about":[{"href":"https:\/\/ajupe.com.uy\/web\/wp-json\/wp\/v2\/types\/product"}],"wp:featuredmedia":[{"embeddable":true,"href":"https:\/\/ajupe.com.uy\/web\/wp-json\/wp\/v2\/media\/2187"}],"wp:attachment":[{"href":"https:\/\/ajupe.com.uy\/web\/wp-json\/wp\/v2\/media?parent=2186"}],"wp:term":[{"taxonomy":"product_brand","embeddable":true,"href":"https:\/\/ajupe.com.uy\/web\/wp-json\/wp\/v2\/product_brand?post=2186"},{"taxonomy":"product_cat","embeddable":true,"href":"https:\/\/ajupe.com.uy\/web\/wp-json\/wp\/v2\/product_cat?post=2186"},{"taxonomy":"product_tag","embeddable":true,"href":"https:\/\/ajupe.com.uy\/web\/wp-json\/wp\/v2\/product_tag?post=2186"}],"curies":[{"name":"wp","href":"https:\/\/api.w.org\/{rel}","templated":true}]}}