{"id":2198,"date":"2010-07-14T00:00:00","date_gmt":"2010-07-14T03:00:00","guid":{"rendered":"http:\/\/ajupe.com.uy\/web\/?post_type=product&#038;p=2198"},"modified":"2011-09-16T19:38:31","modified_gmt":"2011-09-16T22:38:31","slug":"tiempos-violentos","status":"publish","type":"product","link":"https:\/\/ajupe.com.uy\/web\/biblioteca\/tiempos-violentos\/","title":{"rendered":"Tiempos Violentos"},"content":{"rendered":"<p>Novela hist\u00f3rica que indaga en la vida de uno de los personajes m\u00e1s controvertidos de la historia nacional, el General Venancio Flores. Tras las huellas de esa figura, reconstruir\u00e1 diversas peripecias de la historia que marcaron al territorio oriental y develar\u00e1 secretos de la familia Flores, mediante la voz de quien fuera una fiel servidora de la familia a lo largo de toda su vida.<\/p>\n","protected":false},"excerpt":{"rendered":"<p>Novela hist\u00f3rica que indaga en la vida de uno de los personajes m\u00e1s controvertidos de la historia nacional, el General Venancio Flores. Tras las huellas de esa figura, reconstruir\u00e1 diversas peripecias de la historia que marcaron al territorio oriental y d<\/p>\n","protected":false},"featured_media":2199,"template":"","meta":[],"product_brand":[292],"product_cat":[29],"product_tag":[],"class_list":{"0":"post-2198","1":"product","2":"type-product","3":"status-publish","4":"has-post-thumbnail","6":"product_brand-mercedes-vigil","7":"product_cat-novela","9":"first","10":"instock","11":"purchasable","12":"product-type-simple"},"featured_image_urls_v2":{"full":["https:\/\/ajupe.com.uy\/web\/wp-content\/uploads\/2016\/04\/p-2198-7514.jpg",260,260,false],"thumbnail":["https:\/\/ajupe.com.uy\/web\/wp-content\/uploads\/2016\/04\/p-2198-7514.jpg",150,150,true],"medium":["https:\/\/ajupe.com.uy\/web\/wp-content\/uploads\/2016\/04\/p-2198-7514.jpg",300,214,true],"medium_large":["https:\/\/ajupe.com.uy\/web\/wp-content\/uploads\/2016\/04\/p-2198-7514.jpg",260,260,false],"large":["https:\/\/ajupe.com.uy\/web\/wp-content\/uploads\/2016\/04\/p-2198-7514.jpg",260,260,false],"1536x1536":["https:\/\/ajupe.com.uy\/web\/wp-content\/uploads\/2016\/04\/p-2198-7514.jpg",260,260,false],"2048x2048":["https:\/\/ajupe.com.uy\/web\/wp-content\/uploads\/2016\/04\/p-2198-7514.jpg",260,260,false],"woocommerce_archive_thumbnail":["https:\/\/ajupe.com.uy\/web\/wp-content\/uploads\/2016\/04\/p-2198-7514.jpg",260,260,false],"woocommerce_thumbnail":["https:\/\/ajupe.com.uy\/web\/wp-content\/uploads\/2016\/04\/p-2198-7514.jpg",260,260,false],"woocommerce_single":["https:\/\/ajupe.com.uy\/web\/wp-content\/uploads\/2016\/04\/p-2198-7514.jpg",260,260,false],"woocommerce_gallery_thumbnail":["https:\/\/ajupe.com.uy\/web\/wp-content\/uploads\/2016\/04\/p-2198-7514-100x100.jpg",100,100,true]},"post_excerpt_stackable_v2":"<p>Novela hist\u00f3rica que indaga en la vida de uno de los personajes m\u00e1s controvertidos de la historia nacional, el General Venancio Flores. Tras las huellas de esa figura, reconstruir\u00e1 diversas peripecias de la historia que marcaron al territorio oriental y d<\/p>\n","category_list_v2":"","author_info_v2":{"name":"","url":""},"comments_num_v2":"0 comentarios","_links":{"self":[{"href":"https:\/\/ajupe.com.uy\/web\/wp-json\/wp\/v2\/product\/2198","targetHints":{"allow":["GET"]}}],"collection":[{"href":"https:\/\/ajupe.com.uy\/web\/wp-json\/wp\/v2\/product"}],"about":[{"href":"https:\/\/ajupe.com.uy\/web\/wp-json\/wp\/v2\/types\/product"}],"wp:featuredmedia":[{"embeddable":true,"href":"https:\/\/ajupe.com.uy\/web\/wp-json\/wp\/v2\/media\/2199"}],"wp:attachment":[{"href":"https:\/\/ajupe.com.uy\/web\/wp-json\/wp\/v2\/media?parent=2198"}],"wp:term":[{"taxonomy":"product_brand","embeddable":true,"href":"https:\/\/ajupe.com.uy\/web\/wp-json\/wp\/v2\/product_brand?post=2198"},{"taxonomy":"product_cat","embeddable":true,"href":"https:\/\/ajupe.com.uy\/web\/wp-json\/wp\/v2\/product_cat?post=2198"},{"taxonomy":"product_tag","embeddable":true,"href":"https:\/\/ajupe.com.uy\/web\/wp-json\/wp\/v2\/product_tag?post=2198"}],"curies":[{"name":"wp","href":"https:\/\/api.w.org\/{rel}","templated":true}]}}