{"id":2208,"date":"2010-07-14T00:00:00","date_gmt":"2010-07-14T03:00:00","guid":{"rendered":"http:\/\/ajupe.com.uy\/web\/?post_type=product&#038;p=2208"},"modified":"2011-09-16T19:28:44","modified_gmt":"2011-09-16T22:28:44","slug":"mara-y-dann","status":"publish","type":"product","link":"https:\/\/ajupe.com.uy\/web\/biblioteca\/mara-y-dann\/","title":{"rendered":"Mara y Dann"},"content":{"rendered":"<p>\u00abUna obra provocativa y estimulante.\u00bb Los Angeles Times. V\u00edctimas de un complot palaciego, los ni\u00f1os Mara y Dann deben abandonar su familia y pa\u00eds para escapar de una muerte segura. Pese a la constante presencia de enemigos, varias personas les ayudan a llegar a una peque\u00f1a aldea, donde una mujer los cr\u00eda y les ens\u00e9\u00f1a a hacer frente a su dif\u00edcil existencia. Sin embargo, la persistente sequ\u00eda que asuela la parte de \u00cdfrik donde se encuentras los hermanos, les fuerza a unirse a los grupos migratorios que avanzan, a trav\u00e9s de tierras \u00e1ridas e infestadas de bestias extra\u00f1as y supervivientes de las cat\u00e1strofes naturales, hacia el Norte, en busca del agua y la civilizaci\u00f3n. Inician as\u00ed una gran aventura, durante la cual, si bien su vida se ver\u00e1 a veces amenazada, conocer\u00e1n los valores y sentimientos que vinculan a los seres vivos por muy distintos que \u00e9stos sean, descubrir\u00e1n emociones hasta entonces ignoradas y llegar\u00e1n a conocer cu\u00e1l es su propia identidad. Doris Lessing ha escrito una emocionante y cautivadora novela que, a trav\u00e9s de las aventuras de dos hermanos en un futuro imaginario, explora las caracter\u00edsticas del mundo actual y las consecuencias de nuestros actos. \u00abLessing est\u00e1 en su mejor momento, combinando ideas y acci\u00f3n en un cuento espl\u00e9ndido y lleno de imaginaci\u00f3n.\u00bb Portland Oregonian. \u00abAunque en apariencia es una gran aventura, esta novela constituye en realidad una fascinante exposici\u00f3n sobre la fuerza del cari\u00f1o y el poder de un pensamiento cr\u00edtico.\u00bb The New Yorker.<\/p>\n","protected":false},"excerpt":{"rendered":"<p>\u00abUna obra provocativa y estimulante.\u00bb Los Angeles Times. V\u00edctimas de un complot palaciego, los ni\u00f1os Mara y Dann deben abandonar su familia y pa\u00eds para escapar de una muerte segura. Pese a la constante presencia de enemigos, varias personas les ayudan a l<\/p>\n","protected":false},"featured_media":2209,"template":"","meta":[],"product_brand":[120],"product_cat":[29],"product_tag":[],"class_list":{"0":"post-2208","1":"product","2":"type-product","3":"status-publish","4":"has-post-thumbnail","6":"product_brand-doris-lessing","7":"product_cat-novela","9":"first","10":"instock","11":"purchasable","12":"product-type-simple"},"featured_image_urls_v2":{"full":["https:\/\/ajupe.com.uy\/web\/wp-content\/uploads\/2016\/04\/p-2208-7520.jpg",255,389,false],"thumbnail":["https:\/\/ajupe.com.uy\/web\/wp-content\/uploads\/2016\/04\/p-2208-7520.jpg",150,150,true],"medium":["https:\/\/ajupe.com.uy\/web\/wp-content\/uploads\/2016\/04\/p-2208-7520.jpg",300,214,true],"medium_large":["https:\/\/ajupe.com.uy\/web\/wp-content\/uploads\/2016\/04\/p-2208-7520.jpg",255,389,false],"large":["https:\/\/ajupe.com.uy\/web\/wp-content\/uploads\/2016\/04\/p-2208-7520.jpg",255,389,false],"1536x1536":["https:\/\/ajupe.com.uy\/web\/wp-content\/uploads\/2016\/04\/p-2208-7520.jpg",255,389,false],"2048x2048":["https:\/\/ajupe.com.uy\/web\/wp-content\/uploads\/2016\/04\/p-2208-7520.jpg",255,389,false],"woocommerce_archive_thumbnail":["https:\/\/ajupe.com.uy\/web\/wp-content\/uploads\/2016\/04\/p-2208-7520-255x300.jpg",255,300,true],"woocommerce_thumbnail":["https:\/\/ajupe.com.uy\/web\/wp-content\/uploads\/2016\/04\/p-2208-7520-255x300.jpg",255,300,true],"woocommerce_single":["https:\/\/ajupe.com.uy\/web\/wp-content\/uploads\/2016\/04\/p-2208-7520.jpg",255,389,false],"woocommerce_gallery_thumbnail":["https:\/\/ajupe.com.uy\/web\/wp-content\/uploads\/2016\/04\/p-2208-7520-100x100.jpg",100,100,true]},"post_excerpt_stackable_v2":"<p>\u00abUna obra provocativa y estimulante.\u00bb Los Angeles Times. V\u00edctimas de un complot palaciego, los ni\u00f1os Mara y Dann deben abandonar su familia y pa\u00eds para escapar de una muerte segura. Pese a la constante presencia de enemigos, varias personas les ayudan a l<\/p>\n","category_list_v2":"","author_info_v2":{"name":"","url":""},"comments_num_v2":"0 comentarios","_links":{"self":[{"href":"https:\/\/ajupe.com.uy\/web\/wp-json\/wp\/v2\/product\/2208","targetHints":{"allow":["GET"]}}],"collection":[{"href":"https:\/\/ajupe.com.uy\/web\/wp-json\/wp\/v2\/product"}],"about":[{"href":"https:\/\/ajupe.com.uy\/web\/wp-json\/wp\/v2\/types\/product"}],"wp:featuredmedia":[{"embeddable":true,"href":"https:\/\/ajupe.com.uy\/web\/wp-json\/wp\/v2\/media\/2209"}],"wp:attachment":[{"href":"https:\/\/ajupe.com.uy\/web\/wp-json\/wp\/v2\/media?parent=2208"}],"wp:term":[{"taxonomy":"product_brand","embeddable":true,"href":"https:\/\/ajupe.com.uy\/web\/wp-json\/wp\/v2\/product_brand?post=2208"},{"taxonomy":"product_cat","embeddable":true,"href":"https:\/\/ajupe.com.uy\/web\/wp-json\/wp\/v2\/product_cat?post=2208"},{"taxonomy":"product_tag","embeddable":true,"href":"https:\/\/ajupe.com.uy\/web\/wp-json\/wp\/v2\/product_tag?post=2208"}],"curies":[{"name":"wp","href":"https:\/\/api.w.org\/{rel}","templated":true}]}}