{"id":2212,"date":"2010-07-14T00:00:00","date_gmt":"2010-07-14T03:00:00","guid":{"rendered":"http:\/\/ajupe.com.uy\/web\/?post_type=product&#038;p=2212"},"modified":"2011-09-16T18:57:34","modified_gmt":"2011-09-16T21:57:34","slug":"la-paciencia-de-la-arana","status":"publish","type":"product","link":"https:\/\/ajupe.com.uy\/web\/biblioteca\/la-paciencia-de-la-arana\/","title":{"rendered":"La paciencia de la ara\u00f1a"},"content":{"rendered":"<p>El oto\u00f1o ha regresado a Vig\u00e0ta con algunas sorpresas. Mim\u00ec Augello, el brazo derecho del comisario Salvo Montalbano, ha tirado la toalla y est\u00e1 a punto de casarse. Mientras tanto, despu\u00e9s de una serie de desgraciados incidentes, consecuencias de una falta de inter\u00e9s flagrante en el objeto de la discordia, el su\u00e9ter que Livia regal\u00f3 a Montalbano ha quedado reducido a un tama\u00f1o infantil, lo que desata una furiosa reprimenda fundamentada en la eterna y archiconocida teor\u00eda psicoanal\u00edtica.<\/p>\n","protected":false},"excerpt":{"rendered":"<p>El oto\u00f1o ha regresado a Vig\u00e0ta con algunas sorpresas. Mim\u00ec Augello, el brazo derecho del comisario Salvo Montalbano, ha tirado la toalla y est\u00e1 a punto de casarse. Mientras tanto, despu\u00e9s de una serie de desgraciados incidentes, consecuencias de una falta<\/p>\n","protected":false},"featured_media":2213,"template":"","meta":[],"product_brand":[399],"product_cat":[29],"product_tag":[],"class_list":{"0":"post-2212","1":"product","2":"type-product","3":"status-publish","4":"has-post-thumbnail","6":"product_brand-andrea-camilleri","7":"product_cat-novela","9":"first","10":"instock","11":"purchasable","12":"product-type-simple"},"featured_image_urls_v2":{"full":["https:\/\/ajupe.com.uy\/web\/wp-content\/uploads\/2016\/04\/p-2212-7522.jpg",249,414,false],"thumbnail":["https:\/\/ajupe.com.uy\/web\/wp-content\/uploads\/2016\/04\/p-2212-7522.jpg",150,150,true],"medium":["https:\/\/ajupe.com.uy\/web\/wp-content\/uploads\/2016\/04\/p-2212-7522.jpg",300,214,true],"medium_large":["https:\/\/ajupe.com.uy\/web\/wp-content\/uploads\/2016\/04\/p-2212-7522.jpg",249,414,false],"large":["https:\/\/ajupe.com.uy\/web\/wp-content\/uploads\/2016\/04\/p-2212-7522.jpg",249,414,false],"1536x1536":["https:\/\/ajupe.com.uy\/web\/wp-content\/uploads\/2016\/04\/p-2212-7522.jpg",249,414,false],"2048x2048":["https:\/\/ajupe.com.uy\/web\/wp-content\/uploads\/2016\/04\/p-2212-7522.jpg",249,414,false],"woocommerce_archive_thumbnail":["https:\/\/ajupe.com.uy\/web\/wp-content\/uploads\/2016\/04\/p-2212-7522-249x400.jpg",249,400,true],"woocommerce_thumbnail":["https:\/\/ajupe.com.uy\/web\/wp-content\/uploads\/2016\/04\/p-2212-7522-249x300.jpg",249,300,true],"woocommerce_single":["https:\/\/ajupe.com.uy\/web\/wp-content\/uploads\/2016\/04\/p-2212-7522.jpg",249,414,false],"woocommerce_gallery_thumbnail":["https:\/\/ajupe.com.uy\/web\/wp-content\/uploads\/2016\/04\/p-2212-7522-100x100.jpg",100,100,true]},"post_excerpt_stackable_v2":"<p>El oto\u00f1o ha regresado a Vig\u00e0ta con algunas sorpresas. Mim\u00ec Augello, el brazo derecho del comisario Salvo Montalbano, ha tirado la toalla y est\u00e1 a punto de casarse. Mientras tanto, despu\u00e9s de una serie de desgraciados incidentes, consecuencias de una falta<\/p>\n","category_list_v2":"","author_info_v2":{"name":"","url":""},"comments_num_v2":"0 comentarios","_links":{"self":[{"href":"https:\/\/ajupe.com.uy\/web\/wp-json\/wp\/v2\/product\/2212","targetHints":{"allow":["GET"]}}],"collection":[{"href":"https:\/\/ajupe.com.uy\/web\/wp-json\/wp\/v2\/product"}],"about":[{"href":"https:\/\/ajupe.com.uy\/web\/wp-json\/wp\/v2\/types\/product"}],"wp:featuredmedia":[{"embeddable":true,"href":"https:\/\/ajupe.com.uy\/web\/wp-json\/wp\/v2\/media\/2213"}],"wp:attachment":[{"href":"https:\/\/ajupe.com.uy\/web\/wp-json\/wp\/v2\/media?parent=2212"}],"wp:term":[{"taxonomy":"product_brand","embeddable":true,"href":"https:\/\/ajupe.com.uy\/web\/wp-json\/wp\/v2\/product_brand?post=2212"},{"taxonomy":"product_cat","embeddable":true,"href":"https:\/\/ajupe.com.uy\/web\/wp-json\/wp\/v2\/product_cat?post=2212"},{"taxonomy":"product_tag","embeddable":true,"href":"https:\/\/ajupe.com.uy\/web\/wp-json\/wp\/v2\/product_tag?post=2212"}],"curies":[{"name":"wp","href":"https:\/\/api.w.org\/{rel}","templated":true}]}}