{"id":2216,"date":"2010-07-14T00:00:00","date_gmt":"2010-07-14T03:00:00","guid":{"rendered":"http:\/\/ajupe.com.uy\/web\/?post_type=product&#038;p=2216"},"modified":"2011-09-16T18:37:51","modified_gmt":"2011-09-16T21:37:51","slug":"culpable-o-inocente","status":"publish","type":"product","link":"https:\/\/ajupe.com.uy\/web\/biblioteca\/culpable-o-inocente\/","title":{"rendered":"Culpable o Inocente"},"content":{"rendered":"<p>Ning\u00fan cliente asusta m\u00e1s que un hombre inocente.\u00bb El abogado defensor Michael Haller siempre ha cre\u00eddo que podr\u00eda identificar la inocencia en los ojos de un cliente. Hasta que asume la defensa de Louis Rouler, un rico heredero detenido por el intento de asesinato de una prostituta. Por una parte, el caso supone la defensa de una persona presuntamente inocente: por otra, implica unos ingresos desacostumbrados. Poco a poco, con la ayuda del investigador Raul Levin y siguiendo su propia intuci\u00f3n, Haller descubre cabos sueltos en el caso Roulet? Punto oscuros que le llevar\u00e1n a creer que la culpabilidad tiene m\u00faltiples caras. En El inocente, Michael Connelly, padre de Harry Bosch y referente en la novela de calidad, da vida a Michael Haller, un nuevo personaje que dejar\u00e1 huella en el g\u00e9nero del thriller<\/p>\n","protected":false},"excerpt":{"rendered":"<p>Ning\u00fan cliente asusta m\u00e1s que un hombre inocente.\u00bb El abogado defensor Michael Haller siempre ha cre\u00eddo que podr\u00eda identificar la inocencia en los ojos de un cliente. Hasta que asume la defensa de Louis Rouler, un rico heredero detenido por el intento de<\/p>\n","protected":false},"featured_media":2217,"template":"","meta":[],"product_brand":[384],"product_cat":[30],"product_tag":[],"class_list":{"0":"post-2216","1":"product","2":"type-product","3":"status-publish","4":"has-post-thumbnail","6":"product_brand-michael-connelly","7":"product_cat-suspenso","9":"first","10":"instock","11":"purchasable","12":"product-type-simple"},"featured_image_urls_v2":{"full":["https:\/\/ajupe.com.uy\/web\/wp-content\/uploads\/2016\/04\/p-2216-7525.jpg",231,352,false],"thumbnail":["https:\/\/ajupe.com.uy\/web\/wp-content\/uploads\/2016\/04\/p-2216-7525.jpg",150,150,true],"medium":["https:\/\/ajupe.com.uy\/web\/wp-content\/uploads\/2016\/04\/p-2216-7525.jpg",300,214,true],"medium_large":["https:\/\/ajupe.com.uy\/web\/wp-content\/uploads\/2016\/04\/p-2216-7525.jpg",231,352,false],"large":["https:\/\/ajupe.com.uy\/web\/wp-content\/uploads\/2016\/04\/p-2216-7525.jpg",231,352,false],"1536x1536":["https:\/\/ajupe.com.uy\/web\/wp-content\/uploads\/2016\/04\/p-2216-7525.jpg",231,352,false],"2048x2048":["https:\/\/ajupe.com.uy\/web\/wp-content\/uploads\/2016\/04\/p-2216-7525.jpg",231,352,false],"woocommerce_archive_thumbnail":["https:\/\/ajupe.com.uy\/web\/wp-content\/uploads\/2016\/04\/p-2216-7525-231x300.jpg",231,300,true],"woocommerce_thumbnail":["https:\/\/ajupe.com.uy\/web\/wp-content\/uploads\/2016\/04\/p-2216-7525-231x300.jpg",231,300,true],"woocommerce_single":["https:\/\/ajupe.com.uy\/web\/wp-content\/uploads\/2016\/04\/p-2216-7525.jpg",231,352,false],"woocommerce_gallery_thumbnail":["https:\/\/ajupe.com.uy\/web\/wp-content\/uploads\/2016\/04\/p-2216-7525-100x100.jpg",100,100,true]},"post_excerpt_stackable_v2":"<p>Ning\u00fan cliente asusta m\u00e1s que un hombre inocente.\u00bb El abogado defensor Michael Haller siempre ha cre\u00eddo que podr\u00eda identificar la inocencia en los ojos de un cliente. Hasta que asume la defensa de Louis Rouler, un rico heredero detenido por el intento de<\/p>\n","category_list_v2":"","author_info_v2":{"name":"","url":""},"comments_num_v2":"0 comentarios","_links":{"self":[{"href":"https:\/\/ajupe.com.uy\/web\/wp-json\/wp\/v2\/product\/2216","targetHints":{"allow":["GET"]}}],"collection":[{"href":"https:\/\/ajupe.com.uy\/web\/wp-json\/wp\/v2\/product"}],"about":[{"href":"https:\/\/ajupe.com.uy\/web\/wp-json\/wp\/v2\/types\/product"}],"wp:featuredmedia":[{"embeddable":true,"href":"https:\/\/ajupe.com.uy\/web\/wp-json\/wp\/v2\/media\/2217"}],"wp:attachment":[{"href":"https:\/\/ajupe.com.uy\/web\/wp-json\/wp\/v2\/media?parent=2216"}],"wp:term":[{"taxonomy":"product_brand","embeddable":true,"href":"https:\/\/ajupe.com.uy\/web\/wp-json\/wp\/v2\/product_brand?post=2216"},{"taxonomy":"product_cat","embeddable":true,"href":"https:\/\/ajupe.com.uy\/web\/wp-json\/wp\/v2\/product_cat?post=2216"},{"taxonomy":"product_tag","embeddable":true,"href":"https:\/\/ajupe.com.uy\/web\/wp-json\/wp\/v2\/product_tag?post=2216"}],"curies":[{"name":"wp","href":"https:\/\/api.w.org\/{rel}","templated":true}]}}