{"id":2222,"date":"2010-07-14T00:00:00","date_gmt":"2010-07-14T03:00:00","guid":{"rendered":"http:\/\/ajupe.com.uy\/web\/?post_type=product&#038;p=2222"},"modified":"2010-07-14T00:00:00","modified_gmt":"2010-07-14T03:00:00","slug":"echo-park","status":"publish","type":"product","link":"https:\/\/ajupe.com.uy\/web\/biblioteca\/echo-park\/","title":{"rendered":"Echo Park"},"content":{"rendered":"<p>Harry Bosch tiene la oportunidad de reabrir un caso en el que trabaj\u00f3 en el pasado y que hab\u00eda quedado sin resoluci\u00f3n; se traga del asesinato de Marie Gesto, una joven desaparecida a\u00f1os atr\u00e1s. Bosch tuvo siempre el presentimiento de que nunca encontrar\u00edan con vida a Gesto y cuando las circunstancias le forzaron a cerrar el caso, se qued\u00f3 con la desagradable sensaci\u00f3n de haber dejado escapar al culpable por obviar un detalle de la investigaci\u00f3n. Por ello recibe, entre esc\u00e9ptico y aliviado, la confesi\u00f3n de un hombre que alega estar detr\u00e1s del asesinato de la joven. Las circunstancias que envuelven el caso son at\u00edpicas dado el inter\u00e9s de un pol\u00edtico por llegar a un pacto con el presunto culpable. Echo Park son muchas cosas: una novela emocionante de principio a fin, una trama policial inteligente cuyas piezas acaban encajando a la perfecci\u00f3n, una oportunidad para profundizar a\u00fan m\u00e1s en el enigm\u00e1tico e interesante personaje de Harry Bosch, una invitaci\u00f3n a adentrarse en la relaci\u00f3n entre la clase pol\u00edtica y el cuerpo policial, as\u00ed como una reflexi\u00f3n acerca de las tr\u00e1gicas consecuencias que el error m\u00e1s nimio puede ocasionar en una investigaci\u00f3n.<\/p>\n","protected":false},"excerpt":{"rendered":"<p>Harry Bosch tiene la oportunidad de reabrir un caso en el que trabaj\u00f3 en el pasado y que hab\u00eda quedado sin resoluci\u00f3n; se traga del asesinato de Marie Gesto, una joven desaparecida a\u00f1os atr\u00e1s. Bosch tuvo siempre el presentimiento de que nunca encontrar\u00edan<\/p>\n","protected":false},"featured_media":2223,"template":"","meta":[],"product_brand":[384],"product_cat":[34],"product_tag":[],"class_list":{"0":"post-2222","1":"product","2":"type-product","3":"status-publish","4":"has-post-thumbnail","6":"product_brand-michael-connelly","7":"product_cat-otros","9":"first","10":"instock","11":"purchasable","12":"product-type-simple"},"featured_image_urls_v2":{"full":["https:\/\/ajupe.com.uy\/web\/wp-content\/uploads\/2016\/04\/p-2222-7528.jpg",240,367,false],"thumbnail":["https:\/\/ajupe.com.uy\/web\/wp-content\/uploads\/2016\/04\/p-2222-7528.jpg",150,150,true],"medium":["https:\/\/ajupe.com.uy\/web\/wp-content\/uploads\/2016\/04\/p-2222-7528.jpg",300,214,true],"medium_large":["https:\/\/ajupe.com.uy\/web\/wp-content\/uploads\/2016\/04\/p-2222-7528.jpg",240,367,false],"large":["https:\/\/ajupe.com.uy\/web\/wp-content\/uploads\/2016\/04\/p-2222-7528.jpg",240,367,false],"1536x1536":["https:\/\/ajupe.com.uy\/web\/wp-content\/uploads\/2016\/04\/p-2222-7528.jpg",240,367,false],"2048x2048":["https:\/\/ajupe.com.uy\/web\/wp-content\/uploads\/2016\/04\/p-2222-7528.jpg",240,367,false],"woocommerce_archive_thumbnail":["https:\/\/ajupe.com.uy\/web\/wp-content\/uploads\/2016\/04\/p-2222-7528-240x300.jpg",240,300,true],"woocommerce_thumbnail":["https:\/\/ajupe.com.uy\/web\/wp-content\/uploads\/2016\/04\/p-2222-7528-240x300.jpg",240,300,true],"woocommerce_single":["https:\/\/ajupe.com.uy\/web\/wp-content\/uploads\/2016\/04\/p-2222-7528.jpg",240,367,false],"woocommerce_gallery_thumbnail":["https:\/\/ajupe.com.uy\/web\/wp-content\/uploads\/2016\/04\/p-2222-7528-100x100.jpg",100,100,true]},"post_excerpt_stackable_v2":"<p>Harry Bosch tiene la oportunidad de reabrir un caso en el que trabaj\u00f3 en el pasado y que hab\u00eda quedado sin resoluci\u00f3n; se traga del asesinato de Marie Gesto, una joven desaparecida a\u00f1os atr\u00e1s. Bosch tuvo siempre el presentimiento de que nunca encontrar\u00edan<\/p>\n","category_list_v2":"","author_info_v2":{"name":"","url":""},"comments_num_v2":"0 comentarios","_links":{"self":[{"href":"https:\/\/ajupe.com.uy\/web\/wp-json\/wp\/v2\/product\/2222","targetHints":{"allow":["GET"]}}],"collection":[{"href":"https:\/\/ajupe.com.uy\/web\/wp-json\/wp\/v2\/product"}],"about":[{"href":"https:\/\/ajupe.com.uy\/web\/wp-json\/wp\/v2\/types\/product"}],"wp:featuredmedia":[{"embeddable":true,"href":"https:\/\/ajupe.com.uy\/web\/wp-json\/wp\/v2\/media\/2223"}],"wp:attachment":[{"href":"https:\/\/ajupe.com.uy\/web\/wp-json\/wp\/v2\/media?parent=2222"}],"wp:term":[{"taxonomy":"product_brand","embeddable":true,"href":"https:\/\/ajupe.com.uy\/web\/wp-json\/wp\/v2\/product_brand?post=2222"},{"taxonomy":"product_cat","embeddable":true,"href":"https:\/\/ajupe.com.uy\/web\/wp-json\/wp\/v2\/product_cat?post=2222"},{"taxonomy":"product_tag","embeddable":true,"href":"https:\/\/ajupe.com.uy\/web\/wp-json\/wp\/v2\/product_tag?post=2222"}],"curies":[{"name":"wp","href":"https:\/\/api.w.org\/{rel}","templated":true}]}}