{"id":2226,"date":"2010-07-14T00:00:00","date_gmt":"2010-07-14T03:00:00","guid":{"rendered":"http:\/\/ajupe.com.uy\/web\/?post_type=product&#038;p=2226"},"modified":"2011-09-16T18:27:32","modified_gmt":"2011-09-16T21:27:32","slug":"codigo-azul","status":"publish","type":"product","link":"https:\/\/ajupe.com.uy\/web\/biblioteca\/codigo-azul\/","title":{"rendered":"C\u00f3digo Azul"},"content":{"rendered":"<p>El FBI lo llama c\u00f3digo azul: cuando se sospecha que la identidad del testigo ha sido descubierta, cuando ha dejado la seguridad del programa, cuando no se sabe si est\u00e1 muerto o vivo&#8230; La vida de Kate se convierte en una pesadilla cuando descubre que su padre est\u00e1 involucrado en el caso judicial contra un poderoso cartel de narcos. Todos los miembros de su familia se convierten en testigos protegidos: han de dejar atr\u00e1s su casa, su ciudad, sus trabajos, sus amigos&#8230; toda su vida. Kate se niega a entrar en el programa, aunque eso signifique separarse de los que m\u00e1s quiere. Una vez sola, comienza a descubrir que el FBI y su propio padre le est\u00e1n ocultando algo. Y que a veces, los que m\u00e1s tenemos m\u00e1s cerca son los que m\u00e1s hemos de temer.<\/p>\n","protected":false},"excerpt":{"rendered":"<p>El FBI lo llama c\u00f3digo azul: cuando se sospecha que la identidad del testigo ha sido descubierta, cuando ha dejado la seguridad del programa, cuando no se sabe si est\u00e1 muerto o vivo&#8230; La vida de Kate se convierte en una pesadilla cuando descubre que su p<\/p>\n","protected":false},"featured_media":2227,"template":"","meta":[],"product_brand":[556],"product_cat":[30,48],"product_tag":[],"class_list":{"0":"post-2226","1":"product","2":"type-product","3":"status-publish","4":"has-post-thumbnail","6":"product_brand-andrew-gross","7":"product_cat-suspenso","8":"product_cat-thrillers","10":"first","11":"instock","12":"purchasable","13":"product-type-simple"},"featured_image_urls_v2":{"full":["https:\/\/ajupe.com.uy\/web\/wp-content\/uploads\/2016\/04\/p-2226-7531.jpg",235,358,false],"thumbnail":["https:\/\/ajupe.com.uy\/web\/wp-content\/uploads\/2016\/04\/p-2226-7531.jpg",150,150,true],"medium":["https:\/\/ajupe.com.uy\/web\/wp-content\/uploads\/2016\/04\/p-2226-7531.jpg",300,214,true],"medium_large":["https:\/\/ajupe.com.uy\/web\/wp-content\/uploads\/2016\/04\/p-2226-7531.jpg",235,358,false],"large":["https:\/\/ajupe.com.uy\/web\/wp-content\/uploads\/2016\/04\/p-2226-7531.jpg",235,358,false],"1536x1536":["https:\/\/ajupe.com.uy\/web\/wp-content\/uploads\/2016\/04\/p-2226-7531.jpg",235,358,false],"2048x2048":["https:\/\/ajupe.com.uy\/web\/wp-content\/uploads\/2016\/04\/p-2226-7531.jpg",235,358,false],"woocommerce_archive_thumbnail":["https:\/\/ajupe.com.uy\/web\/wp-content\/uploads\/2016\/04\/p-2226-7531-235x300.jpg",235,300,true],"woocommerce_thumbnail":["https:\/\/ajupe.com.uy\/web\/wp-content\/uploads\/2016\/04\/p-2226-7531-235x300.jpg",235,300,true],"woocommerce_single":["https:\/\/ajupe.com.uy\/web\/wp-content\/uploads\/2016\/04\/p-2226-7531.jpg",235,358,false],"woocommerce_gallery_thumbnail":["https:\/\/ajupe.com.uy\/web\/wp-content\/uploads\/2016\/04\/p-2226-7531-100x100.jpg",100,100,true]},"post_excerpt_stackable_v2":"<p>El FBI lo llama c\u00f3digo azul: cuando se sospecha que la identidad del testigo ha sido descubierta, cuando ha dejado la seguridad del programa, cuando no se sabe si est\u00e1 muerto o vivo&#8230; La vida de Kate se convierte en una pesadilla cuando descubre que su p<\/p>\n","category_list_v2":"","author_info_v2":{"name":"","url":""},"comments_num_v2":"0 comentarios","_links":{"self":[{"href":"https:\/\/ajupe.com.uy\/web\/wp-json\/wp\/v2\/product\/2226","targetHints":{"allow":["GET"]}}],"collection":[{"href":"https:\/\/ajupe.com.uy\/web\/wp-json\/wp\/v2\/product"}],"about":[{"href":"https:\/\/ajupe.com.uy\/web\/wp-json\/wp\/v2\/types\/product"}],"wp:featuredmedia":[{"embeddable":true,"href":"https:\/\/ajupe.com.uy\/web\/wp-json\/wp\/v2\/media\/2227"}],"wp:attachment":[{"href":"https:\/\/ajupe.com.uy\/web\/wp-json\/wp\/v2\/media?parent=2226"}],"wp:term":[{"taxonomy":"product_brand","embeddable":true,"href":"https:\/\/ajupe.com.uy\/web\/wp-json\/wp\/v2\/product_brand?post=2226"},{"taxonomy":"product_cat","embeddable":true,"href":"https:\/\/ajupe.com.uy\/web\/wp-json\/wp\/v2\/product_cat?post=2226"},{"taxonomy":"product_tag","embeddable":true,"href":"https:\/\/ajupe.com.uy\/web\/wp-json\/wp\/v2\/product_tag?post=2226"}],"curies":[{"name":"wp","href":"https:\/\/api.w.org\/{rel}","templated":true}]}}