{"id":2228,"date":"2010-07-14T00:00:00","date_gmt":"2010-07-14T03:00:00","guid":{"rendered":"http:\/\/ajupe.com.uy\/web\/?post_type=product&#038;p=2228"},"modified":"2011-09-16T18:26:39","modified_gmt":"2011-09-16T21:26:39","slug":"heridas-abiertas","status":"publish","type":"product","link":"https:\/\/ajupe.com.uy\/web\/biblioteca\/heridas-abiertas\/","title":{"rendered":"Heridas Abiertas"},"content":{"rendered":"<p>Cuando la reportera Camilla Preaker vuelve a su pueblo natal para investigar si la reciente desaparici\u00f3n de una ni\u00f1a tiene relaci\u00f3n con el secuestro y asesinato de otra ocurrido un a\u00f1o atr\u00e1s, se reencuentra no s\u00f3lo con su madre sin escr\u00fapulos, pero tambi\u00e9n con los fantasmas de su pasado y las jerarqu\u00edas sociales de un peque\u00f1o pueblo de la Am\u00e9rica profunda.<\/p>\n","protected":false},"excerpt":{"rendered":"<p>Cuando la reportera Camilla Preaker vuelve a su pueblo natal para investigar si la reciente desaparici\u00f3n de una ni\u00f1a tiene relaci\u00f3n con el secuestro y asesinato de otra ocurrido un a\u00f1o atr\u00e1s, se reencuentra no s\u00f3lo con su madre sin escr\u00fapulos, pero tambi\u00e9<\/p>\n","protected":false},"featured_media":2229,"template":"","meta":[],"product_brand":[489],"product_cat":[29],"product_tag":[],"class_list":{"0":"post-2228","1":"product","2":"type-product","3":"status-publish","4":"has-post-thumbnail","6":"product_brand-lincoln-r-maiztegui-casas","7":"product_cat-novela","9":"first","10":"instock","11":"purchasable","12":"product-type-simple"},"featured_image_urls_v2":{"full":["https:\/\/ajupe.com.uy\/web\/wp-content\/uploads\/2016\/04\/p-2228-7532.jpg",240,361,false],"thumbnail":["https:\/\/ajupe.com.uy\/web\/wp-content\/uploads\/2016\/04\/p-2228-7532.jpg",150,150,true],"medium":["https:\/\/ajupe.com.uy\/web\/wp-content\/uploads\/2016\/04\/p-2228-7532.jpg",300,214,true],"medium_large":["https:\/\/ajupe.com.uy\/web\/wp-content\/uploads\/2016\/04\/p-2228-7532.jpg",240,361,false],"large":["https:\/\/ajupe.com.uy\/web\/wp-content\/uploads\/2016\/04\/p-2228-7532.jpg",240,361,false],"1536x1536":["https:\/\/ajupe.com.uy\/web\/wp-content\/uploads\/2016\/04\/p-2228-7532.jpg",240,361,false],"2048x2048":["https:\/\/ajupe.com.uy\/web\/wp-content\/uploads\/2016\/04\/p-2228-7532.jpg",240,361,false],"woocommerce_archive_thumbnail":["https:\/\/ajupe.com.uy\/web\/wp-content\/uploads\/2016\/04\/p-2228-7532-240x300.jpg",240,300,true],"woocommerce_thumbnail":["https:\/\/ajupe.com.uy\/web\/wp-content\/uploads\/2016\/04\/p-2228-7532-240x300.jpg",240,300,true],"woocommerce_single":["https:\/\/ajupe.com.uy\/web\/wp-content\/uploads\/2016\/04\/p-2228-7532.jpg",240,361,false],"woocommerce_gallery_thumbnail":["https:\/\/ajupe.com.uy\/web\/wp-content\/uploads\/2016\/04\/p-2228-7532-100x100.jpg",100,100,true]},"post_excerpt_stackable_v2":"<p>Cuando la reportera Camilla Preaker vuelve a su pueblo natal para investigar si la reciente desaparici\u00f3n de una ni\u00f1a tiene relaci\u00f3n con el secuestro y asesinato de otra ocurrido un a\u00f1o atr\u00e1s, se reencuentra no s\u00f3lo con su madre sin escr\u00fapulos, pero tambi\u00e9<\/p>\n","category_list_v2":"","author_info_v2":{"name":"","url":""},"comments_num_v2":"0 comentarios","_links":{"self":[{"href":"https:\/\/ajupe.com.uy\/web\/wp-json\/wp\/v2\/product\/2228","targetHints":{"allow":["GET"]}}],"collection":[{"href":"https:\/\/ajupe.com.uy\/web\/wp-json\/wp\/v2\/product"}],"about":[{"href":"https:\/\/ajupe.com.uy\/web\/wp-json\/wp\/v2\/types\/product"}],"wp:featuredmedia":[{"embeddable":true,"href":"https:\/\/ajupe.com.uy\/web\/wp-json\/wp\/v2\/media\/2229"}],"wp:attachment":[{"href":"https:\/\/ajupe.com.uy\/web\/wp-json\/wp\/v2\/media?parent=2228"}],"wp:term":[{"taxonomy":"product_brand","embeddable":true,"href":"https:\/\/ajupe.com.uy\/web\/wp-json\/wp\/v2\/product_brand?post=2228"},{"taxonomy":"product_cat","embeddable":true,"href":"https:\/\/ajupe.com.uy\/web\/wp-json\/wp\/v2\/product_cat?post=2228"},{"taxonomy":"product_tag","embeddable":true,"href":"https:\/\/ajupe.com.uy\/web\/wp-json\/wp\/v2\/product_tag?post=2228"}],"curies":[{"name":"wp","href":"https:\/\/api.w.org\/{rel}","templated":true}]}}