{"id":2240,"date":"2010-07-14T00:00:00","date_gmt":"2010-07-14T03:00:00","guid":{"rendered":"http:\/\/ajupe.com.uy\/web\/?post_type=product&#038;p=2240"},"modified":"2011-09-16T18:23:24","modified_gmt":"2011-09-16T21:23:24","slug":"el-ardor-de-la-sangre","status":"publish","type":"product","link":"https:\/\/ajupe.com.uy\/web\/biblioteca\/el-ardor-de-la-sangre\/","title":{"rendered":"El ardor de la sangre"},"content":{"rendered":"<p>La reciente publicaci\u00f3n en Francia de esta nueva obra in\u00e9dita de Ir\u00e8ne N\u00e9mirovsky ha vuelto a situar la obra y la azarosa biograf\u00eda de esta gran autora en el primer plano de la actualidad. Descubierto en el IMEC (Institut M\u00e9moires de l\u2019\u00c9dition Contemporaine) por los actuales bi\u00f3grafos de N\u00e9mirovsky, el manuscrito hab\u00eda permanecido perdido y olvidado entre los papeles de su editor de la \u00e9poca. Novela intimista y conmovedora, El ardor de la sangre constituye todo un hallazgo que confirma a Ir\u00e8ne N\u00e9mirovsky entre los autores europeos m\u00e1s destacados del siglo xx. Todo ocurre en una tranquila villa de provincias francesa, a principios de los a\u00f1os treinta. Silvio, el narrador, ha dilapidado su fortuna recorriendo mundo. A los sesenta a\u00f1os, sin mujer ni hijos, s\u00f3lo le queda esperar la muerte mientras se dedica a observar la comedia humana en este rinc\u00f3n de Francia donde, aparentemente, nunca sucede nada. Un d\u00eda, sin embargo, una muerte tr\u00e1gica quiebra la placidez de esa sociedad cerrada y hier\u00e1tica. A partir de all\u00ed, emergen uno tras otro los secretos del pasado, hechos ocultados cuidadosamente que demuestran c\u00f3mo la pasi\u00f3n juvenil, ese ardor de la sangre, puede trastornar el curso de la vida. Como en el juego de las cajas chinas, las confesiones se suceden hasta llegar a una \u00faltima y perturbadora revelaci\u00f3n. Con un tono intenso y sosegado, N\u00e9mirovsky utiliza el espejo sereno y fr\u00edo de la edad madura para reflejar el impulso fogoso y los excesos de la juventud, en agudo contraste con el sofocante ambiente provinciano de sobreentendidos, sospechas y silencios que la autora describe con esa particular mezcla de lucidez y compasi\u00f3n que caracteriza su obra.<\/p>\n","protected":false},"excerpt":{"rendered":"<p>La reciente publicaci\u00f3n en Francia de esta nueva obra in\u00e9dita de Ir\u00e8ne N\u00e9mirovsky ha vuelto a situar la obra y la azarosa biograf\u00eda de esta gran autora en el primer plano de la actualidad. Descubierto en el IMEC (Institut M\u00e9moires de l\u2019\u00c9dition Contemporai<\/p>\n","protected":false},"featured_media":2241,"template":"","meta":[],"product_brand":[530],"product_cat":[29],"product_tag":[],"class_list":{"0":"post-2240","1":"product","2":"type-product","3":"status-publish","4":"has-post-thumbnail","6":"product_brand-irene-nemirovsky","7":"product_cat-novela","9":"first","10":"instock","11":"purchasable","12":"product-type-simple"},"featured_image_urls_v2":{"full":["https:\/\/ajupe.com.uy\/web\/wp-content\/uploads\/2016\/04\/p-2240-7538.jpg",248,378,false],"thumbnail":["https:\/\/ajupe.com.uy\/web\/wp-content\/uploads\/2016\/04\/p-2240-7538.jpg",150,150,true],"medium":["https:\/\/ajupe.com.uy\/web\/wp-content\/uploads\/2016\/04\/p-2240-7538.jpg",300,214,true],"medium_large":["https:\/\/ajupe.com.uy\/web\/wp-content\/uploads\/2016\/04\/p-2240-7538.jpg",248,378,false],"large":["https:\/\/ajupe.com.uy\/web\/wp-content\/uploads\/2016\/04\/p-2240-7538.jpg",248,378,false],"1536x1536":["https:\/\/ajupe.com.uy\/web\/wp-content\/uploads\/2016\/04\/p-2240-7538.jpg",248,378,false],"2048x2048":["https:\/\/ajupe.com.uy\/web\/wp-content\/uploads\/2016\/04\/p-2240-7538.jpg",248,378,false],"woocommerce_archive_thumbnail":["https:\/\/ajupe.com.uy\/web\/wp-content\/uploads\/2016\/04\/p-2240-7538-248x300.jpg",248,300,true],"woocommerce_thumbnail":["https:\/\/ajupe.com.uy\/web\/wp-content\/uploads\/2016\/04\/p-2240-7538-248x300.jpg",248,300,true],"woocommerce_single":["https:\/\/ajupe.com.uy\/web\/wp-content\/uploads\/2016\/04\/p-2240-7538.jpg",248,378,false],"woocommerce_gallery_thumbnail":["https:\/\/ajupe.com.uy\/web\/wp-content\/uploads\/2016\/04\/p-2240-7538-100x100.jpg",100,100,true]},"post_excerpt_stackable_v2":"<p>La reciente publicaci\u00f3n en Francia de esta nueva obra in\u00e9dita de Ir\u00e8ne N\u00e9mirovsky ha vuelto a situar la obra y la azarosa biograf\u00eda de esta gran autora en el primer plano de la actualidad. Descubierto en el IMEC (Institut M\u00e9moires de l\u2019\u00c9dition Contemporai<\/p>\n","category_list_v2":"","author_info_v2":{"name":"","url":""},"comments_num_v2":"0 comentarios","_links":{"self":[{"href":"https:\/\/ajupe.com.uy\/web\/wp-json\/wp\/v2\/product\/2240","targetHints":{"allow":["GET"]}}],"collection":[{"href":"https:\/\/ajupe.com.uy\/web\/wp-json\/wp\/v2\/product"}],"about":[{"href":"https:\/\/ajupe.com.uy\/web\/wp-json\/wp\/v2\/types\/product"}],"wp:featuredmedia":[{"embeddable":true,"href":"https:\/\/ajupe.com.uy\/web\/wp-json\/wp\/v2\/media\/2241"}],"wp:attachment":[{"href":"https:\/\/ajupe.com.uy\/web\/wp-json\/wp\/v2\/media?parent=2240"}],"wp:term":[{"taxonomy":"product_brand","embeddable":true,"href":"https:\/\/ajupe.com.uy\/web\/wp-json\/wp\/v2\/product_brand?post=2240"},{"taxonomy":"product_cat","embeddable":true,"href":"https:\/\/ajupe.com.uy\/web\/wp-json\/wp\/v2\/product_cat?post=2240"},{"taxonomy":"product_tag","embeddable":true,"href":"https:\/\/ajupe.com.uy\/web\/wp-json\/wp\/v2\/product_tag?post=2240"}],"curies":[{"name":"wp","href":"https:\/\/api.w.org\/{rel}","templated":true}]}}