{"id":2242,"date":"2010-07-14T00:00:00","date_gmt":"2010-07-14T03:00:00","guid":{"rendered":"http:\/\/ajupe.com.uy\/web\/?post_type=product&#038;p=2242"},"modified":"2011-09-16T18:22:45","modified_gmt":"2011-09-16T21:22:45","slug":"chiquita","status":"publish","type":"product","link":"https:\/\/ajupe.com.uy\/web\/biblioteca\/chiquita\/","title":{"rendered":"Chiquita"},"content":{"rendered":"<p>Con s\u00f3lo veintis\u00e9is pulgadas de estatura, la joven cubana Espiridiona Cenda llega a la Nueva York de finales del siglo x i x con la idea de triunfar como bailarina y cantante. As\u00ed arranca la biograf\u00eda imaginaria de una mujer seductora e independiente que lleg\u00f3 a convertirse en una gran estrella de los teatros y las ferias de su tiempo. Una novela a la vez elegante y llena de vida, con una notable gracia narrativa y una imaginaci\u00f3n sin descanso, que despliega, como una inmensa partitura de ejecuci\u00f3n precisa, la \u00e9poca y la vida de un personaje extraordinario, la liliputiense cubana Espiridiona Cenda.<\/p>\n","protected":false},"excerpt":{"rendered":"<p>Con s\u00f3lo veintis\u00e9is pulgadas de estatura, la joven cubana Espiridiona Cenda llega a la Nueva York de finales del siglo x i x con la idea de triunfar como bailarina y cantante. As\u00ed arranca la biograf\u00eda imaginaria de una mujer seductora e independiente que<\/p>\n","protected":false},"featured_media":2243,"template":"","meta":[],"product_brand":[566],"product_cat":[29],"product_tag":[],"class_list":{"0":"post-2242","1":"product","2":"type-product","3":"status-publish","4":"has-post-thumbnail","6":"product_brand-antonio-orlando-rodriguez","7":"product_cat-novela","9":"first","10":"instock","11":"purchasable","12":"product-type-simple"},"featured_image_urls_v2":{"full":["https:\/\/ajupe.com.uy\/web\/wp-content\/uploads\/2016\/04\/p-2242-7539.jpg",231,352,false],"thumbnail":["https:\/\/ajupe.com.uy\/web\/wp-content\/uploads\/2016\/04\/p-2242-7539.jpg",150,150,true],"medium":["https:\/\/ajupe.com.uy\/web\/wp-content\/uploads\/2016\/04\/p-2242-7539.jpg",300,214,true],"medium_large":["https:\/\/ajupe.com.uy\/web\/wp-content\/uploads\/2016\/04\/p-2242-7539.jpg",231,352,false],"large":["https:\/\/ajupe.com.uy\/web\/wp-content\/uploads\/2016\/04\/p-2242-7539.jpg",231,352,false],"1536x1536":["https:\/\/ajupe.com.uy\/web\/wp-content\/uploads\/2016\/04\/p-2242-7539.jpg",231,352,false],"2048x2048":["https:\/\/ajupe.com.uy\/web\/wp-content\/uploads\/2016\/04\/p-2242-7539.jpg",231,352,false],"woocommerce_archive_thumbnail":["https:\/\/ajupe.com.uy\/web\/wp-content\/uploads\/2016\/04\/p-2242-7539-231x300.jpg",231,300,true],"woocommerce_thumbnail":["https:\/\/ajupe.com.uy\/web\/wp-content\/uploads\/2016\/04\/p-2242-7539-231x300.jpg",231,300,true],"woocommerce_single":["https:\/\/ajupe.com.uy\/web\/wp-content\/uploads\/2016\/04\/p-2242-7539.jpg",231,352,false],"woocommerce_gallery_thumbnail":["https:\/\/ajupe.com.uy\/web\/wp-content\/uploads\/2016\/04\/p-2242-7539-100x100.jpg",100,100,true]},"post_excerpt_stackable_v2":"<p>Con s\u00f3lo veintis\u00e9is pulgadas de estatura, la joven cubana Espiridiona Cenda llega a la Nueva York de finales del siglo x i x con la idea de triunfar como bailarina y cantante. As\u00ed arranca la biograf\u00eda imaginaria de una mujer seductora e independiente que<\/p>\n","category_list_v2":"","author_info_v2":{"name":"","url":""},"comments_num_v2":"0 comentarios","_links":{"self":[{"href":"https:\/\/ajupe.com.uy\/web\/wp-json\/wp\/v2\/product\/2242","targetHints":{"allow":["GET"]}}],"collection":[{"href":"https:\/\/ajupe.com.uy\/web\/wp-json\/wp\/v2\/product"}],"about":[{"href":"https:\/\/ajupe.com.uy\/web\/wp-json\/wp\/v2\/types\/product"}],"wp:featuredmedia":[{"embeddable":true,"href":"https:\/\/ajupe.com.uy\/web\/wp-json\/wp\/v2\/media\/2243"}],"wp:attachment":[{"href":"https:\/\/ajupe.com.uy\/web\/wp-json\/wp\/v2\/media?parent=2242"}],"wp:term":[{"taxonomy":"product_brand","embeddable":true,"href":"https:\/\/ajupe.com.uy\/web\/wp-json\/wp\/v2\/product_brand?post=2242"},{"taxonomy":"product_cat","embeddable":true,"href":"https:\/\/ajupe.com.uy\/web\/wp-json\/wp\/v2\/product_cat?post=2242"},{"taxonomy":"product_tag","embeddable":true,"href":"https:\/\/ajupe.com.uy\/web\/wp-json\/wp\/v2\/product_tag?post=2242"}],"curies":[{"name":"wp","href":"https:\/\/api.w.org\/{rel}","templated":true}]}}