{"id":2244,"date":"2010-07-14T00:00:00","date_gmt":"2010-07-14T03:00:00","guid":{"rendered":"http:\/\/ajupe.com.uy\/web\/?post_type=product&#038;p=2244"},"modified":"2011-09-28T19:49:15","modified_gmt":"2011-09-28T22:49:15","slug":"la-cruz-de-morrigan-trilogia-del-cerculo-i","status":"publish","type":"product","link":"https:\/\/ajupe.com.uy\/web\/biblioteca\/la-cruz-de-morrigan-trilogia-del-cerculo-i\/","title":{"rendered":"La Cruz de Morrigan (Trilogia del cerculo I)"},"content":{"rendered":"<p>Primera entrega de la trilog\u00eda El c\u00edrculo. Tras la desaparici\u00f3n de su hermano gemelo, Hoyt Mac Cionaoith recibe la visita de la diosa Morrigan, que le encarga la misi\u00f3n de salvar al mundo de la poderosa vampira Lilith. Para conseguirlo deber\u00e1 viajar en el tiempo para localizar a otros cinco elegidos con los que deber\u00e1 formar un c\u00edrculo, \u00fanica manera de enfrentarse a la diab\u00f3lica Lilith.<\/p>\n","protected":false},"excerpt":{"rendered":"<p>Primera entrega de la trilog\u00eda El c\u00edrculo. Tras la desaparici\u00f3n de su hermano gemelo, Hoyt Mac Cionaoith recibe la visita de la diosa Morrigan, que le encarga la misi\u00f3n de salvar al mundo de la poderosa vampira Lilith. Para conseguirlo deber\u00e1 viajar en el<\/p>\n","protected":false},"featured_media":2245,"template":"","meta":[],"product_brand":[267],"product_cat":[29],"product_tag":[],"class_list":{"0":"post-2244","1":"product","2":"type-product","3":"status-publish","4":"has-post-thumbnail","6":"product_brand-nora-roberts","7":"product_cat-novela","9":"first","10":"instock","11":"purchasable","12":"product-type-simple"},"featured_image_urls_v2":{"full":["https:\/\/ajupe.com.uy\/web\/wp-content\/uploads\/2016\/04\/p-2244-7541.jpg",226,360,false],"thumbnail":["https:\/\/ajupe.com.uy\/web\/wp-content\/uploads\/2016\/04\/p-2244-7541.jpg",150,150,true],"medium":["https:\/\/ajupe.com.uy\/web\/wp-content\/uploads\/2016\/04\/p-2244-7541.jpg",300,214,true],"medium_large":["https:\/\/ajupe.com.uy\/web\/wp-content\/uploads\/2016\/04\/p-2244-7541.jpg",226,360,false],"large":["https:\/\/ajupe.com.uy\/web\/wp-content\/uploads\/2016\/04\/p-2244-7541.jpg",226,360,false],"1536x1536":["https:\/\/ajupe.com.uy\/web\/wp-content\/uploads\/2016\/04\/p-2244-7541.jpg",226,360,false],"2048x2048":["https:\/\/ajupe.com.uy\/web\/wp-content\/uploads\/2016\/04\/p-2244-7541.jpg",226,360,false],"woocommerce_archive_thumbnail":["https:\/\/ajupe.com.uy\/web\/wp-content\/uploads\/2016\/04\/p-2244-7541-226x300.jpg",226,300,true],"woocommerce_thumbnail":["https:\/\/ajupe.com.uy\/web\/wp-content\/uploads\/2016\/04\/p-2244-7541-226x300.jpg",226,300,true],"woocommerce_single":["https:\/\/ajupe.com.uy\/web\/wp-content\/uploads\/2016\/04\/p-2244-7541.jpg",226,360,false],"woocommerce_gallery_thumbnail":["https:\/\/ajupe.com.uy\/web\/wp-content\/uploads\/2016\/04\/p-2244-7541-100x100.jpg",100,100,true]},"post_excerpt_stackable_v2":"<p>Primera entrega de la trilog\u00eda El c\u00edrculo. Tras la desaparici\u00f3n de su hermano gemelo, Hoyt Mac Cionaoith recibe la visita de la diosa Morrigan, que le encarga la misi\u00f3n de salvar al mundo de la poderosa vampira Lilith. Para conseguirlo deber\u00e1 viajar en el<\/p>\n","category_list_v2":"","author_info_v2":{"name":"","url":""},"comments_num_v2":"0 comentarios","_links":{"self":[{"href":"https:\/\/ajupe.com.uy\/web\/wp-json\/wp\/v2\/product\/2244","targetHints":{"allow":["GET"]}}],"collection":[{"href":"https:\/\/ajupe.com.uy\/web\/wp-json\/wp\/v2\/product"}],"about":[{"href":"https:\/\/ajupe.com.uy\/web\/wp-json\/wp\/v2\/types\/product"}],"wp:featuredmedia":[{"embeddable":true,"href":"https:\/\/ajupe.com.uy\/web\/wp-json\/wp\/v2\/media\/2245"}],"wp:attachment":[{"href":"https:\/\/ajupe.com.uy\/web\/wp-json\/wp\/v2\/media?parent=2244"}],"wp:term":[{"taxonomy":"product_brand","embeddable":true,"href":"https:\/\/ajupe.com.uy\/web\/wp-json\/wp\/v2\/product_brand?post=2244"},{"taxonomy":"product_cat","embeddable":true,"href":"https:\/\/ajupe.com.uy\/web\/wp-json\/wp\/v2\/product_cat?post=2244"},{"taxonomy":"product_tag","embeddable":true,"href":"https:\/\/ajupe.com.uy\/web\/wp-json\/wp\/v2\/product_tag?post=2244"}],"curies":[{"name":"wp","href":"https:\/\/api.w.org\/{rel}","templated":true}]}}