{"id":2246,"date":"2010-07-14T00:00:00","date_gmt":"2010-07-14T03:00:00","guid":{"rendered":"http:\/\/ajupe.com.uy\/web\/?post_type=product&#038;p=2246"},"modified":"2011-09-16T18:17:44","modified_gmt":"2011-09-16T21:17:44","slug":"orientales-vol-i","status":"publish","type":"product","link":"https:\/\/ajupe.com.uy\/web\/biblioteca\/orientales-vol-i\/","title":{"rendered":"Orientales Vol. I"},"content":{"rendered":"<p>Este primer volumen abarca desde los or\u00edgenes hasta 1865, pasando por los hechos y los personajes de la historia m\u00e1s importantes y que nos llevaron a ser lo que somos. Es muy interesante la forma en que la historia es presentada en el libro, no como una linealidad de sucesos sino como una gran cantidad de sucesos interrelacionados que, con el transcurso del tiempo, van influenciando personajes y creando situaciones para conformar la realidad. Los hechos y los perfiles de los distintos personajes que conforman nuestra historia, son analizados desde varios puntos de vista, antag\u00f3nicos en muchos casos, brindando los elementos necesarios como para que el lector pueda entender lo que pas\u00f3 ponder\u00e1ndolo seg\u00fan quien lo relata. No es una historia contada por vencidos ni vencedores, sino un buen an\u00e1lisis de hechos y personas.<\/p>\n","protected":false},"excerpt":{"rendered":"<p>Este primer volumen abarca desde los or\u00edgenes hasta 1865, pasando por los hechos y los personajes de la historia m\u00e1s importantes y que nos llevaron a ser lo que somos. Es muy interesante la forma en que la historia es presentada en el libro, no como una l<\/p>\n","protected":false},"featured_media":2247,"template":"","meta":[],"product_brand":[489],"product_cat":[31,45],"product_tag":[],"class_list":{"0":"post-2246","1":"product","2":"type-product","3":"status-publish","4":"has-post-thumbnail","6":"product_brand-lincoln-r-maiztegui-casas","7":"product_cat-historico","8":"product_cat-uruguayo","10":"first","11":"instock","12":"purchasable","13":"product-type-simple"},"featured_image_urls_v2":{"full":["https:\/\/ajupe.com.uy\/web\/wp-content\/uploads\/2016\/04\/p-2246-7544.jpg",256,377,false],"thumbnail":["https:\/\/ajupe.com.uy\/web\/wp-content\/uploads\/2016\/04\/p-2246-7544.jpg",150,150,true],"medium":["https:\/\/ajupe.com.uy\/web\/wp-content\/uploads\/2016\/04\/p-2246-7544.jpg",300,214,true],"medium_large":["https:\/\/ajupe.com.uy\/web\/wp-content\/uploads\/2016\/04\/p-2246-7544.jpg",256,377,false],"large":["https:\/\/ajupe.com.uy\/web\/wp-content\/uploads\/2016\/04\/p-2246-7544.jpg",256,377,false],"1536x1536":["https:\/\/ajupe.com.uy\/web\/wp-content\/uploads\/2016\/04\/p-2246-7544.jpg",256,377,false],"2048x2048":["https:\/\/ajupe.com.uy\/web\/wp-content\/uploads\/2016\/04\/p-2246-7544.jpg",256,377,false],"woocommerce_archive_thumbnail":["https:\/\/ajupe.com.uy\/web\/wp-content\/uploads\/2016\/04\/p-2246-7544-256x300.jpg",256,300,true],"woocommerce_thumbnail":["https:\/\/ajupe.com.uy\/web\/wp-content\/uploads\/2016\/04\/p-2246-7544-256x300.jpg",256,300,true],"woocommerce_single":["https:\/\/ajupe.com.uy\/web\/wp-content\/uploads\/2016\/04\/p-2246-7544.jpg",256,377,false],"woocommerce_gallery_thumbnail":["https:\/\/ajupe.com.uy\/web\/wp-content\/uploads\/2016\/04\/p-2246-7544-100x100.jpg",100,100,true]},"post_excerpt_stackable_v2":"<p>Este primer volumen abarca desde los or\u00edgenes hasta 1865, pasando por los hechos y los personajes de la historia m\u00e1s importantes y que nos llevaron a ser lo que somos. Es muy interesante la forma en que la historia es presentada en el libro, no como una l<\/p>\n","category_list_v2":"","author_info_v2":{"name":"","url":""},"comments_num_v2":"0 comentarios","_links":{"self":[{"href":"https:\/\/ajupe.com.uy\/web\/wp-json\/wp\/v2\/product\/2246","targetHints":{"allow":["GET"]}}],"collection":[{"href":"https:\/\/ajupe.com.uy\/web\/wp-json\/wp\/v2\/product"}],"about":[{"href":"https:\/\/ajupe.com.uy\/web\/wp-json\/wp\/v2\/types\/product"}],"wp:featuredmedia":[{"embeddable":true,"href":"https:\/\/ajupe.com.uy\/web\/wp-json\/wp\/v2\/media\/2247"}],"wp:attachment":[{"href":"https:\/\/ajupe.com.uy\/web\/wp-json\/wp\/v2\/media?parent=2246"}],"wp:term":[{"taxonomy":"product_brand","embeddable":true,"href":"https:\/\/ajupe.com.uy\/web\/wp-json\/wp\/v2\/product_brand?post=2246"},{"taxonomy":"product_cat","embeddable":true,"href":"https:\/\/ajupe.com.uy\/web\/wp-json\/wp\/v2\/product_cat?post=2246"},{"taxonomy":"product_tag","embeddable":true,"href":"https:\/\/ajupe.com.uy\/web\/wp-json\/wp\/v2\/product_tag?post=2246"}],"curies":[{"name":"wp","href":"https:\/\/api.w.org\/{rel}","templated":true}]}}