{"id":2248,"date":"2010-07-14T00:00:00","date_gmt":"2010-07-14T03:00:00","guid":{"rendered":"http:\/\/ajupe.com.uy\/web\/?post_type=product&#038;p=2248"},"modified":"2011-09-16T19:24:30","modified_gmt":"2011-09-16T22:24:30","slug":"la-hija-del-diablo","status":"publish","type":"product","link":"https:\/\/ajupe.com.uy\/web\/biblioteca\/la-hija-del-diablo\/","title":{"rendered":"La hija del diablo"},"content":{"rendered":"<p>Argumento: En la supersticiosa y fan\u00e1tica Inglaterra del siglo XVII, nace una ni\u00f1a, de nombre Tamar. Educada en la creencia de ser hija del Diablo, deber\u00e1 ser testigo de la muerte de su madre y su abuela, ambas acusadas de brujer\u00eda. Richard Merriman, se\u00f1or de la casa en la que antiguamente trabajaba su madre, confesar\u00e1 ser su verdadero padre y la tomar\u00e1 bajo su protecci\u00f3n, salvando su vida y d\u00e1ndole la educaci\u00f3n y los cuidados que hasta entonces le hab\u00edan sido negados&#8230;.<\/p>\n","protected":false},"excerpt":{"rendered":"<p>Argumento: En la supersticiosa y fan\u00e1tica Inglaterra del siglo XVII, nace una ni\u00f1a, de nombre Tamar. Educada en la creencia de ser hija del Diablo, deber\u00e1 ser testigo de la muerte de su madre y su abuela, ambas acusadas de brujer\u00eda. Richard Merriman, se\u00f1o<\/p>\n","protected":false},"featured_media":2249,"template":"","meta":[],"product_brand":[75],"product_cat":[29],"product_tag":[],"class_list":{"0":"post-2248","1":"product","2":"type-product","3":"status-publish","4":"has-post-thumbnail","6":"product_brand-jean-plaidy","7":"product_cat-novela","9":"first","10":"instock","11":"purchasable","12":"product-type-simple"},"featured_image_urls_v2":{"full":["https:\/\/ajupe.com.uy\/web\/wp-content\/uploads\/2016\/04\/p-2248-6270.jpg",224,320,false],"thumbnail":["https:\/\/ajupe.com.uy\/web\/wp-content\/uploads\/2016\/04\/p-2248-6270.jpg",150,150,true],"medium":["https:\/\/ajupe.com.uy\/web\/wp-content\/uploads\/2016\/04\/p-2248-6270.jpg",300,214,true],"medium_large":["https:\/\/ajupe.com.uy\/web\/wp-content\/uploads\/2016\/04\/p-2248-6270.jpg",224,320,false],"large":["https:\/\/ajupe.com.uy\/web\/wp-content\/uploads\/2016\/04\/p-2248-6270.jpg",224,320,false],"1536x1536":["https:\/\/ajupe.com.uy\/web\/wp-content\/uploads\/2016\/04\/p-2248-6270.jpg",224,320,false],"2048x2048":["https:\/\/ajupe.com.uy\/web\/wp-content\/uploads\/2016\/04\/p-2248-6270.jpg",224,320,false],"woocommerce_archive_thumbnail":["https:\/\/ajupe.com.uy\/web\/wp-content\/uploads\/2016\/04\/p-2248-6270-224x300.jpg",224,300,true],"woocommerce_thumbnail":["https:\/\/ajupe.com.uy\/web\/wp-content\/uploads\/2016\/04\/p-2248-6270-224x300.jpg",224,300,true],"woocommerce_single":["https:\/\/ajupe.com.uy\/web\/wp-content\/uploads\/2016\/04\/p-2248-6270.jpg",224,320,false],"woocommerce_gallery_thumbnail":["https:\/\/ajupe.com.uy\/web\/wp-content\/uploads\/2016\/04\/p-2248-6270-100x100.jpg",100,100,true]},"post_excerpt_stackable_v2":"<p>Argumento: En la supersticiosa y fan\u00e1tica Inglaterra del siglo XVII, nace una ni\u00f1a, de nombre Tamar. Educada en la creencia de ser hija del Diablo, deber\u00e1 ser testigo de la muerte de su madre y su abuela, ambas acusadas de brujer\u00eda. Richard Merriman, se\u00f1o<\/p>\n","category_list_v2":"","author_info_v2":{"name":"","url":""},"comments_num_v2":"0 comentarios","_links":{"self":[{"href":"https:\/\/ajupe.com.uy\/web\/wp-json\/wp\/v2\/product\/2248","targetHints":{"allow":["GET"]}}],"collection":[{"href":"https:\/\/ajupe.com.uy\/web\/wp-json\/wp\/v2\/product"}],"about":[{"href":"https:\/\/ajupe.com.uy\/web\/wp-json\/wp\/v2\/types\/product"}],"wp:featuredmedia":[{"embeddable":true,"href":"https:\/\/ajupe.com.uy\/web\/wp-json\/wp\/v2\/media\/2249"}],"wp:attachment":[{"href":"https:\/\/ajupe.com.uy\/web\/wp-json\/wp\/v2\/media?parent=2248"}],"wp:term":[{"taxonomy":"product_brand","embeddable":true,"href":"https:\/\/ajupe.com.uy\/web\/wp-json\/wp\/v2\/product_brand?post=2248"},{"taxonomy":"product_cat","embeddable":true,"href":"https:\/\/ajupe.com.uy\/web\/wp-json\/wp\/v2\/product_cat?post=2248"},{"taxonomy":"product_tag","embeddable":true,"href":"https:\/\/ajupe.com.uy\/web\/wp-json\/wp\/v2\/product_tag?post=2248"}],"curies":[{"name":"wp","href":"https:\/\/api.w.org\/{rel}","templated":true}]}}