{"id":2258,"date":"2010-07-14T00:00:00","date_gmt":"2010-07-14T03:00:00","guid":{"rendered":"http:\/\/ajupe.com.uy\/web\/?post_type=product&#038;p=2258"},"modified":"2011-09-16T19:21:22","modified_gmt":"2011-09-16T22:21:22","slug":"asesinato-en-la-torre","status":"publish","type":"product","link":"https:\/\/ajupe.com.uy\/web\/biblioteca\/asesinato-en-la-torre\/","title":{"rendered":"Asesinato en la torre"},"content":{"rendered":"<p>Inglaterra, siglo XVII, las corte de Jacobo I se hunde en la decadencia y la mediocridad. Asesinato en la torre es otra de las m\u00e1s apasionantes como fieles reconstrucciones hist\u00f3ricas de Jean Plaidy. Ternura, pasi\u00f3n, amor y fidelidad se mezclan con las mas files pasiones.<\/p>\n","protected":false},"excerpt":{"rendered":"<p>Inglaterra, siglo XVII, las corte de Jacobo I se hunde en la decadencia y la mediocridad. Asesinato en la torre es otra de las m\u00e1s apasionantes como fieles reconstrucciones hist\u00f3ricas de Jean Plaidy. Ternura, pasi\u00f3n, amor y fidelidad se mezclan con las ma<\/p>\n","protected":false},"featured_media":2259,"template":"","meta":[],"product_brand":[75],"product_cat":[29],"product_tag":[],"class_list":{"0":"post-2258","1":"product","2":"type-product","3":"status-publish","4":"has-post-thumbnail","6":"product_brand-jean-plaidy","7":"product_cat-novela","9":"first","10":"instock","11":"purchasable","12":"product-type-simple"},"featured_image_urls_v2":{"full":["https:\/\/ajupe.com.uy\/web\/wp-content\/uploads\/2016\/04\/p-2258-6275.jpg",275,400,false],"thumbnail":["https:\/\/ajupe.com.uy\/web\/wp-content\/uploads\/2016\/04\/p-2258-6275.jpg",150,150,true],"medium":["https:\/\/ajupe.com.uy\/web\/wp-content\/uploads\/2016\/04\/p-2258-6275.jpg",300,214,true],"medium_large":["https:\/\/ajupe.com.uy\/web\/wp-content\/uploads\/2016\/04\/p-2258-6275.jpg",275,400,false],"large":["https:\/\/ajupe.com.uy\/web\/wp-content\/uploads\/2016\/04\/p-2258-6275.jpg",275,400,false],"1536x1536":["https:\/\/ajupe.com.uy\/web\/wp-content\/uploads\/2016\/04\/p-2258-6275.jpg",275,400,false],"2048x2048":["https:\/\/ajupe.com.uy\/web\/wp-content\/uploads\/2016\/04\/p-2258-6275.jpg",275,400,false],"woocommerce_archive_thumbnail":["https:\/\/ajupe.com.uy\/web\/wp-content\/uploads\/2016\/04\/p-2258-6275-275x300.jpg",275,300,true],"woocommerce_thumbnail":["https:\/\/ajupe.com.uy\/web\/wp-content\/uploads\/2016\/04\/p-2258-6275-275x300.jpg",275,300,true],"woocommerce_single":["https:\/\/ajupe.com.uy\/web\/wp-content\/uploads\/2016\/04\/p-2258-6275.jpg",275,400,false],"woocommerce_gallery_thumbnail":["https:\/\/ajupe.com.uy\/web\/wp-content\/uploads\/2016\/04\/p-2258-6275-100x100.jpg",100,100,true]},"post_excerpt_stackable_v2":"<p>Inglaterra, siglo XVII, las corte de Jacobo I se hunde en la decadencia y la mediocridad. Asesinato en la torre es otra de las m\u00e1s apasionantes como fieles reconstrucciones hist\u00f3ricas de Jean Plaidy. Ternura, pasi\u00f3n, amor y fidelidad se mezclan con las ma<\/p>\n","category_list_v2":"","author_info_v2":{"name":"","url":""},"comments_num_v2":"0 comentarios","_links":{"self":[{"href":"https:\/\/ajupe.com.uy\/web\/wp-json\/wp\/v2\/product\/2258","targetHints":{"allow":["GET"]}}],"collection":[{"href":"https:\/\/ajupe.com.uy\/web\/wp-json\/wp\/v2\/product"}],"about":[{"href":"https:\/\/ajupe.com.uy\/web\/wp-json\/wp\/v2\/types\/product"}],"wp:featuredmedia":[{"embeddable":true,"href":"https:\/\/ajupe.com.uy\/web\/wp-json\/wp\/v2\/media\/2259"}],"wp:attachment":[{"href":"https:\/\/ajupe.com.uy\/web\/wp-json\/wp\/v2\/media?parent=2258"}],"wp:term":[{"taxonomy":"product_brand","embeddable":true,"href":"https:\/\/ajupe.com.uy\/web\/wp-json\/wp\/v2\/product_brand?post=2258"},{"taxonomy":"product_cat","embeddable":true,"href":"https:\/\/ajupe.com.uy\/web\/wp-json\/wp\/v2\/product_cat?post=2258"},{"taxonomy":"product_tag","embeddable":true,"href":"https:\/\/ajupe.com.uy\/web\/wp-json\/wp\/v2\/product_tag?post=2258"}],"curies":[{"name":"wp","href":"https:\/\/api.w.org\/{rel}","templated":true}]}}