{"id":2264,"date":"2010-07-14T00:00:00","date_gmt":"2010-07-14T03:00:00","guid":{"rendered":"http:\/\/ajupe.com.uy\/web\/?post_type=product&#038;p=2264"},"modified":"2010-07-14T00:00:00","modified_gmt":"2010-07-14T03:00:00","slug":"al-filo-de-la-navaja","status":"publish","type":"product","link":"https:\/\/ajupe.com.uy\/web\/biblioteca\/al-filo-de-la-navaja\/","title":{"rendered":"Al Filo De La Navaja"},"content":{"rendered":"<p>Al sur de Chicago, un hombre es tan fuerte como lo es su propia reputaci\u00f3n. Danny Carter y su mejor amigo, Evan, se ganaron las suyas atracando bodegas y casas de empe\u00f1o, viviendo de golpe en golpe sin pensar nunca en el ma\u00f1ana. Pero lleg\u00f3 el d\u00eda en que un trabajo sali\u00f3 mal y, tras el estruendo de un disparo, todo cambi\u00f3. A\u00f1os despu\u00e9s, Danny ya no piensa en su pasado. Se ha construido un nuevo mundo: una carrera legal, una novia formal y una conciencia limpia. Es como cualquier otra persona: normal, triunfadora, feliz. Hasta que ve a su antiguo compa\u00f1ero mir\u00e1ndole en el espejo de un bar lleno de humo. El Evan curtido en prisi\u00f3n est\u00e1 pr\u00e1cticamente irreconocible. Tras cumplir la condena sin dejar caer el nombre de Danny, su viejo amigo cree que le debe una buena compensaci\u00f3n y est\u00e1 dispuesto a todo para conseguirla. Con todo lo que ama en juego y nadie a quien recurrir, Danny se da cuenta de que su vida pende de una decisi\u00f3n terrible: \u00bfHasta d\u00f3nde est\u00e1 dispuesto a llegar para proteger su futuro del pasado?<\/p>\n","protected":false},"excerpt":{"rendered":"<p>Al sur de Chicago, un hombre es tan fuerte como lo es su propia reputaci\u00f3n. Danny Carter y su mejor amigo, Evan, se ganaron las suyas atracando bodegas y casas de empe\u00f1o, viviendo de golpe en golpe sin pensar nunca en el ma\u00f1ana. Pero lleg\u00f3 el d\u00eda en que u<\/p>\n","protected":false},"featured_media":2265,"template":"","meta":[],"product_brand":[965],"product_cat":[40],"product_tag":[],"class_list":{"0":"post-2264","1":"product","2":"type-product","3":"status-publish","4":"has-post-thumbnail","6":"product_brand-cody-mcfadyen","7":"product_cat-policial","9":"first","10":"instock","11":"purchasable","12":"product-type-simple"},"featured_image_urls_v2":{"full":["https:\/\/ajupe.com.uy\/web\/wp-content\/uploads\/2016\/04\/p-2264-7676.jpg",255,393,false],"thumbnail":["https:\/\/ajupe.com.uy\/web\/wp-content\/uploads\/2016\/04\/p-2264-7676.jpg",150,150,true],"medium":["https:\/\/ajupe.com.uy\/web\/wp-content\/uploads\/2016\/04\/p-2264-7676.jpg",300,214,true],"medium_large":["https:\/\/ajupe.com.uy\/web\/wp-content\/uploads\/2016\/04\/p-2264-7676.jpg",255,393,false],"large":["https:\/\/ajupe.com.uy\/web\/wp-content\/uploads\/2016\/04\/p-2264-7676.jpg",255,393,false],"1536x1536":["https:\/\/ajupe.com.uy\/web\/wp-content\/uploads\/2016\/04\/p-2264-7676.jpg",255,393,false],"2048x2048":["https:\/\/ajupe.com.uy\/web\/wp-content\/uploads\/2016\/04\/p-2264-7676.jpg",255,393,false],"woocommerce_archive_thumbnail":["https:\/\/ajupe.com.uy\/web\/wp-content\/uploads\/2016\/04\/p-2264-7676-255x300.jpg",255,300,true],"woocommerce_thumbnail":["https:\/\/ajupe.com.uy\/web\/wp-content\/uploads\/2016\/04\/p-2264-7676-255x300.jpg",255,300,true],"woocommerce_single":["https:\/\/ajupe.com.uy\/web\/wp-content\/uploads\/2016\/04\/p-2264-7676.jpg",255,393,false],"woocommerce_gallery_thumbnail":["https:\/\/ajupe.com.uy\/web\/wp-content\/uploads\/2016\/04\/p-2264-7676-100x100.jpg",100,100,true]},"post_excerpt_stackable_v2":"<p>Al sur de Chicago, un hombre es tan fuerte como lo es su propia reputaci\u00f3n. Danny Carter y su mejor amigo, Evan, se ganaron las suyas atracando bodegas y casas de empe\u00f1o, viviendo de golpe en golpe sin pensar nunca en el ma\u00f1ana. Pero lleg\u00f3 el d\u00eda en que u<\/p>\n","category_list_v2":"","author_info_v2":{"name":"","url":""},"comments_num_v2":"0 comentarios","_links":{"self":[{"href":"https:\/\/ajupe.com.uy\/web\/wp-json\/wp\/v2\/product\/2264","targetHints":{"allow":["GET"]}}],"collection":[{"href":"https:\/\/ajupe.com.uy\/web\/wp-json\/wp\/v2\/product"}],"about":[{"href":"https:\/\/ajupe.com.uy\/web\/wp-json\/wp\/v2\/types\/product"}],"wp:featuredmedia":[{"embeddable":true,"href":"https:\/\/ajupe.com.uy\/web\/wp-json\/wp\/v2\/media\/2265"}],"wp:attachment":[{"href":"https:\/\/ajupe.com.uy\/web\/wp-json\/wp\/v2\/media?parent=2264"}],"wp:term":[{"taxonomy":"product_brand","embeddable":true,"href":"https:\/\/ajupe.com.uy\/web\/wp-json\/wp\/v2\/product_brand?post=2264"},{"taxonomy":"product_cat","embeddable":true,"href":"https:\/\/ajupe.com.uy\/web\/wp-json\/wp\/v2\/product_cat?post=2264"},{"taxonomy":"product_tag","embeddable":true,"href":"https:\/\/ajupe.com.uy\/web\/wp-json\/wp\/v2\/product_tag?post=2264"}],"curies":[{"name":"wp","href":"https:\/\/api.w.org\/{rel}","templated":true}]}}