{"id":2270,"date":"2010-07-14T00:00:00","date_gmt":"2010-07-14T03:00:00","guid":{"rendered":"http:\/\/ajupe.com.uy\/web\/?post_type=product&#038;p=2270"},"modified":"2011-09-07T14:47:51","modified_gmt":"2011-09-07T17:47:51","slug":"el-rostro-de-la-muerte","status":"publish","type":"product","link":"https:\/\/ajupe.com.uy\/web\/biblioteca\/el-rostro-de-la-muerte\/","title":{"rendered":"El Rostro de la Muerte"},"content":{"rendered":"<p>La agente Smoky Barret conoce muy bien el lado oscuro del alma humana. Ella misma tiene el cuerpo y el esp\u00edritu marcados por las horribles cicatrices que le han dejado los asesinos a los que ha dado caza durante a\u00f1os. Ahora se enfrenta a un caso muy extra\u00f1o: la polic\u00eda encuentra a toda una familia asesinada y la \u00fanica superviviente, Sarah aparece cubierta de sangre. Ella s\u00f3lo quiere hablar con Smoky, a la que narra la terrible historia de su vida marcada por la venganza de quien llama el extra\u00f1o, un hombre dispuesto a acabar con cualquiera que ofrezca a Sarah una pizca de amor. Smoky se enfrenta a un s\u00e1dico inteligente y despiadado al que va a ser muy dif\u00edcil detener. Con El hombre sombra, Cody McFadyen irrumpi\u00f3 de forma espectacular en el mundo del thriller. En El rostro de la muerte nos devuelve a su protagonista, Smoky Barret, en una espiral de tensi\u00f3n que nos obliga a contener el aliento hasta el brutal desenlace.<\/p>\n","protected":false},"excerpt":{"rendered":"<p>La agente Smoky Barret conoce muy bien el lado oscuro del alma humana. Ella misma tiene el cuerpo y el esp\u00edritu marcados por las horribles cicatrices que le han dejado los asesinos a los que ha dado caza durante a\u00f1os. Ahora se enfrenta a un caso muy extra<\/p>\n","protected":false},"featured_media":2271,"template":"","meta":[],"product_brand":[965],"product_cat":[30],"product_tag":[],"class_list":{"0":"post-2270","1":"product","2":"type-product","3":"status-publish","4":"has-post-thumbnail","6":"product_brand-cody-mcfadyen","7":"product_cat-suspenso","9":"first","10":"instock","11":"purchasable","12":"product-type-simple"},"featured_image_urls_v2":{"full":["https:\/\/ajupe.com.uy\/web\/wp-content\/uploads\/2016\/04\/p-2270-7681.jpg",252,389,false],"thumbnail":["https:\/\/ajupe.com.uy\/web\/wp-content\/uploads\/2016\/04\/p-2270-7681.jpg",150,150,true],"medium":["https:\/\/ajupe.com.uy\/web\/wp-content\/uploads\/2016\/04\/p-2270-7681.jpg",300,214,true],"medium_large":["https:\/\/ajupe.com.uy\/web\/wp-content\/uploads\/2016\/04\/p-2270-7681.jpg",252,389,false],"large":["https:\/\/ajupe.com.uy\/web\/wp-content\/uploads\/2016\/04\/p-2270-7681.jpg",252,389,false],"1536x1536":["https:\/\/ajupe.com.uy\/web\/wp-content\/uploads\/2016\/04\/p-2270-7681.jpg",252,389,false],"2048x2048":["https:\/\/ajupe.com.uy\/web\/wp-content\/uploads\/2016\/04\/p-2270-7681.jpg",252,389,false],"woocommerce_archive_thumbnail":["https:\/\/ajupe.com.uy\/web\/wp-content\/uploads\/2016\/04\/p-2270-7681-252x300.jpg",252,300,true],"woocommerce_thumbnail":["https:\/\/ajupe.com.uy\/web\/wp-content\/uploads\/2016\/04\/p-2270-7681-252x300.jpg",252,300,true],"woocommerce_single":["https:\/\/ajupe.com.uy\/web\/wp-content\/uploads\/2016\/04\/p-2270-7681.jpg",252,389,false],"woocommerce_gallery_thumbnail":["https:\/\/ajupe.com.uy\/web\/wp-content\/uploads\/2016\/04\/p-2270-7681-100x100.jpg",100,100,true]},"post_excerpt_stackable_v2":"<p>La agente Smoky Barret conoce muy bien el lado oscuro del alma humana. Ella misma tiene el cuerpo y el esp\u00edritu marcados por las horribles cicatrices que le han dejado los asesinos a los que ha dado caza durante a\u00f1os. Ahora se enfrenta a un caso muy extra<\/p>\n","category_list_v2":"","author_info_v2":{"name":"","url":""},"comments_num_v2":"0 comentarios","_links":{"self":[{"href":"https:\/\/ajupe.com.uy\/web\/wp-json\/wp\/v2\/product\/2270","targetHints":{"allow":["GET"]}}],"collection":[{"href":"https:\/\/ajupe.com.uy\/web\/wp-json\/wp\/v2\/product"}],"about":[{"href":"https:\/\/ajupe.com.uy\/web\/wp-json\/wp\/v2\/types\/product"}],"wp:featuredmedia":[{"embeddable":true,"href":"https:\/\/ajupe.com.uy\/web\/wp-json\/wp\/v2\/media\/2271"}],"wp:attachment":[{"href":"https:\/\/ajupe.com.uy\/web\/wp-json\/wp\/v2\/media?parent=2270"}],"wp:term":[{"taxonomy":"product_brand","embeddable":true,"href":"https:\/\/ajupe.com.uy\/web\/wp-json\/wp\/v2\/product_brand?post=2270"},{"taxonomy":"product_cat","embeddable":true,"href":"https:\/\/ajupe.com.uy\/web\/wp-json\/wp\/v2\/product_cat?post=2270"},{"taxonomy":"product_tag","embeddable":true,"href":"https:\/\/ajupe.com.uy\/web\/wp-json\/wp\/v2\/product_tag?post=2270"}],"curies":[{"name":"wp","href":"https:\/\/api.w.org\/{rel}","templated":true}]}}