{"id":2272,"date":"2010-07-14T00:00:00","date_gmt":"2010-07-14T03:00:00","guid":{"rendered":"http:\/\/ajupe.com.uy\/web\/?post_type=product&#038;p=2272"},"modified":"2011-09-15T21:09:09","modified_gmt":"2011-09-16T00:09:09","slug":"como-la-vida-imita-al-ajedrez","status":"publish","type":"product","link":"https:\/\/ajupe.com.uy\/web\/biblioteca\/como-la-vida-imita-al-ajedrez\/","title":{"rendered":"C\u00f3mo La Vida Imita Al Ajedrez"},"content":{"rendered":"<p>S\u00f3lo una privilegiada mente estrat\u00e9gica como la de Garry Kasparov pod\u00eda imaginar que la existencia humana, con sus dificultades cotidianas, es equivalente a una compleja partida de ajedrez. En la vida, como en el tablero, es necesario analizar, descartar, organizar el pensamiento, prever problemas, preparar soluciones o entender las facultades del adversario para darles la vuelta en beneficio propio. Un libro escrito desde la intimidad y con una voz pr\u00f3xima al lector, para aquellos que est\u00e9n buscando un m\u00e9todo estrat\u00e9gico al abordar los obst\u00e1culos de la vida cotidiana.<\/p>\n","protected":false},"excerpt":{"rendered":"<p>S\u00f3lo una privilegiada mente estrat\u00e9gica como la de Garry Kasparov pod\u00eda imaginar que la existencia humana, con sus dificultades cotidianas, es equivalente a una compleja partida de ajedrez. En la vida, como en el tablero, es necesario analizar, descartar,<\/p>\n","protected":false},"featured_media":2273,"template":"","meta":[],"product_brand":[967],"product_cat":[29],"product_tag":[],"class_list":{"0":"post-2272","1":"product","2":"type-product","3":"status-publish","4":"has-post-thumbnail","6":"product_brand-ignacio-martinez","7":"product_cat-novela","9":"first","10":"instock","11":"purchasable","12":"product-type-simple"},"featured_image_urls_v2":{"full":["https:\/\/ajupe.com.uy\/web\/wp-content\/uploads\/2016\/04\/p-2272-7684.jpg",321,491,false],"thumbnail":["https:\/\/ajupe.com.uy\/web\/wp-content\/uploads\/2016\/04\/p-2272-7684.jpg",150,150,true],"medium":["https:\/\/ajupe.com.uy\/web\/wp-content\/uploads\/2016\/04\/p-2272-7684.jpg",300,214,true],"medium_large":["https:\/\/ajupe.com.uy\/web\/wp-content\/uploads\/2016\/04\/p-2272-7684.jpg",321,491,false],"large":["https:\/\/ajupe.com.uy\/web\/wp-content\/uploads\/2016\/04\/p-2272-7684.jpg",321,491,false],"1536x1536":["https:\/\/ajupe.com.uy\/web\/wp-content\/uploads\/2016\/04\/p-2272-7684.jpg",321,491,false],"2048x2048":["https:\/\/ajupe.com.uy\/web\/wp-content\/uploads\/2016\/04\/p-2272-7684.jpg",321,491,false],"woocommerce_archive_thumbnail":["https:\/\/ajupe.com.uy\/web\/wp-content\/uploads\/2016\/04\/p-2272-7684-300x450.jpg",300,450,true],"woocommerce_thumbnail":["https:\/\/ajupe.com.uy\/web\/wp-content\/uploads\/2016\/04\/p-2272-7684-300x300.jpg",300,300,true],"woocommerce_single":["https:\/\/ajupe.com.uy\/web\/wp-content\/uploads\/2016\/04\/p-2272-7684-300x459.jpg",300,459,true],"woocommerce_gallery_thumbnail":["https:\/\/ajupe.com.uy\/web\/wp-content\/uploads\/2016\/04\/p-2272-7684-100x100.jpg",100,100,true]},"post_excerpt_stackable_v2":"<p>S\u00f3lo una privilegiada mente estrat\u00e9gica como la de Garry Kasparov pod\u00eda imaginar que la existencia humana, con sus dificultades cotidianas, es equivalente a una compleja partida de ajedrez. En la vida, como en el tablero, es necesario analizar, descartar,<\/p>\n","category_list_v2":"","author_info_v2":{"name":"","url":""},"comments_num_v2":"0 comentarios","_links":{"self":[{"href":"https:\/\/ajupe.com.uy\/web\/wp-json\/wp\/v2\/product\/2272","targetHints":{"allow":["GET"]}}],"collection":[{"href":"https:\/\/ajupe.com.uy\/web\/wp-json\/wp\/v2\/product"}],"about":[{"href":"https:\/\/ajupe.com.uy\/web\/wp-json\/wp\/v2\/types\/product"}],"wp:featuredmedia":[{"embeddable":true,"href":"https:\/\/ajupe.com.uy\/web\/wp-json\/wp\/v2\/media\/2273"}],"wp:attachment":[{"href":"https:\/\/ajupe.com.uy\/web\/wp-json\/wp\/v2\/media?parent=2272"}],"wp:term":[{"taxonomy":"product_brand","embeddable":true,"href":"https:\/\/ajupe.com.uy\/web\/wp-json\/wp\/v2\/product_brand?post=2272"},{"taxonomy":"product_cat","embeddable":true,"href":"https:\/\/ajupe.com.uy\/web\/wp-json\/wp\/v2\/product_cat?post=2272"},{"taxonomy":"product_tag","embeddable":true,"href":"https:\/\/ajupe.com.uy\/web\/wp-json\/wp\/v2\/product_tag?post=2272"}],"curies":[{"name":"wp","href":"https:\/\/api.w.org\/{rel}","templated":true}]}}