{"id":2282,"date":"2010-07-14T00:00:00","date_gmt":"2010-07-14T03:00:00","guid":{"rendered":"http:\/\/ajupe.com.uy\/web\/?post_type=product&#038;p=2282"},"modified":"2011-09-15T21:05:17","modified_gmt":"2011-09-16T00:05:17","slug":"el-vencedor-esta-solo","status":"publish","type":"product","link":"https:\/\/ajupe.com.uy\/web\/biblioteca\/el-vencedor-esta-solo\/","title":{"rendered":"El Vencedor Est\u00e1 Solo"},"content":{"rendered":"<p>Ambientada en el atractivo entorno del festival de Cannes, El vencedor est\u00e1 solo va mucho m\u00e1s all\u00e1 del lujo y el glamour, y nos aboca a una profunda refl exi\u00f3n acerca de la fuerza de los propios sue\u00f1os y de cu\u00e1l es la escala de valores con la que nos medimos. Durante 24 horas seguiremos los pasos de Igor, empresario ruso magnate de las comunicaciones, destrozado por una dolorosa ruptura sentimental, y conoceremos su delirante plan para atraer la atenci\u00f3n de su ex mujer. En su camino se cruzar\u00e1n Gabriela, una joven y ambiciosa actriz; Jasmine, modelo de Ruanda exiliada en Europa; Javits, un productor infl uyente y corrupto; y Hamid, estilista que empez\u00f3 de cero y est\u00e1 hoy en la cima de su gloria. La aparici\u00f3n de Igor cambiar\u00e1 para siempre las vidas de todos ellos. Un intenso, sincero y bien documentado viaje hacia nuestra constante fascinaci\u00f3n por la fama, el \u00e9xito y el dinero, que se eleva hasta convertirse en una impactante y necesaria denuncia del lado m\u00e1s superficial, intrascendente y depredador del mundo en que vivimos.<\/p>\n","protected":false},"excerpt":{"rendered":"<p>Ambientada en el atractivo entorno del festival de Cannes, El vencedor est\u00e1 solo va mucho m\u00e1s all\u00e1 del lujo y el glamour, y nos aboca a una profunda refl exi\u00f3n acerca de la fuerza de los propios sue\u00f1os y de cu\u00e1l es la escala de valores con la que nos medi<\/p>\n","protected":false},"featured_media":2283,"template":"","meta":[],"product_brand":[110],"product_cat":[29],"product_tag":[],"class_list":{"0":"post-2282","1":"product","2":"type-product","3":"status-publish","4":"has-post-thumbnail","6":"product_brand-paulo-coelho","7":"product_cat-novela","9":"first","10":"instock","11":"purchasable","12":"product-type-simple"},"featured_image_urls_v2":{"full":["https:\/\/ajupe.com.uy\/web\/wp-content\/uploads\/2016\/04\/p-2282-7702.jpg",235,355,false],"thumbnail":["https:\/\/ajupe.com.uy\/web\/wp-content\/uploads\/2016\/04\/p-2282-7702.jpg",150,150,true],"medium":["https:\/\/ajupe.com.uy\/web\/wp-content\/uploads\/2016\/04\/p-2282-7702.jpg",300,214,true],"medium_large":["https:\/\/ajupe.com.uy\/web\/wp-content\/uploads\/2016\/04\/p-2282-7702.jpg",235,355,false],"large":["https:\/\/ajupe.com.uy\/web\/wp-content\/uploads\/2016\/04\/p-2282-7702.jpg",235,355,false],"1536x1536":["https:\/\/ajupe.com.uy\/web\/wp-content\/uploads\/2016\/04\/p-2282-7702.jpg",235,355,false],"2048x2048":["https:\/\/ajupe.com.uy\/web\/wp-content\/uploads\/2016\/04\/p-2282-7702.jpg",235,355,false],"woocommerce_archive_thumbnail":["https:\/\/ajupe.com.uy\/web\/wp-content\/uploads\/2016\/04\/p-2282-7702-235x300.jpg",235,300,true],"woocommerce_thumbnail":["https:\/\/ajupe.com.uy\/web\/wp-content\/uploads\/2016\/04\/p-2282-7702-235x300.jpg",235,300,true],"woocommerce_single":["https:\/\/ajupe.com.uy\/web\/wp-content\/uploads\/2016\/04\/p-2282-7702.jpg",235,355,false],"woocommerce_gallery_thumbnail":["https:\/\/ajupe.com.uy\/web\/wp-content\/uploads\/2016\/04\/p-2282-7702-100x100.jpg",100,100,true]},"post_excerpt_stackable_v2":"<p>Ambientada en el atractivo entorno del festival de Cannes, El vencedor est\u00e1 solo va mucho m\u00e1s all\u00e1 del lujo y el glamour, y nos aboca a una profunda refl exi\u00f3n acerca de la fuerza de los propios sue\u00f1os y de cu\u00e1l es la escala de valores con la que nos medi<\/p>\n","category_list_v2":"","author_info_v2":{"name":"","url":""},"comments_num_v2":"0 comentarios","_links":{"self":[{"href":"https:\/\/ajupe.com.uy\/web\/wp-json\/wp\/v2\/product\/2282","targetHints":{"allow":["GET"]}}],"collection":[{"href":"https:\/\/ajupe.com.uy\/web\/wp-json\/wp\/v2\/product"}],"about":[{"href":"https:\/\/ajupe.com.uy\/web\/wp-json\/wp\/v2\/types\/product"}],"wp:featuredmedia":[{"embeddable":true,"href":"https:\/\/ajupe.com.uy\/web\/wp-json\/wp\/v2\/media\/2283"}],"wp:attachment":[{"href":"https:\/\/ajupe.com.uy\/web\/wp-json\/wp\/v2\/media?parent=2282"}],"wp:term":[{"taxonomy":"product_brand","embeddable":true,"href":"https:\/\/ajupe.com.uy\/web\/wp-json\/wp\/v2\/product_brand?post=2282"},{"taxonomy":"product_cat","embeddable":true,"href":"https:\/\/ajupe.com.uy\/web\/wp-json\/wp\/v2\/product_cat?post=2282"},{"taxonomy":"product_tag","embeddable":true,"href":"https:\/\/ajupe.com.uy\/web\/wp-json\/wp\/v2\/product_tag?post=2282"}],"curies":[{"name":"wp","href":"https:\/\/api.w.org\/{rel}","templated":true}]}}