{"id":2286,"date":"2010-07-14T00:00:00","date_gmt":"2010-07-14T03:00:00","guid":{"rendered":"http:\/\/ajupe.com.uy\/web\/?post_type=product&#038;p=2286"},"modified":"2011-09-15T21:02:59","modified_gmt":"2011-09-16T00:02:59","slug":"el-maestro-de-almas","status":"publish","type":"product","link":"https:\/\/ajupe.com.uy\/web\/biblioteca\/el-maestro-de-almas\/","title":{"rendered":"El Maestro de Almas"},"content":{"rendered":"<p>Elogiada y admirada por su destreza para crear personajes veros\u00edmiles, de rasgos profundamente humanos, Ir\u00e8ne N\u00e9mirovsky da prueba una vez m\u00e1s de una incisiva caracterizaci\u00f3n psicol\u00f3gica en esta novela sobre el desarraigo y la azarosa b\u00fasqueda de reconocimiento social. Dar\u00edo Asfar, un joven m\u00e9dico originario de Crimea, llega a Niza acompa\u00f1ado de su mujer y de su hijo reci\u00e9n nacido. Atormentado por las deudas, Dar\u00edo lucha desesperadamente por conseguir una clientela, pero su origen levantino s\u00f3lo inspira desconfianza y rechazo. La precaria situaci\u00f3n de su familia lo empuja entonces a emprender el \u00fanico camino que se le ofrece para escapar de la miseria: aprovech\u00e1ndose del creciente auge del psicoan\u00e1lisis, Dar\u00edo se transforma en terapeuta, una suerte de charlat\u00e1n dispuesto a ofrecer a los ricos burgueses el sosiego del alma y la felicidad que tanto anhelan. Sin embargo, el \u00e9xito y la fortuna tan ansiados tendr\u00e1n para \u00e9l consecuencias insospechadas.<\/p>\n","protected":false},"excerpt":{"rendered":"<p>Elogiada y admirada por su destreza para crear personajes veros\u00edmiles, de rasgos profundamente humanos, Ir\u00e8ne N\u00e9mirovsky da prueba una vez m\u00e1s de una incisiva caracterizaci\u00f3n psicol\u00f3gica en esta novela sobre el desarraigo y la azarosa b\u00fasqueda de reconoci<\/p>\n","protected":false},"featured_media":2287,"template":"","meta":[],"product_brand":[530],"product_cat":[29],"product_tag":[],"class_list":{"0":"post-2286","1":"product","2":"type-product","3":"status-publish","4":"has-post-thumbnail","6":"product_brand-irene-nemirovsky","7":"product_cat-novela","9":"first","10":"instock","11":"purchasable","12":"product-type-simple"},"featured_image_urls_v2":{"full":["https:\/\/ajupe.com.uy\/web\/wp-content\/uploads\/2016\/04\/p-2286-7704.jpg",250,395,false],"thumbnail":["https:\/\/ajupe.com.uy\/web\/wp-content\/uploads\/2016\/04\/p-2286-7704.jpg",150,150,true],"medium":["https:\/\/ajupe.com.uy\/web\/wp-content\/uploads\/2016\/04\/p-2286-7704.jpg",300,214,true],"medium_large":["https:\/\/ajupe.com.uy\/web\/wp-content\/uploads\/2016\/04\/p-2286-7704.jpg",250,395,false],"large":["https:\/\/ajupe.com.uy\/web\/wp-content\/uploads\/2016\/04\/p-2286-7704.jpg",250,395,false],"1536x1536":["https:\/\/ajupe.com.uy\/web\/wp-content\/uploads\/2016\/04\/p-2286-7704.jpg",250,395,false],"2048x2048":["https:\/\/ajupe.com.uy\/web\/wp-content\/uploads\/2016\/04\/p-2286-7704.jpg",250,395,false],"woocommerce_archive_thumbnail":["https:\/\/ajupe.com.uy\/web\/wp-content\/uploads\/2016\/04\/p-2286-7704-250x300.jpg",250,300,true],"woocommerce_thumbnail":["https:\/\/ajupe.com.uy\/web\/wp-content\/uploads\/2016\/04\/p-2286-7704-250x300.jpg",250,300,true],"woocommerce_single":["https:\/\/ajupe.com.uy\/web\/wp-content\/uploads\/2016\/04\/p-2286-7704.jpg",250,395,false],"woocommerce_gallery_thumbnail":["https:\/\/ajupe.com.uy\/web\/wp-content\/uploads\/2016\/04\/p-2286-7704-100x100.jpg",100,100,true]},"post_excerpt_stackable_v2":"<p>Elogiada y admirada por su destreza para crear personajes veros\u00edmiles, de rasgos profundamente humanos, Ir\u00e8ne N\u00e9mirovsky da prueba una vez m\u00e1s de una incisiva caracterizaci\u00f3n psicol\u00f3gica en esta novela sobre el desarraigo y la azarosa b\u00fasqueda de reconoci<\/p>\n","category_list_v2":"","author_info_v2":{"name":"","url":""},"comments_num_v2":"0 comentarios","_links":{"self":[{"href":"https:\/\/ajupe.com.uy\/web\/wp-json\/wp\/v2\/product\/2286","targetHints":{"allow":["GET"]}}],"collection":[{"href":"https:\/\/ajupe.com.uy\/web\/wp-json\/wp\/v2\/product"}],"about":[{"href":"https:\/\/ajupe.com.uy\/web\/wp-json\/wp\/v2\/types\/product"}],"wp:featuredmedia":[{"embeddable":true,"href":"https:\/\/ajupe.com.uy\/web\/wp-json\/wp\/v2\/media\/2287"}],"wp:attachment":[{"href":"https:\/\/ajupe.com.uy\/web\/wp-json\/wp\/v2\/media?parent=2286"}],"wp:term":[{"taxonomy":"product_brand","embeddable":true,"href":"https:\/\/ajupe.com.uy\/web\/wp-json\/wp\/v2\/product_brand?post=2286"},{"taxonomy":"product_cat","embeddable":true,"href":"https:\/\/ajupe.com.uy\/web\/wp-json\/wp\/v2\/product_cat?post=2286"},{"taxonomy":"product_tag","embeddable":true,"href":"https:\/\/ajupe.com.uy\/web\/wp-json\/wp\/v2\/product_tag?post=2286"}],"curies":[{"name":"wp","href":"https:\/\/api.w.org\/{rel}","templated":true}]}}