{"id":2288,"date":"2010-07-14T00:00:00","date_gmt":"2010-07-14T03:00:00","guid":{"rendered":"http:\/\/ajupe.com.uy\/web\/?post_type=product&#038;p=2288"},"modified":"2012-06-27T20:49:31","modified_gmt":"2012-06-27T23:49:31","slug":"la-trampa","status":"publish","type":"product","link":"https:\/\/ajupe.com.uy\/web\/biblioteca\/la-trampa\/","title":{"rendered":"La Trampa"},"content":{"rendered":"<p>Cuando Kyle McAvoy, estudiante sobresaliente de Yale, est\u00e1 a punto de terminar la carrera de derecho recibe la visita de un hombre que se identifica como el agente Plant de la FBI. Este le dice que si no acepta la oferta del bufete Scully &#038; Pershing en Nueva York, posiblemente el bufete m\u00e1s poderoso del pa\u00eds, se har\u00e1 p\u00fablica la grabaci\u00f3n de un incidente que tuvo lugar hace 5 a\u00f1os: la supuesta violaci\u00f3n de una chica, compa\u00f1era de estudios de la universidad. Kyle estuvo presente pero en realidad no sabe qu\u00e9 pas\u00f3. Ocurri\u00f3 una noche cuando \u00e9l y sus amigos iban borrachos y la chica tambi\u00e9n. Todos se hab\u00edan acostado con ella anteriormente pero lo \u00fanico que Kyle tiene claro de aquella noche es que \u00e9l no la toc\u00f3. Aunque esta grabaci\u00f3n no aporta pruebas claras contra Kyle, si saliera a la luz su reputaci\u00f3n como abogado se ver\u00e1 da\u00f1ada para siempre. Por lo tanto decide hacer lo que le piden: trabajar\u00e1 para Scully &#038; Pershing y renunciar\u00e1 a su plan de dedicar un par de a\u00f1os a la defensa de los derechos de los pobres del estado de Virginia.<\/p>\n","protected":false},"excerpt":{"rendered":"<p>Cuando Kyle McAvoy, estudiante sobresaliente de Yale, est\u00e1 a punto de terminar la carrera de derecho recibe la visita de un hombre que se identifica como el agente Plant de la FBI. Este le dice que si no acepta la oferta del bufete Scully &#038; Pershing e<\/p>\n","protected":false},"featured_media":2289,"template":"","meta":[],"product_brand":[77],"product_cat":[30],"product_tag":[],"class_list":{"0":"post-2288","1":"product","2":"type-product","3":"status-publish","4":"has-post-thumbnail","6":"product_brand-john-grisham","7":"product_cat-suspenso","9":"first","10":"instock","11":"purchasable","12":"product-type-simple"},"featured_image_urls_v2":{"full":["https:\/\/ajupe.com.uy\/web\/wp-content\/uploads\/2016\/04\/p-2288-7705.jpg",263,412,false],"thumbnail":["https:\/\/ajupe.com.uy\/web\/wp-content\/uploads\/2016\/04\/p-2288-7705.jpg",150,150,true],"medium":["https:\/\/ajupe.com.uy\/web\/wp-content\/uploads\/2016\/04\/p-2288-7705.jpg",300,214,true],"medium_large":["https:\/\/ajupe.com.uy\/web\/wp-content\/uploads\/2016\/04\/p-2288-7705.jpg",263,412,false],"large":["https:\/\/ajupe.com.uy\/web\/wp-content\/uploads\/2016\/04\/p-2288-7705.jpg",263,412,false],"1536x1536":["https:\/\/ajupe.com.uy\/web\/wp-content\/uploads\/2016\/04\/p-2288-7705.jpg",263,412,false],"2048x2048":["https:\/\/ajupe.com.uy\/web\/wp-content\/uploads\/2016\/04\/p-2288-7705.jpg",263,412,false],"woocommerce_archive_thumbnail":["https:\/\/ajupe.com.uy\/web\/wp-content\/uploads\/2016\/04\/p-2288-7705-263x400.jpg",263,400,true],"woocommerce_thumbnail":["https:\/\/ajupe.com.uy\/web\/wp-content\/uploads\/2016\/04\/p-2288-7705-263x300.jpg",263,300,true],"woocommerce_single":["https:\/\/ajupe.com.uy\/web\/wp-content\/uploads\/2016\/04\/p-2288-7705.jpg",263,412,false],"woocommerce_gallery_thumbnail":["https:\/\/ajupe.com.uy\/web\/wp-content\/uploads\/2016\/04\/p-2288-7705-100x100.jpg",100,100,true]},"post_excerpt_stackable_v2":"<p>Cuando Kyle McAvoy, estudiante sobresaliente de Yale, est\u00e1 a punto de terminar la carrera de derecho recibe la visita de un hombre que se identifica como el agente Plant de la FBI. Este le dice que si no acepta la oferta del bufete Scully &#038; Pershing e<\/p>\n","category_list_v2":"","author_info_v2":{"name":"","url":""},"comments_num_v2":"0 comentarios","_links":{"self":[{"href":"https:\/\/ajupe.com.uy\/web\/wp-json\/wp\/v2\/product\/2288","targetHints":{"allow":["GET"]}}],"collection":[{"href":"https:\/\/ajupe.com.uy\/web\/wp-json\/wp\/v2\/product"}],"about":[{"href":"https:\/\/ajupe.com.uy\/web\/wp-json\/wp\/v2\/types\/product"}],"wp:featuredmedia":[{"embeddable":true,"href":"https:\/\/ajupe.com.uy\/web\/wp-json\/wp\/v2\/media\/2289"}],"wp:attachment":[{"href":"https:\/\/ajupe.com.uy\/web\/wp-json\/wp\/v2\/media?parent=2288"}],"wp:term":[{"taxonomy":"product_brand","embeddable":true,"href":"https:\/\/ajupe.com.uy\/web\/wp-json\/wp\/v2\/product_brand?post=2288"},{"taxonomy":"product_cat","embeddable":true,"href":"https:\/\/ajupe.com.uy\/web\/wp-json\/wp\/v2\/product_cat?post=2288"},{"taxonomy":"product_tag","embeddable":true,"href":"https:\/\/ajupe.com.uy\/web\/wp-json\/wp\/v2\/product_tag?post=2288"}],"curies":[{"name":"wp","href":"https:\/\/api.w.org\/{rel}","templated":true}]}}