{"id":2292,"date":"2010-07-14T00:00:00","date_gmt":"2010-07-14T03:00:00","guid":{"rendered":"http:\/\/ajupe.com.uy\/web\/?post_type=product&#038;p=2292"},"modified":"2010-07-14T00:00:00","modified_gmt":"2010-07-14T03:00:00","slug":"los-rebeldes","status":"publish","type":"product","link":"https:\/\/ajupe.com.uy\/web\/biblioteca\/los-rebeldes\/","title":{"rendered":"Los Rebeldes"},"content":{"rendered":"<p>Apenas unos meses antes del final de la Primera Guerra Mundial, cuatro j\u00f3venes acaban sus estudios y se enfrentan al \u00faltimo verano de la adolescencia. En cuesti\u00f3n de semanas ser\u00e1n llamados a filas y enviados al frente, un frente del cual s\u00f3lo llegan noticias nefastas. As\u00ed, unidos por su aversi\u00f3n a lo que promete ofrecerles la madurez, Tibor, \u00c1bel, Erno y B\u00e9la crean un universo particular y juegan a desafiar todas las reglas: beben y fuman en exceso, juegan a las cartas, se inventan extravagantes historias, cometen peque\u00f1os hurtos&#8230; Ante la ausencia de padres, t\u00edos y hermanos mayores, realizan su propio aprendizaje de la vida libres del control familiar, hasta que la aparici\u00f3n de un improvisado mentor, un avieso actor que est\u00e1 de paso en la ciudad, har\u00e1 que sus juegos, y sus vidas, se precipiten por caminos insospechados que los llevar\u00e1n hacia un dram\u00e1tico desenlace.<\/p>\n","protected":false},"excerpt":{"rendered":"<p>Apenas unos meses antes del final de la Primera Guerra Mundial, cuatro j\u00f3venes acaban sus estudios y se enfrentan al \u00faltimo verano de la adolescencia. En cuesti\u00f3n de semanas ser\u00e1n llamados a filas y enviados al frente, un frente del cual s\u00f3lo llegan notic<\/p>\n","protected":false},"featured_media":2293,"template":"","meta":[],"product_brand":[397],"product_cat":[29],"product_tag":[],"class_list":{"0":"post-2292","1":"product","2":"type-product","3":"status-publish","4":"has-post-thumbnail","6":"product_brand-sandor-marai","7":"product_cat-novela","9":"first","10":"instock","11":"purchasable","12":"product-type-simple"},"featured_image_urls_v2":{"full":["https:\/\/ajupe.com.uy\/web\/wp-content\/uploads\/2016\/04\/p-2292-7707.jpg",250,399,false],"thumbnail":["https:\/\/ajupe.com.uy\/web\/wp-content\/uploads\/2016\/04\/p-2292-7707.jpg",150,150,true],"medium":["https:\/\/ajupe.com.uy\/web\/wp-content\/uploads\/2016\/04\/p-2292-7707.jpg",300,214,true],"medium_large":["https:\/\/ajupe.com.uy\/web\/wp-content\/uploads\/2016\/04\/p-2292-7707.jpg",250,399,false],"large":["https:\/\/ajupe.com.uy\/web\/wp-content\/uploads\/2016\/04\/p-2292-7707.jpg",250,399,false],"1536x1536":["https:\/\/ajupe.com.uy\/web\/wp-content\/uploads\/2016\/04\/p-2292-7707.jpg",250,399,false],"2048x2048":["https:\/\/ajupe.com.uy\/web\/wp-content\/uploads\/2016\/04\/p-2292-7707.jpg",250,399,false],"woocommerce_archive_thumbnail":["https:\/\/ajupe.com.uy\/web\/wp-content\/uploads\/2016\/04\/p-2292-7707-250x300.jpg",250,300,true],"woocommerce_thumbnail":["https:\/\/ajupe.com.uy\/web\/wp-content\/uploads\/2016\/04\/p-2292-7707-250x300.jpg",250,300,true],"woocommerce_single":["https:\/\/ajupe.com.uy\/web\/wp-content\/uploads\/2016\/04\/p-2292-7707.jpg",250,399,false],"woocommerce_gallery_thumbnail":["https:\/\/ajupe.com.uy\/web\/wp-content\/uploads\/2016\/04\/p-2292-7707-100x100.jpg",100,100,true]},"post_excerpt_stackable_v2":"<p>Apenas unos meses antes del final de la Primera Guerra Mundial, cuatro j\u00f3venes acaban sus estudios y se enfrentan al \u00faltimo verano de la adolescencia. En cuesti\u00f3n de semanas ser\u00e1n llamados a filas y enviados al frente, un frente del cual s\u00f3lo llegan notic<\/p>\n","category_list_v2":"","author_info_v2":{"name":"","url":""},"comments_num_v2":"0 comentarios","_links":{"self":[{"href":"https:\/\/ajupe.com.uy\/web\/wp-json\/wp\/v2\/product\/2292","targetHints":{"allow":["GET"]}}],"collection":[{"href":"https:\/\/ajupe.com.uy\/web\/wp-json\/wp\/v2\/product"}],"about":[{"href":"https:\/\/ajupe.com.uy\/web\/wp-json\/wp\/v2\/types\/product"}],"wp:featuredmedia":[{"embeddable":true,"href":"https:\/\/ajupe.com.uy\/web\/wp-json\/wp\/v2\/media\/2293"}],"wp:attachment":[{"href":"https:\/\/ajupe.com.uy\/web\/wp-json\/wp\/v2\/media?parent=2292"}],"wp:term":[{"taxonomy":"product_brand","embeddable":true,"href":"https:\/\/ajupe.com.uy\/web\/wp-json\/wp\/v2\/product_brand?post=2292"},{"taxonomy":"product_cat","embeddable":true,"href":"https:\/\/ajupe.com.uy\/web\/wp-json\/wp\/v2\/product_cat?post=2292"},{"taxonomy":"product_tag","embeddable":true,"href":"https:\/\/ajupe.com.uy\/web\/wp-json\/wp\/v2\/product_tag?post=2292"}],"curies":[{"name":"wp","href":"https:\/\/api.w.org\/{rel}","templated":true}]}}