{"id":2294,"date":"2010-07-14T00:00:00","date_gmt":"2010-07-14T03:00:00","guid":{"rendered":"http:\/\/ajupe.com.uy\/web\/?post_type=product&#038;p=2294"},"modified":"2010-07-14T00:00:00","modified_gmt":"2010-07-14T03:00:00","slug":"pruebas-falsas","status":"publish","type":"product","link":"https:\/\/ajupe.com.uy\/web\/biblioteca\/pruebas-falsas\/","title":{"rendered":"Pruebas Falsas"},"content":{"rendered":"<p>Algunas pruebas ayudan a encontrar al culpable&#8230; otras consiguen condenar a un inocente. En este fascinante thriller, Phillip Margolin insin\u00faa una inquietante posibilidad: \u00bfqu\u00e9 ocurrir\u00eda si no pudi\u00e9ramos confiar en los profesionales de los laboratorios criminal\u00edsticos? Dos abogados defensores comprueban, confusos, que las pruebas de distintos casos incriminan a sus defendidos, a los que cre\u00edan inocentes. Ante esto, deciden unir fuerzas. Su investigaci\u00f3n los llevar\u00e1 a buscar en los lugares m\u00e1s rec\u00f3nditos de las escenas de los cr\u00edmenes\u2026Margolin consigue meternos de lleno en el ambiente de los laboratorios de investigaci\u00f3n criminal.<\/p>\n","protected":false},"excerpt":{"rendered":"<p>Algunas pruebas ayudan a encontrar al culpable&#8230; otras consiguen condenar a un inocente. En este fascinante thriller, Phillip Margolin insin\u00faa una inquietante posibilidad: \u00bfqu\u00e9 ocurrir\u00eda si no pudi\u00e9ramos confiar en los profesionales de los laboratorios c<\/p>\n","protected":false},"featured_media":2295,"template":"","meta":[],"product_brand":[321],"product_cat":[40],"product_tag":[],"class_list":{"0":"post-2294","1":"product","2":"type-product","3":"status-publish","4":"has-post-thumbnail","6":"product_brand-phillip-margolin","7":"product_cat-policial","9":"first","10":"instock","11":"purchasable","12":"product-type-simple"},"featured_image_urls_v2":{"full":["https:\/\/ajupe.com.uy\/web\/wp-content\/uploads\/2016\/04\/p-2294-7709.jpg",304,466,false],"thumbnail":["https:\/\/ajupe.com.uy\/web\/wp-content\/uploads\/2016\/04\/p-2294-7709.jpg",150,150,true],"medium":["https:\/\/ajupe.com.uy\/web\/wp-content\/uploads\/2016\/04\/p-2294-7709.jpg",300,214,true],"medium_large":["https:\/\/ajupe.com.uy\/web\/wp-content\/uploads\/2016\/04\/p-2294-7709.jpg",304,466,false],"large":["https:\/\/ajupe.com.uy\/web\/wp-content\/uploads\/2016\/04\/p-2294-7709.jpg",304,466,false],"1536x1536":["https:\/\/ajupe.com.uy\/web\/wp-content\/uploads\/2016\/04\/p-2294-7709.jpg",304,466,false],"2048x2048":["https:\/\/ajupe.com.uy\/web\/wp-content\/uploads\/2016\/04\/p-2294-7709.jpg",304,466,false],"woocommerce_archive_thumbnail":["https:\/\/ajupe.com.uy\/web\/wp-content\/uploads\/2016\/04\/p-2294-7709-300x450.jpg",300,450,true],"woocommerce_thumbnail":["https:\/\/ajupe.com.uy\/web\/wp-content\/uploads\/2016\/04\/p-2294-7709-300x300.jpg",300,300,true],"woocommerce_single":["https:\/\/ajupe.com.uy\/web\/wp-content\/uploads\/2016\/04\/p-2294-7709-300x460.jpg",300,460,true],"woocommerce_gallery_thumbnail":["https:\/\/ajupe.com.uy\/web\/wp-content\/uploads\/2016\/04\/p-2294-7709-100x100.jpg",100,100,true]},"post_excerpt_stackable_v2":"<p>Algunas pruebas ayudan a encontrar al culpable&#8230; otras consiguen condenar a un inocente. En este fascinante thriller, Phillip Margolin insin\u00faa una inquietante posibilidad: \u00bfqu\u00e9 ocurrir\u00eda si no pudi\u00e9ramos confiar en los profesionales de los laboratorios c<\/p>\n","category_list_v2":"","author_info_v2":{"name":"","url":""},"comments_num_v2":"0 comentarios","_links":{"self":[{"href":"https:\/\/ajupe.com.uy\/web\/wp-json\/wp\/v2\/product\/2294","targetHints":{"allow":["GET"]}}],"collection":[{"href":"https:\/\/ajupe.com.uy\/web\/wp-json\/wp\/v2\/product"}],"about":[{"href":"https:\/\/ajupe.com.uy\/web\/wp-json\/wp\/v2\/types\/product"}],"wp:featuredmedia":[{"embeddable":true,"href":"https:\/\/ajupe.com.uy\/web\/wp-json\/wp\/v2\/media\/2295"}],"wp:attachment":[{"href":"https:\/\/ajupe.com.uy\/web\/wp-json\/wp\/v2\/media?parent=2294"}],"wp:term":[{"taxonomy":"product_brand","embeddable":true,"href":"https:\/\/ajupe.com.uy\/web\/wp-json\/wp\/v2\/product_brand?post=2294"},{"taxonomy":"product_cat","embeddable":true,"href":"https:\/\/ajupe.com.uy\/web\/wp-json\/wp\/v2\/product_cat?post=2294"},{"taxonomy":"product_tag","embeddable":true,"href":"https:\/\/ajupe.com.uy\/web\/wp-json\/wp\/v2\/product_tag?post=2294"}],"curies":[{"name":"wp","href":"https:\/\/api.w.org\/{rel}","templated":true}]}}