{"id":2296,"date":"2010-07-14T00:00:00","date_gmt":"2010-07-14T03:00:00","guid":{"rendered":"http:\/\/ajupe.com.uy\/web\/?post_type=product&#038;p=2296"},"modified":"2011-09-15T20:54:05","modified_gmt":"2011-09-15T23:54:05","slug":"el-cuaderno","status":"publish","type":"product","link":"https:\/\/ajupe.com.uy\/web\/biblioteca\/el-cuaderno\/","title":{"rendered":"El Cuaderno"},"content":{"rendered":"<p>El cuaderno no es un libro de cr\u00f3nicas period\u00edsticas, es un libro de la vida. El cuaderno recoge los comentarios escritos por el Premio Nobel portugu\u00e9s desde que cre\u00f3 su blog hasta marzo de 2009. La obra despierta el inter\u00e9s de los lectores por la lucidez y la inteligencia de Saramago para retratar la realidad de nuestros d\u00edas. Para la traductora de la obra, Pilar del R\u00edo, este libro son seis meses de \u201cnotas inteligentes para lectores inteligentes, sin artificios\u201d.<\/p>\n","protected":false},"excerpt":{"rendered":"<p>El cuaderno no es un libro de cr\u00f3nicas period\u00edsticas, es un libro de la vida. El cuaderno recoge los comentarios escritos por el Premio Nobel portugu\u00e9s desde que cre\u00f3 su blog hasta marzo de 2009. La obra despierta el inter\u00e9s de los lectores por la lucidez<\/p>\n","protected":false},"featured_media":2297,"template":"","meta":[],"product_brand":[189],"product_cat":[29],"product_tag":[],"class_list":{"0":"post-2296","1":"product","2":"type-product","3":"status-publish","4":"has-post-thumbnail","6":"product_brand-jose-saramago","7":"product_cat-novela","9":"first","10":"instock","11":"purchasable","12":"product-type-simple"},"featured_image_urls_v2":{"full":["https:\/\/ajupe.com.uy\/web\/wp-content\/uploads\/2016\/04\/p-2296-7710.jpg",241,363,false],"thumbnail":["https:\/\/ajupe.com.uy\/web\/wp-content\/uploads\/2016\/04\/p-2296-7710.jpg",150,150,true],"medium":["https:\/\/ajupe.com.uy\/web\/wp-content\/uploads\/2016\/04\/p-2296-7710.jpg",300,214,true],"medium_large":["https:\/\/ajupe.com.uy\/web\/wp-content\/uploads\/2016\/04\/p-2296-7710.jpg",241,363,false],"large":["https:\/\/ajupe.com.uy\/web\/wp-content\/uploads\/2016\/04\/p-2296-7710.jpg",241,363,false],"1536x1536":["https:\/\/ajupe.com.uy\/web\/wp-content\/uploads\/2016\/04\/p-2296-7710.jpg",241,363,false],"2048x2048":["https:\/\/ajupe.com.uy\/web\/wp-content\/uploads\/2016\/04\/p-2296-7710.jpg",241,363,false],"woocommerce_archive_thumbnail":["https:\/\/ajupe.com.uy\/web\/wp-content\/uploads\/2016\/04\/p-2296-7710-241x300.jpg",241,300,true],"woocommerce_thumbnail":["https:\/\/ajupe.com.uy\/web\/wp-content\/uploads\/2016\/04\/p-2296-7710-241x300.jpg",241,300,true],"woocommerce_single":["https:\/\/ajupe.com.uy\/web\/wp-content\/uploads\/2016\/04\/p-2296-7710.jpg",241,363,false],"woocommerce_gallery_thumbnail":["https:\/\/ajupe.com.uy\/web\/wp-content\/uploads\/2016\/04\/p-2296-7710-100x100.jpg",100,100,true]},"post_excerpt_stackable_v2":"<p>El cuaderno no es un libro de cr\u00f3nicas period\u00edsticas, es un libro de la vida. El cuaderno recoge los comentarios escritos por el Premio Nobel portugu\u00e9s desde que cre\u00f3 su blog hasta marzo de 2009. La obra despierta el inter\u00e9s de los lectores por la lucidez<\/p>\n","category_list_v2":"","author_info_v2":{"name":"","url":""},"comments_num_v2":"0 comentarios","_links":{"self":[{"href":"https:\/\/ajupe.com.uy\/web\/wp-json\/wp\/v2\/product\/2296","targetHints":{"allow":["GET"]}}],"collection":[{"href":"https:\/\/ajupe.com.uy\/web\/wp-json\/wp\/v2\/product"}],"about":[{"href":"https:\/\/ajupe.com.uy\/web\/wp-json\/wp\/v2\/types\/product"}],"wp:featuredmedia":[{"embeddable":true,"href":"https:\/\/ajupe.com.uy\/web\/wp-json\/wp\/v2\/media\/2297"}],"wp:attachment":[{"href":"https:\/\/ajupe.com.uy\/web\/wp-json\/wp\/v2\/media?parent=2296"}],"wp:term":[{"taxonomy":"product_brand","embeddable":true,"href":"https:\/\/ajupe.com.uy\/web\/wp-json\/wp\/v2\/product_brand?post=2296"},{"taxonomy":"product_cat","embeddable":true,"href":"https:\/\/ajupe.com.uy\/web\/wp-json\/wp\/v2\/product_cat?post=2296"},{"taxonomy":"product_tag","embeddable":true,"href":"https:\/\/ajupe.com.uy\/web\/wp-json\/wp\/v2\/product_tag?post=2296"}],"curies":[{"name":"wp","href":"https:\/\/api.w.org\/{rel}","templated":true}]}}