{"id":2302,"date":"2010-07-14T00:00:00","date_gmt":"2010-07-14T03:00:00","guid":{"rendered":"http:\/\/ajupe.com.uy\/web\/?post_type=product&#038;p=2302"},"modified":"2010-07-14T00:00:00","modified_gmt":"2010-07-14T03:00:00","slug":"el-baile-de-los-dioses-trilogia-el-circulo-ii","status":"publish","type":"product","link":"https:\/\/ajupe.com.uy\/web\/biblioteca\/el-baile-de-los-dioses-trilogia-el-circulo-ii\/","title":{"rendered":"El Baile de los Dioses (Trilog\u00eda El C\u00edrculo II)"},"content":{"rendered":"<p>El C\u00edrculo de Seis se prepara para la batalla contra la poderosa vampiresa Lilith y su ej\u00e9rcito inmortal. Los miembros del c\u00edrculo han sido escogidos del pasado y del presente por la diosa Morrigan. Mientras el grupo se entrena para el enfrentamiento final en la Irlanda de nuestro siglo, deber\u00e1n hacer frente a los esbirros de Lilith y hacer todo lo posible para evitar las tensiones sexuales que crecen entre ellos. La relaci\u00f3n entre el anacr\u00f3nico hombre lobo Larkin y la temperamental y solitaria Blair mantiene la tensi\u00f3n sexual en todo momento hasta que el odio se convierte en deseo. Y deber\u00e1 elegir entre combatir la abrumadora atracci\u00f3n que siente hacia Larkin o arriesgarlo todo por un amor imposible. Cumpliendo con su destino, los seis guerreros penetran en el c\u00edrculo de piedra dispuestos a viajar en el tiempo hasta Geall para afrontar la fat\u00eddica batalla con Lilith. Es en Geall donde todos ellos conocer\u00e1n su destino: el hechicero, la bruja, el guerrero, el erudito, el que tiene muchas formas y aquel que se perdi\u00f3. Y mientras su coraje es puesto a prueba, sus corazones permanecer\u00e1n m\u00e1s unidos que nunca.<\/p>\n","protected":false},"excerpt":{"rendered":"<p>El C\u00edrculo de Seis se prepara para la batalla contra la poderosa vampiresa Lilith y su ej\u00e9rcito inmortal. Los miembros del c\u00edrculo han sido escogidos del pasado y del presente por la diosa Morrigan. Mientras el grupo se entrena para el enfrentamiento fina<\/p>\n","protected":false},"featured_media":2303,"template":"","meta":[],"product_brand":[267],"product_cat":[29],"product_tag":[],"class_list":{"0":"post-2302","1":"product","2":"type-product","3":"status-publish","4":"has-post-thumbnail","6":"product_brand-nora-roberts","7":"product_cat-novela","9":"first","10":"instock","11":"purchasable","12":"product-type-simple"},"featured_image_urls_v2":{"full":["https:\/\/ajupe.com.uy\/web\/wp-content\/uploads\/2016\/04\/p-2302-7713.jpg",229,364,false],"thumbnail":["https:\/\/ajupe.com.uy\/web\/wp-content\/uploads\/2016\/04\/p-2302-7713.jpg",150,150,true],"medium":["https:\/\/ajupe.com.uy\/web\/wp-content\/uploads\/2016\/04\/p-2302-7713.jpg",300,214,true],"medium_large":["https:\/\/ajupe.com.uy\/web\/wp-content\/uploads\/2016\/04\/p-2302-7713.jpg",229,364,false],"large":["https:\/\/ajupe.com.uy\/web\/wp-content\/uploads\/2016\/04\/p-2302-7713.jpg",229,364,false],"1536x1536":["https:\/\/ajupe.com.uy\/web\/wp-content\/uploads\/2016\/04\/p-2302-7713.jpg",229,364,false],"2048x2048":["https:\/\/ajupe.com.uy\/web\/wp-content\/uploads\/2016\/04\/p-2302-7713.jpg",229,364,false],"woocommerce_archive_thumbnail":["https:\/\/ajupe.com.uy\/web\/wp-content\/uploads\/2016\/04\/p-2302-7713-229x300.jpg",229,300,true],"woocommerce_thumbnail":["https:\/\/ajupe.com.uy\/web\/wp-content\/uploads\/2016\/04\/p-2302-7713-229x300.jpg",229,300,true],"woocommerce_single":["https:\/\/ajupe.com.uy\/web\/wp-content\/uploads\/2016\/04\/p-2302-7713.jpg",229,364,false],"woocommerce_gallery_thumbnail":["https:\/\/ajupe.com.uy\/web\/wp-content\/uploads\/2016\/04\/p-2302-7713-100x100.jpg",100,100,true]},"post_excerpt_stackable_v2":"<p>El C\u00edrculo de Seis se prepara para la batalla contra la poderosa vampiresa Lilith y su ej\u00e9rcito inmortal. Los miembros del c\u00edrculo han sido escogidos del pasado y del presente por la diosa Morrigan. Mientras el grupo se entrena para el enfrentamiento fina<\/p>\n","category_list_v2":"","author_info_v2":{"name":"","url":""},"comments_num_v2":"0 comentarios","_links":{"self":[{"href":"https:\/\/ajupe.com.uy\/web\/wp-json\/wp\/v2\/product\/2302","targetHints":{"allow":["GET"]}}],"collection":[{"href":"https:\/\/ajupe.com.uy\/web\/wp-json\/wp\/v2\/product"}],"about":[{"href":"https:\/\/ajupe.com.uy\/web\/wp-json\/wp\/v2\/types\/product"}],"wp:featuredmedia":[{"embeddable":true,"href":"https:\/\/ajupe.com.uy\/web\/wp-json\/wp\/v2\/media\/2303"}],"wp:attachment":[{"href":"https:\/\/ajupe.com.uy\/web\/wp-json\/wp\/v2\/media?parent=2302"}],"wp:term":[{"taxonomy":"product_brand","embeddable":true,"href":"https:\/\/ajupe.com.uy\/web\/wp-json\/wp\/v2\/product_brand?post=2302"},{"taxonomy":"product_cat","embeddable":true,"href":"https:\/\/ajupe.com.uy\/web\/wp-json\/wp\/v2\/product_cat?post=2302"},{"taxonomy":"product_tag","embeddable":true,"href":"https:\/\/ajupe.com.uy\/web\/wp-json\/wp\/v2\/product_tag?post=2302"}],"curies":[{"name":"wp","href":"https:\/\/api.w.org\/{rel}","templated":true}]}}