{"id":2304,"date":"2010-07-14T00:00:00","date_gmt":"2010-07-14T03:00:00","guid":{"rendered":"http:\/\/ajupe.com.uy\/web\/?post_type=product&#038;p=2304"},"modified":"2011-09-15T20:50:53","modified_gmt":"2011-09-15T23:50:53","slug":"estas-aca-para-creerme","status":"publish","type":"product","link":"https:\/\/ajupe.com.uy\/web\/biblioteca\/estas-aca-para-creerme\/","title":{"rendered":"Est\u00e1s Ac\u00e1 Para Creerme"},"content":{"rendered":"<p>Mar\u00eda Esther Gilio entrevist\u00f3 a Onetti a lo largo de treinta a\u00f1os. Su prolongada amistad alent\u00f3 preguntas irreverentes y un asedio implacable a los secretos del escritor revelados en cada nuevo encuentro bajo el juego de una mutua seducci\u00f3n y con el ritmo de un duelo verbal donde rivalizan la inteligencia y el humor. En este libro Gilio cuenta la historia completa de su relaci\u00f3n con Onetti, desde la cita inicial en la rambla de Pocitos, cuando ella era una adolescente y Onetti trabajaba en Reuter, hasta su dif\u00edcil final. Por la profunda indagaci\u00f3n del mundo onettiano y la interpelaci\u00f3n al hombre que lo cre\u00f3, el presente es un texto singular, irrepetible, destinado a convertirse en un cl\u00e1sico de la cultura uruguaya y rioplatense.<\/p>\n","protected":false},"excerpt":{"rendered":"<p>Mar\u00eda Esther Gilio entrevist\u00f3 a Onetti a lo largo de treinta a\u00f1os. Su prolongada amistad alent\u00f3 preguntas irreverentes y un asedio implacable a los secretos del escritor revelados en cada nuevo encuentro bajo el juego de una mutua seducci\u00f3n y con el ritmo<\/p>\n","protected":false},"featured_media":2305,"template":"","meta":[],"product_brand":[969],"product_cat":[44,45],"product_tag":[],"class_list":{"0":"post-2304","1":"product","2":"type-product","3":"status-publish","4":"has-post-thumbnail","6":"product_brand-maria-esther-gilio","7":"product_cat-biografico","8":"product_cat-uruguayo","10":"first","11":"instock","12":"purchasable","13":"product-type-simple"},"featured_image_urls_v2":{"full":["https:\/\/ajupe.com.uy\/web\/wp-content\/uploads\/2016\/04\/p-2304-7714.jpg",201,351,false],"thumbnail":["https:\/\/ajupe.com.uy\/web\/wp-content\/uploads\/2016\/04\/p-2304-7714.jpg",150,150,true],"medium":["https:\/\/ajupe.com.uy\/web\/wp-content\/uploads\/2016\/04\/p-2304-7714.jpg",300,214,true],"medium_large":["https:\/\/ajupe.com.uy\/web\/wp-content\/uploads\/2016\/04\/p-2304-7714.jpg",201,351,false],"large":["https:\/\/ajupe.com.uy\/web\/wp-content\/uploads\/2016\/04\/p-2304-7714.jpg",201,351,false],"1536x1536":["https:\/\/ajupe.com.uy\/web\/wp-content\/uploads\/2016\/04\/p-2304-7714.jpg",201,351,false],"2048x2048":["https:\/\/ajupe.com.uy\/web\/wp-content\/uploads\/2016\/04\/p-2304-7714.jpg",201,351,false],"woocommerce_archive_thumbnail":["https:\/\/ajupe.com.uy\/web\/wp-content\/uploads\/2016\/04\/p-2304-7714-201x300.jpg",201,300,true],"woocommerce_thumbnail":["https:\/\/ajupe.com.uy\/web\/wp-content\/uploads\/2016\/04\/p-2304-7714-201x300.jpg",201,300,true],"woocommerce_single":["https:\/\/ajupe.com.uy\/web\/wp-content\/uploads\/2016\/04\/p-2304-7714.jpg",201,351,false],"woocommerce_gallery_thumbnail":["https:\/\/ajupe.com.uy\/web\/wp-content\/uploads\/2016\/04\/p-2304-7714-100x100.jpg",100,100,true]},"post_excerpt_stackable_v2":"<p>Mar\u00eda Esther Gilio entrevist\u00f3 a Onetti a lo largo de treinta a\u00f1os. Su prolongada amistad alent\u00f3 preguntas irreverentes y un asedio implacable a los secretos del escritor revelados en cada nuevo encuentro bajo el juego de una mutua seducci\u00f3n y con el ritmo<\/p>\n","category_list_v2":"","author_info_v2":{"name":"","url":""},"comments_num_v2":"0 comentarios","_links":{"self":[{"href":"https:\/\/ajupe.com.uy\/web\/wp-json\/wp\/v2\/product\/2304","targetHints":{"allow":["GET"]}}],"collection":[{"href":"https:\/\/ajupe.com.uy\/web\/wp-json\/wp\/v2\/product"}],"about":[{"href":"https:\/\/ajupe.com.uy\/web\/wp-json\/wp\/v2\/types\/product"}],"wp:featuredmedia":[{"embeddable":true,"href":"https:\/\/ajupe.com.uy\/web\/wp-json\/wp\/v2\/media\/2305"}],"wp:attachment":[{"href":"https:\/\/ajupe.com.uy\/web\/wp-json\/wp\/v2\/media?parent=2304"}],"wp:term":[{"taxonomy":"product_brand","embeddable":true,"href":"https:\/\/ajupe.com.uy\/web\/wp-json\/wp\/v2\/product_brand?post=2304"},{"taxonomy":"product_cat","embeddable":true,"href":"https:\/\/ajupe.com.uy\/web\/wp-json\/wp\/v2\/product_cat?post=2304"},{"taxonomy":"product_tag","embeddable":true,"href":"https:\/\/ajupe.com.uy\/web\/wp-json\/wp\/v2\/product_tag?post=2304"}],"curies":[{"name":"wp","href":"https:\/\/api.w.org\/{rel}","templated":true}]}}