{"id":2306,"date":"2010-07-14T00:00:00","date_gmt":"2010-07-14T03:00:00","guid":{"rendered":"http:\/\/ajupe.com.uy\/web\/?post_type=product&#038;p=2306"},"modified":"2010-07-14T00:00:00","modified_gmt":"2010-07-14T03:00:00","slug":"conciencia","status":"publish","type":"product","link":"https:\/\/ajupe.com.uy\/web\/biblioteca\/conciencia\/","title":{"rendered":"Conciencia"},"content":{"rendered":"<p>Cuanto m\u00e1s consciente se vuelve uno, m\u00e1s se recuerda a s\u00ed mismo, con m\u00e1s cautela act\u00faa, m\u00e1s alerta est\u00e1, m\u00e1s heridas empiezan a desaparecer, hay menos brotes de ira, menos odio, menos celos y menos sentimientos posesivos. Un d\u00eda, uno simplemente descubre que todo eso se ha vuelto irrelevante, ha pasado a ser historia antigua, ya no se trata de cuestiones vivas sino de cuestiones muertas. Cuanto m\u00e1s consciente se vuelve uno, m\u00e1s y m\u00e1s heridas se curan y m\u00e1s se afianza la salud y la integridad.En esto consiste el milagro de adquirir conciencia: en que todo lo que es err\u00f3neo empieza a desvanecerse y todo lo que es correcto empieza a suceder. Individualmente, y como sociedad, la cuesti\u00f3n primordial es decidir si preferimos estar dormidos o despiertos, inconscientes o conscientes.Este libro presenta un mapa del despertar de la mano de la sabidur\u00eda de Osho.<\/p>\n","protected":false},"excerpt":{"rendered":"<p>Cuanto m\u00e1s consciente se vuelve uno, m\u00e1s se recuerda a s\u00ed mismo, con m\u00e1s cautela act\u00faa, m\u00e1s alerta est\u00e1, m\u00e1s heridas empiezan a desaparecer, hay menos brotes de ira, menos odio, menos celos y menos sentimientos posesivos. Un d\u00eda, uno simplemente descubre <\/p>\n","protected":false},"featured_media":2307,"template":"","meta":[],"product_brand":[383],"product_cat":[32],"product_tag":[],"class_list":{"0":"post-2306","1":"product","2":"type-product","3":"status-publish","4":"has-post-thumbnail","6":"product_brand-osho","7":"product_cat-autoayuda","9":"first","10":"instock","11":"purchasable","12":"product-type-simple"},"featured_image_urls_v2":{"full":["https:\/\/ajupe.com.uy\/web\/wp-content\/uploads\/2016\/04\/p-2306-7715.jpg",287,369,false],"thumbnail":["https:\/\/ajupe.com.uy\/web\/wp-content\/uploads\/2016\/04\/p-2306-7715.jpg",150,150,true],"medium":["https:\/\/ajupe.com.uy\/web\/wp-content\/uploads\/2016\/04\/p-2306-7715.jpg",300,214,true],"medium_large":["https:\/\/ajupe.com.uy\/web\/wp-content\/uploads\/2016\/04\/p-2306-7715.jpg",287,369,false],"large":["https:\/\/ajupe.com.uy\/web\/wp-content\/uploads\/2016\/04\/p-2306-7715.jpg",287,369,false],"1536x1536":["https:\/\/ajupe.com.uy\/web\/wp-content\/uploads\/2016\/04\/p-2306-7715.jpg",287,369,false],"2048x2048":["https:\/\/ajupe.com.uy\/web\/wp-content\/uploads\/2016\/04\/p-2306-7715.jpg",287,369,false],"woocommerce_archive_thumbnail":["https:\/\/ajupe.com.uy\/web\/wp-content\/uploads\/2016\/04\/p-2306-7715-287x300.jpg",287,300,true],"woocommerce_thumbnail":["https:\/\/ajupe.com.uy\/web\/wp-content\/uploads\/2016\/04\/p-2306-7715-287x300.jpg",287,300,true],"woocommerce_single":["https:\/\/ajupe.com.uy\/web\/wp-content\/uploads\/2016\/04\/p-2306-7715.jpg",287,369,false],"woocommerce_gallery_thumbnail":["https:\/\/ajupe.com.uy\/web\/wp-content\/uploads\/2016\/04\/p-2306-7715-100x100.jpg",100,100,true]},"post_excerpt_stackable_v2":"<p>Cuanto m\u00e1s consciente se vuelve uno, m\u00e1s se recuerda a s\u00ed mismo, con m\u00e1s cautela act\u00faa, m\u00e1s alerta est\u00e1, m\u00e1s heridas empiezan a desaparecer, hay menos brotes de ira, menos odio, menos celos y menos sentimientos posesivos. Un d\u00eda, uno simplemente descubre <\/p>\n","category_list_v2":"","author_info_v2":{"name":"","url":""},"comments_num_v2":"0 comentarios","_links":{"self":[{"href":"https:\/\/ajupe.com.uy\/web\/wp-json\/wp\/v2\/product\/2306","targetHints":{"allow":["GET"]}}],"collection":[{"href":"https:\/\/ajupe.com.uy\/web\/wp-json\/wp\/v2\/product"}],"about":[{"href":"https:\/\/ajupe.com.uy\/web\/wp-json\/wp\/v2\/types\/product"}],"wp:featuredmedia":[{"embeddable":true,"href":"https:\/\/ajupe.com.uy\/web\/wp-json\/wp\/v2\/media\/2307"}],"wp:attachment":[{"href":"https:\/\/ajupe.com.uy\/web\/wp-json\/wp\/v2\/media?parent=2306"}],"wp:term":[{"taxonomy":"product_brand","embeddable":true,"href":"https:\/\/ajupe.com.uy\/web\/wp-json\/wp\/v2\/product_brand?post=2306"},{"taxonomy":"product_cat","embeddable":true,"href":"https:\/\/ajupe.com.uy\/web\/wp-json\/wp\/v2\/product_cat?post=2306"},{"taxonomy":"product_tag","embeddable":true,"href":"https:\/\/ajupe.com.uy\/web\/wp-json\/wp\/v2\/product_tag?post=2306"}],"curies":[{"name":"wp","href":"https:\/\/api.w.org\/{rel}","templated":true}]}}