{"id":2310,"date":"2010-07-14T00:00:00","date_gmt":"2010-07-14T03:00:00","guid":{"rendered":"http:\/\/ajupe.com.uy\/web\/?post_type=product&#038;p=2310"},"modified":"2011-09-15T20:49:23","modified_gmt":"2011-09-15T23:49:23","slug":"tiempo-de-matar","status":"publish","type":"product","link":"https:\/\/ajupe.com.uy\/web\/biblioteca\/tiempo-de-matar\/","title":{"rendered":"Tiempo de Matar"},"content":{"rendered":"<p>Tiempo de matar es una portentosa novela de desquite y justicia. Desde la violaci\u00f3n de una ni\u00f1a hasta el veredicto del jurado, revela con una fuerza inexorable la diferencia entre el estudio y la pr\u00e1ctica de la ley, y nos ofrece un reflejo inolvidable de lo bueno y lo malo que hay en cada uno de nosotros.<\/p>\n","protected":false},"excerpt":{"rendered":"<p>Tiempo de matar es una portentosa novela de desquite y justicia. Desde la violaci\u00f3n de una ni\u00f1a hasta el veredicto del jurado, revela con una fuerza inexorable la diferencia entre el estudio y la pr\u00e1ctica de la ley, y nos ofrece un reflejo inolvidable de<\/p>\n","protected":false},"featured_media":2311,"template":"","meta":[],"product_brand":[77],"product_cat":[40,30],"product_tag":[],"class_list":{"0":"post-2310","1":"product","2":"type-product","3":"status-publish","4":"has-post-thumbnail","6":"product_brand-john-grisham","7":"product_cat-policial","8":"product_cat-suspenso","10":"first","11":"instock","12":"purchasable","13":"product-type-simple"},"featured_image_urls_v2":{"full":["https:\/\/ajupe.com.uy\/web\/wp-content\/uploads\/2016\/04\/p-2310-7717.jpg",244,370,false],"thumbnail":["https:\/\/ajupe.com.uy\/web\/wp-content\/uploads\/2016\/04\/p-2310-7717.jpg",150,150,true],"medium":["https:\/\/ajupe.com.uy\/web\/wp-content\/uploads\/2016\/04\/p-2310-7717.jpg",300,214,true],"medium_large":["https:\/\/ajupe.com.uy\/web\/wp-content\/uploads\/2016\/04\/p-2310-7717.jpg",244,370,false],"large":["https:\/\/ajupe.com.uy\/web\/wp-content\/uploads\/2016\/04\/p-2310-7717.jpg",244,370,false],"1536x1536":["https:\/\/ajupe.com.uy\/web\/wp-content\/uploads\/2016\/04\/p-2310-7717.jpg",244,370,false],"2048x2048":["https:\/\/ajupe.com.uy\/web\/wp-content\/uploads\/2016\/04\/p-2310-7717.jpg",244,370,false],"woocommerce_archive_thumbnail":["https:\/\/ajupe.com.uy\/web\/wp-content\/uploads\/2016\/04\/p-2310-7717-244x300.jpg",244,300,true],"woocommerce_thumbnail":["https:\/\/ajupe.com.uy\/web\/wp-content\/uploads\/2016\/04\/p-2310-7717-244x300.jpg",244,300,true],"woocommerce_single":["https:\/\/ajupe.com.uy\/web\/wp-content\/uploads\/2016\/04\/p-2310-7717.jpg",244,370,false],"woocommerce_gallery_thumbnail":["https:\/\/ajupe.com.uy\/web\/wp-content\/uploads\/2016\/04\/p-2310-7717-100x100.jpg",100,100,true]},"post_excerpt_stackable_v2":"<p>Tiempo de matar es una portentosa novela de desquite y justicia. Desde la violaci\u00f3n de una ni\u00f1a hasta el veredicto del jurado, revela con una fuerza inexorable la diferencia entre el estudio y la pr\u00e1ctica de la ley, y nos ofrece un reflejo inolvidable de<\/p>\n","category_list_v2":"","author_info_v2":{"name":"","url":""},"comments_num_v2":"0 comentarios","_links":{"self":[{"href":"https:\/\/ajupe.com.uy\/web\/wp-json\/wp\/v2\/product\/2310","targetHints":{"allow":["GET"]}}],"collection":[{"href":"https:\/\/ajupe.com.uy\/web\/wp-json\/wp\/v2\/product"}],"about":[{"href":"https:\/\/ajupe.com.uy\/web\/wp-json\/wp\/v2\/types\/product"}],"wp:featuredmedia":[{"embeddable":true,"href":"https:\/\/ajupe.com.uy\/web\/wp-json\/wp\/v2\/media\/2311"}],"wp:attachment":[{"href":"https:\/\/ajupe.com.uy\/web\/wp-json\/wp\/v2\/media?parent=2310"}],"wp:term":[{"taxonomy":"product_brand","embeddable":true,"href":"https:\/\/ajupe.com.uy\/web\/wp-json\/wp\/v2\/product_brand?post=2310"},{"taxonomy":"product_cat","embeddable":true,"href":"https:\/\/ajupe.com.uy\/web\/wp-json\/wp\/v2\/product_cat?post=2310"},{"taxonomy":"product_tag","embeddable":true,"href":"https:\/\/ajupe.com.uy\/web\/wp-json\/wp\/v2\/product_tag?post=2310"}],"curies":[{"name":"wp","href":"https:\/\/api.w.org\/{rel}","templated":true}]}}