{"id":2312,"date":"2010-07-14T00:00:00","date_gmt":"2010-07-14T03:00:00","guid":{"rendered":"http:\/\/ajupe.com.uy\/web\/?post_type=product&#038;p=2312"},"modified":"2011-09-15T20:48:52","modified_gmt":"2011-09-15T23:48:52","slug":"un-lugar-lejano","status":"publish","type":"product","link":"https:\/\/ajupe.com.uy\/web\/biblioteca\/un-lugar-lejano\/","title":{"rendered":"Un Lugar Lejano"},"content":{"rendered":"<p>Uno de los m\u00e1s famosos fot\u00f3grafos latinoamericanos, enfermo de un c\u00e1ncer terminal, sue\u00f1a con una fotograf\u00eda que nunca ha tomado. A partir de ese sue\u00f1o se construye esta novela, que ense\u00f1a un camino para entender la vida y para luchar por ella. Un lugar lejano es una delicada historia de amor y, a la vez, una poderosa aventura de esperanza y hero\u00edsmo. El impresionante paisaje de la Patagonia argentina es el lugar elegido por Juli\u00e1n Palacios para correr su \u00faltima aventura. Viajero incansable, artista de renombre internacional, deber\u00e1 padecer la soledad y el dolor antes de aceptar el destino y sellar la paz consigo mismo. Un lugar lejano ha sido adaptada al cine, en una pel\u00edcula dirigida por Jos\u00e9 Ram\u00f3n N\u00f3voa que fue filmada en La Patagonia, Galicia y Caracas, protagonizada por Marcela Kloosterboer y Erich Wildpredt.<\/p>\n","protected":false},"excerpt":{"rendered":"<p>Uno de los m\u00e1s famosos fot\u00f3grafos latinoamericanos, enfermo de un c\u00e1ncer terminal, sue\u00f1a con una fotograf\u00eda que nunca ha tomado. A partir de ese sue\u00f1o se construye esta novela, que ense\u00f1a un camino para entender la vida y para luchar por ella. Un lugar le<\/p>\n","protected":false},"featured_media":2313,"template":"","meta":[],"product_brand":[971],"product_cat":[33,45],"product_tag":[],"class_list":{"0":"post-2312","1":"product","2":"type-product","3":"status-publish","4":"has-post-thumbnail","6":"product_brand-fernando-butazzoni","7":"product_cat-cuentos","8":"product_cat-uruguayo","10":"first","11":"instock","12":"purchasable","13":"product-type-simple"},"featured_image_urls_v2":{"full":["https:\/\/ajupe.com.uy\/web\/wp-content\/uploads\/2016\/04\/p-2312-7718.jpg",385,385,false],"thumbnail":["https:\/\/ajupe.com.uy\/web\/wp-content\/uploads\/2016\/04\/p-2312-7718.jpg",150,150,true],"medium":["https:\/\/ajupe.com.uy\/web\/wp-content\/uploads\/2016\/04\/p-2312-7718.jpg",300,214,true],"medium_large":["https:\/\/ajupe.com.uy\/web\/wp-content\/uploads\/2016\/04\/p-2312-7718.jpg",385,385,false],"large":["https:\/\/ajupe.com.uy\/web\/wp-content\/uploads\/2016\/04\/p-2312-7718.jpg",385,385,false],"1536x1536":["https:\/\/ajupe.com.uy\/web\/wp-content\/uploads\/2016\/04\/p-2312-7718.jpg",385,385,false],"2048x2048":["https:\/\/ajupe.com.uy\/web\/wp-content\/uploads\/2016\/04\/p-2312-7718.jpg",385,385,false],"woocommerce_archive_thumbnail":["https:\/\/ajupe.com.uy\/web\/wp-content\/uploads\/2016\/04\/p-2312-7718-300x385.jpg",300,385,true],"woocommerce_thumbnail":["https:\/\/ajupe.com.uy\/web\/wp-content\/uploads\/2016\/04\/p-2312-7718-300x300.jpg",300,300,true],"woocommerce_single":["https:\/\/ajupe.com.uy\/web\/wp-content\/uploads\/2016\/04\/p-2312-7718-300x300.jpg",300,300,true],"woocommerce_gallery_thumbnail":["https:\/\/ajupe.com.uy\/web\/wp-content\/uploads\/2016\/04\/p-2312-7718-100x100.jpg",100,100,true]},"post_excerpt_stackable_v2":"<p>Uno de los m\u00e1s famosos fot\u00f3grafos latinoamericanos, enfermo de un c\u00e1ncer terminal, sue\u00f1a con una fotograf\u00eda que nunca ha tomado. A partir de ese sue\u00f1o se construye esta novela, que ense\u00f1a un camino para entender la vida y para luchar por ella. Un lugar le<\/p>\n","category_list_v2":"","author_info_v2":{"name":"","url":""},"comments_num_v2":"0 comentarios","_links":{"self":[{"href":"https:\/\/ajupe.com.uy\/web\/wp-json\/wp\/v2\/product\/2312","targetHints":{"allow":["GET"]}}],"collection":[{"href":"https:\/\/ajupe.com.uy\/web\/wp-json\/wp\/v2\/product"}],"about":[{"href":"https:\/\/ajupe.com.uy\/web\/wp-json\/wp\/v2\/types\/product"}],"wp:featuredmedia":[{"embeddable":true,"href":"https:\/\/ajupe.com.uy\/web\/wp-json\/wp\/v2\/media\/2313"}],"wp:attachment":[{"href":"https:\/\/ajupe.com.uy\/web\/wp-json\/wp\/v2\/media?parent=2312"}],"wp:term":[{"taxonomy":"product_brand","embeddable":true,"href":"https:\/\/ajupe.com.uy\/web\/wp-json\/wp\/v2\/product_brand?post=2312"},{"taxonomy":"product_cat","embeddable":true,"href":"https:\/\/ajupe.com.uy\/web\/wp-json\/wp\/v2\/product_cat?post=2312"},{"taxonomy":"product_tag","embeddable":true,"href":"https:\/\/ajupe.com.uy\/web\/wp-json\/wp\/v2\/product_tag?post=2312"}],"curies":[{"name":"wp","href":"https:\/\/api.w.org\/{rel}","templated":true}]}}