{"id":2318,"date":"2010-07-14T00:00:00","date_gmt":"2010-07-14T03:00:00","guid":{"rendered":"http:\/\/ajupe.com.uy\/web\/?post_type=product&#038;p=2318"},"modified":"2010-07-14T00:00:00","modified_gmt":"2010-07-14T03:00:00","slug":"camino-hacia-el-pasado","status":"publish","type":"product","link":"https:\/\/ajupe.com.uy\/web\/biblioteca\/camino-hacia-el-pasado\/","title":{"rendered":"Camino Hacia El Pasado"},"content":{"rendered":"<p>La abogada Emily Graham se ha comprado una casa. No una casa cualquiera, sino una casa antigua que perteneci\u00f3 a sus antepasados, los cuales la vendieron en 1892 cuando Madeleine, la heredera, desapareci\u00f3. Con su compra, Emily no pretende simplemente rendir un homenaje a sus ra\u00edces; tambi\u00e9n busca un poco de paz despu\u00e9s de un divorcio particularmente doloroso, as\u00ed como olvidarse del acoso al que la somete un indeseable. Pero lo que promet\u00eda ser un oasis comienza a convertirse en una pesadilla: cuando realiza excavaciones para hacer una piscina aparece un cad\u00e1ver de mujer, un cad\u00e1ver reciente, pero que lleva el anillo de la desaparecida Madeleine. Y Emily intuye que ella puede ser la siguiente v\u00edctima&#8230;<\/p>\n","protected":false},"excerpt":{"rendered":"<p>La abogada Emily Graham se ha comprado una casa. No una casa cualquiera, sino una casa antigua que perteneci\u00f3 a sus antepasados, los cuales la vendieron en 1892 cuando Madeleine, la heredera, desapareci\u00f3. Con su compra, Emily no pretende simplemente rendi<\/p>\n","protected":false},"featured_media":2319,"template":"","meta":[],"product_brand":[52],"product_cat":[29],"product_tag":[],"class_list":{"0":"post-2318","1":"product","2":"type-product","3":"status-publish","4":"has-post-thumbnail","6":"product_brand-mary-higgins-clark","7":"product_cat-novela","9":"first","10":"instock","11":"purchasable","12":"product-type-simple"},"featured_image_urls_v2":{"full":["https:\/\/ajupe.com.uy\/web\/wp-content\/uploads\/2016\/04\/p-2318-7721.jpg",252,369,false],"thumbnail":["https:\/\/ajupe.com.uy\/web\/wp-content\/uploads\/2016\/04\/p-2318-7721.jpg",150,150,true],"medium":["https:\/\/ajupe.com.uy\/web\/wp-content\/uploads\/2016\/04\/p-2318-7721.jpg",300,214,true],"medium_large":["https:\/\/ajupe.com.uy\/web\/wp-content\/uploads\/2016\/04\/p-2318-7721.jpg",252,369,false],"large":["https:\/\/ajupe.com.uy\/web\/wp-content\/uploads\/2016\/04\/p-2318-7721.jpg",252,369,false],"1536x1536":["https:\/\/ajupe.com.uy\/web\/wp-content\/uploads\/2016\/04\/p-2318-7721.jpg",252,369,false],"2048x2048":["https:\/\/ajupe.com.uy\/web\/wp-content\/uploads\/2016\/04\/p-2318-7721.jpg",252,369,false],"woocommerce_archive_thumbnail":["https:\/\/ajupe.com.uy\/web\/wp-content\/uploads\/2016\/04\/p-2318-7721-252x300.jpg",252,300,true],"woocommerce_thumbnail":["https:\/\/ajupe.com.uy\/web\/wp-content\/uploads\/2016\/04\/p-2318-7721-252x300.jpg",252,300,true],"woocommerce_single":["https:\/\/ajupe.com.uy\/web\/wp-content\/uploads\/2016\/04\/p-2318-7721.jpg",252,369,false],"woocommerce_gallery_thumbnail":["https:\/\/ajupe.com.uy\/web\/wp-content\/uploads\/2016\/04\/p-2318-7721-100x100.jpg",100,100,true]},"post_excerpt_stackable_v2":"<p>La abogada Emily Graham se ha comprado una casa. No una casa cualquiera, sino una casa antigua que perteneci\u00f3 a sus antepasados, los cuales la vendieron en 1892 cuando Madeleine, la heredera, desapareci\u00f3. Con su compra, Emily no pretende simplemente rendi<\/p>\n","category_list_v2":"","author_info_v2":{"name":"","url":""},"comments_num_v2":"0 comentarios","_links":{"self":[{"href":"https:\/\/ajupe.com.uy\/web\/wp-json\/wp\/v2\/product\/2318","targetHints":{"allow":["GET"]}}],"collection":[{"href":"https:\/\/ajupe.com.uy\/web\/wp-json\/wp\/v2\/product"}],"about":[{"href":"https:\/\/ajupe.com.uy\/web\/wp-json\/wp\/v2\/types\/product"}],"wp:featuredmedia":[{"embeddable":true,"href":"https:\/\/ajupe.com.uy\/web\/wp-json\/wp\/v2\/media\/2319"}],"wp:attachment":[{"href":"https:\/\/ajupe.com.uy\/web\/wp-json\/wp\/v2\/media?parent=2318"}],"wp:term":[{"taxonomy":"product_brand","embeddable":true,"href":"https:\/\/ajupe.com.uy\/web\/wp-json\/wp\/v2\/product_brand?post=2318"},{"taxonomy":"product_cat","embeddable":true,"href":"https:\/\/ajupe.com.uy\/web\/wp-json\/wp\/v2\/product_cat?post=2318"},{"taxonomy":"product_tag","embeddable":true,"href":"https:\/\/ajupe.com.uy\/web\/wp-json\/wp\/v2\/product_tag?post=2318"}],"curies":[{"name":"wp","href":"https:\/\/api.w.org\/{rel}","templated":true}]}}