{"id":2326,"date":"2010-07-14T00:00:00","date_gmt":"2010-07-14T03:00:00","guid":{"rendered":"http:\/\/ajupe.com.uy\/web\/?post_type=product&#038;p=2326"},"modified":"2011-09-15T20:41:34","modified_gmt":"2011-09-15T23:41:34","slug":"zoya","status":"publish","type":"product","link":"https:\/\/ajupe.com.uy\/web\/biblioteca\/zoya\/","title":{"rendered":"Zoya"},"content":{"rendered":"<p>Tras la devastaci\u00f3n de la Revoluci\u00f3n rusa y la Primera Guerra Mundial, Zoya, la joven prima del zar, vuela de San Petersburgo a Par\u00eds en busca de refugio. Su mundo ha cambiado para siempre, y tras pasar por terribles momentos, logra unirse al ballet ruso en Par\u00eds, con cuyo salario mantiene a su ind\u00f3mita abuela y a s\u00ed misma.<\/p>\n","protected":false},"excerpt":{"rendered":"<p>Tras la devastaci\u00f3n de la Revoluci\u00f3n rusa y la Primera Guerra Mundial, Zoya, la joven prima del zar, vuela de San Petersburgo a Par\u00eds en busca de refugio. Su mundo ha cambiado para siempre, y tras pasar por terribles momentos, logra unirse al ballet ruso<\/p>\n","protected":false},"featured_media":2327,"template":"","meta":[],"product_brand":[193],"product_cat":[38,29],"product_tag":[],"class_list":{"0":"post-2326","1":"product","2":"type-product","3":"status-publish","4":"has-post-thumbnail","6":"product_brand-danielle-steel","7":"product_cat-amor","8":"product_cat-novela","10":"first","11":"instock","12":"purchasable","13":"product-type-simple"},"featured_image_urls_v2":{"full":["https:\/\/ajupe.com.uy\/web\/wp-content\/uploads\/2016\/04\/p-2326-7725.jpg",383,550,false],"thumbnail":["https:\/\/ajupe.com.uy\/web\/wp-content\/uploads\/2016\/04\/p-2326-7725.jpg",150,150,true],"medium":["https:\/\/ajupe.com.uy\/web\/wp-content\/uploads\/2016\/04\/p-2326-7725.jpg",300,214,true],"medium_large":["https:\/\/ajupe.com.uy\/web\/wp-content\/uploads\/2016\/04\/p-2326-7725.jpg",383,550,false],"large":["https:\/\/ajupe.com.uy\/web\/wp-content\/uploads\/2016\/04\/p-2326-7725.jpg",383,550,false],"1536x1536":["https:\/\/ajupe.com.uy\/web\/wp-content\/uploads\/2016\/04\/p-2326-7725.jpg",383,550,false],"2048x2048":["https:\/\/ajupe.com.uy\/web\/wp-content\/uploads\/2016\/04\/p-2326-7725.jpg",383,550,false],"woocommerce_archive_thumbnail":["https:\/\/ajupe.com.uy\/web\/wp-content\/uploads\/2016\/04\/p-2326-7725-300x450.jpg",300,450,true],"woocommerce_thumbnail":["https:\/\/ajupe.com.uy\/web\/wp-content\/uploads\/2016\/04\/p-2326-7725-300x300.jpg",300,300,true],"woocommerce_single":["https:\/\/ajupe.com.uy\/web\/wp-content\/uploads\/2016\/04\/p-2326-7725-300x431.jpg",300,431,true],"woocommerce_gallery_thumbnail":["https:\/\/ajupe.com.uy\/web\/wp-content\/uploads\/2016\/04\/p-2326-7725-100x100.jpg",100,100,true]},"post_excerpt_stackable_v2":"<p>Tras la devastaci\u00f3n de la Revoluci\u00f3n rusa y la Primera Guerra Mundial, Zoya, la joven prima del zar, vuela de San Petersburgo a Par\u00eds en busca de refugio. Su mundo ha cambiado para siempre, y tras pasar por terribles momentos, logra unirse al ballet ruso<\/p>\n","category_list_v2":"","author_info_v2":{"name":"","url":""},"comments_num_v2":"0 comentarios","_links":{"self":[{"href":"https:\/\/ajupe.com.uy\/web\/wp-json\/wp\/v2\/product\/2326","targetHints":{"allow":["GET"]}}],"collection":[{"href":"https:\/\/ajupe.com.uy\/web\/wp-json\/wp\/v2\/product"}],"about":[{"href":"https:\/\/ajupe.com.uy\/web\/wp-json\/wp\/v2\/types\/product"}],"wp:featuredmedia":[{"embeddable":true,"href":"https:\/\/ajupe.com.uy\/web\/wp-json\/wp\/v2\/media\/2327"}],"wp:attachment":[{"href":"https:\/\/ajupe.com.uy\/web\/wp-json\/wp\/v2\/media?parent=2326"}],"wp:term":[{"taxonomy":"product_brand","embeddable":true,"href":"https:\/\/ajupe.com.uy\/web\/wp-json\/wp\/v2\/product_brand?post=2326"},{"taxonomy":"product_cat","embeddable":true,"href":"https:\/\/ajupe.com.uy\/web\/wp-json\/wp\/v2\/product_cat?post=2326"},{"taxonomy":"product_tag","embeddable":true,"href":"https:\/\/ajupe.com.uy\/web\/wp-json\/wp\/v2\/product_tag?post=2326"}],"curies":[{"name":"wp","href":"https:\/\/api.w.org\/{rel}","templated":true}]}}