{"id":2328,"date":"2010-07-14T00:00:00","date_gmt":"2010-07-14T03:00:00","guid":{"rendered":"http:\/\/ajupe.com.uy\/web\/?post_type=product&#038;p=2328"},"modified":"2011-09-15T20:41:01","modified_gmt":"2011-09-15T23:41:01","slug":"duma-key","status":"publish","type":"product","link":"https:\/\/ajupe.com.uy\/web\/biblioteca\/duma-key\/","title":{"rendered":"Duma Key"},"content":{"rendered":"<p>Unas pinturas de sorprendente fuerza y maestr\u00eda podr\u00edan estar inspiradas en una terrible maldici\u00f3n\u2026 Tras sufrir un grave accidente, la vida del constructor millonario Edgard Fremantle cambia radicalmente. Ha perdido un brazo, se separa de su mujer y decide trasladarse a Duma Key para dedicarse a pintar. El paisaje de este cayo en la Florida, con viejas casonas y una vegetaci\u00f3n tropical, y la extra\u00f1a propietaria de la isla desatan en Edgar una febre creadora sobrehumana: los paisajes surrealistas, los mares embravecidos y las mu\u00f1ecas que dibuja parecen formar parte de un aterrador mensaje de advertencia\u2026 Una de las mejores novelas de Stephen King, con elementos sobrenaturales que recuerdan a La historia de Lisey . El cayo, su paisaje y los secretos que encierra su mar se convierten en un personaje m\u00e1s de la novela, fascinante y terror\u00edfco.<\/p>\n","protected":false},"excerpt":{"rendered":"<p>Unas pinturas de sorprendente fuerza y maestr\u00eda podr\u00edan estar inspiradas en una terrible maldici\u00f3n\u2026 Tras sufrir un grave accidente, la vida del constructor millonario Edgard Fremantle cambia radicalmente. Ha perdido un brazo, se separa de su mujer y decid<\/p>\n","protected":false},"featured_media":2329,"template":"","meta":[],"product_brand":[115],"product_cat":[30],"product_tag":[],"class_list":{"0":"post-2328","1":"product","2":"type-product","3":"status-publish","4":"has-post-thumbnail","6":"product_brand-stephen-king","7":"product_cat-suspenso","9":"first","10":"instock","11":"purchasable","12":"product-type-simple"},"featured_image_urls_v2":{"full":["https:\/\/ajupe.com.uy\/web\/wp-content\/uploads\/2016\/04\/p-2328-7726.jpg",232,362,false],"thumbnail":["https:\/\/ajupe.com.uy\/web\/wp-content\/uploads\/2016\/04\/p-2328-7726.jpg",150,150,true],"medium":["https:\/\/ajupe.com.uy\/web\/wp-content\/uploads\/2016\/04\/p-2328-7726.jpg",300,214,true],"medium_large":["https:\/\/ajupe.com.uy\/web\/wp-content\/uploads\/2016\/04\/p-2328-7726.jpg",232,362,false],"large":["https:\/\/ajupe.com.uy\/web\/wp-content\/uploads\/2016\/04\/p-2328-7726.jpg",232,362,false],"1536x1536":["https:\/\/ajupe.com.uy\/web\/wp-content\/uploads\/2016\/04\/p-2328-7726.jpg",232,362,false],"2048x2048":["https:\/\/ajupe.com.uy\/web\/wp-content\/uploads\/2016\/04\/p-2328-7726.jpg",232,362,false],"woocommerce_archive_thumbnail":["https:\/\/ajupe.com.uy\/web\/wp-content\/uploads\/2016\/04\/p-2328-7726-232x300.jpg",232,300,true],"woocommerce_thumbnail":["https:\/\/ajupe.com.uy\/web\/wp-content\/uploads\/2016\/04\/p-2328-7726-232x300.jpg",232,300,true],"woocommerce_single":["https:\/\/ajupe.com.uy\/web\/wp-content\/uploads\/2016\/04\/p-2328-7726.jpg",232,362,false],"woocommerce_gallery_thumbnail":["https:\/\/ajupe.com.uy\/web\/wp-content\/uploads\/2016\/04\/p-2328-7726-100x100.jpg",100,100,true]},"post_excerpt_stackable_v2":"<p>Unas pinturas de sorprendente fuerza y maestr\u00eda podr\u00edan estar inspiradas en una terrible maldici\u00f3n\u2026 Tras sufrir un grave accidente, la vida del constructor millonario Edgard Fremantle cambia radicalmente. Ha perdido un brazo, se separa de su mujer y decid<\/p>\n","category_list_v2":"","author_info_v2":{"name":"","url":""},"comments_num_v2":"0 comentarios","_links":{"self":[{"href":"https:\/\/ajupe.com.uy\/web\/wp-json\/wp\/v2\/product\/2328","targetHints":{"allow":["GET"]}}],"collection":[{"href":"https:\/\/ajupe.com.uy\/web\/wp-json\/wp\/v2\/product"}],"about":[{"href":"https:\/\/ajupe.com.uy\/web\/wp-json\/wp\/v2\/types\/product"}],"wp:featuredmedia":[{"embeddable":true,"href":"https:\/\/ajupe.com.uy\/web\/wp-json\/wp\/v2\/media\/2329"}],"wp:attachment":[{"href":"https:\/\/ajupe.com.uy\/web\/wp-json\/wp\/v2\/media?parent=2328"}],"wp:term":[{"taxonomy":"product_brand","embeddable":true,"href":"https:\/\/ajupe.com.uy\/web\/wp-json\/wp\/v2\/product_brand?post=2328"},{"taxonomy":"product_cat","embeddable":true,"href":"https:\/\/ajupe.com.uy\/web\/wp-json\/wp\/v2\/product_cat?post=2328"},{"taxonomy":"product_tag","embeddable":true,"href":"https:\/\/ajupe.com.uy\/web\/wp-json\/wp\/v2\/product_tag?post=2328"}],"curies":[{"name":"wp","href":"https:\/\/api.w.org\/{rel}","templated":true}]}}