{"id":2346,"date":"2010-07-14T00:00:00","date_gmt":"2010-07-14T03:00:00","guid":{"rendered":"http:\/\/ajupe.com.uy\/web\/?post_type=product&#038;p=2346"},"modified":"2011-09-15T19:56:42","modified_gmt":"2011-09-15T22:56:42","slug":"bastardos-sin-gloria","status":"publish","type":"product","link":"https:\/\/ajupe.com.uy\/web\/biblioteca\/bastardos-sin-gloria\/","title":{"rendered":"Bastardos Sin Gloria"},"content":{"rendered":"<p>Erase una vez, en la Francia ocupada por los nazis&#8230; Shoshanna Dreyfus, una joven jud\u00eda, presencia el asesinato de su familia a manos de un siniestro coronel nazi conocido como el Cazador de Jud\u00edos. Tras escapar milagrosamente, Shoshanna huye a Par\u00eds, donde se forja una nueva identidad como propietaria y operadora de una sala de cine. All\u00ed se encuentra con un grupo de soldados judeoamericanos a las \u00f3rdenes del charlat\u00e1n y proscrito teniente Aldo Raine, un r\u00fastico de las mota\u00f1as de Tenesse. Los solados, conocidos simplemente como los Bastardos, han sido seleccionados para sembrar el terror en el Tercer Reich, arrancando cabelleras y asesinando brutalmente a tantos nazis como sea posible. Un deseo compartido de venganza los lleva, junto con la actriz alemana y agente secreto Bridget von Hammersmark, a coincidir bajo la marquesina del cine de Shoshanna, donde est\u00e1 a punto de estrenarse un filme de propaganda nazi y donde todos los l\u00edderes del Tercer Reich muy pronto encontrar\u00e1n su fin&#8230; Pero esta vez Shoshanna no es una espectadora inocente. Tiene su propio plan de venganza&#8230;<\/p>\n","protected":false},"excerpt":{"rendered":"<p>Erase una vez, en la Francia ocupada por los nazis&#8230; Shoshanna Dreyfus, una joven jud\u00eda, presencia el asesinato de su familia a manos de un siniestro coronel nazi conocido como el Cazador de Jud\u00edos. Tras escapar milagrosamente, Shoshanna huye a Par\u00eds, do<\/p>\n","protected":false},"featured_media":2347,"template":"","meta":[],"product_brand":[974],"product_cat":[29,34],"product_tag":[],"class_list":{"0":"post-2346","1":"product","2":"type-product","3":"status-publish","4":"has-post-thumbnail","6":"product_brand-higgins-clark-carol-clark","7":"product_cat-novela","8":"product_cat-otros","10":"first","11":"instock","12":"purchasable","13":"product-type-simple"},"featured_image_urls_v2":{"full":["https:\/\/ajupe.com.uy\/web\/wp-content\/uploads\/2016\/04\/p-2346-7741.jpg",256,379,false],"thumbnail":["https:\/\/ajupe.com.uy\/web\/wp-content\/uploads\/2016\/04\/p-2346-7741.jpg",150,150,true],"medium":["https:\/\/ajupe.com.uy\/web\/wp-content\/uploads\/2016\/04\/p-2346-7741.jpg",300,214,true],"medium_large":["https:\/\/ajupe.com.uy\/web\/wp-content\/uploads\/2016\/04\/p-2346-7741.jpg",256,379,false],"large":["https:\/\/ajupe.com.uy\/web\/wp-content\/uploads\/2016\/04\/p-2346-7741.jpg",256,379,false],"1536x1536":["https:\/\/ajupe.com.uy\/web\/wp-content\/uploads\/2016\/04\/p-2346-7741.jpg",256,379,false],"2048x2048":["https:\/\/ajupe.com.uy\/web\/wp-content\/uploads\/2016\/04\/p-2346-7741.jpg",256,379,false],"woocommerce_archive_thumbnail":["https:\/\/ajupe.com.uy\/web\/wp-content\/uploads\/2016\/04\/p-2346-7741-256x300.jpg",256,300,true],"woocommerce_thumbnail":["https:\/\/ajupe.com.uy\/web\/wp-content\/uploads\/2016\/04\/p-2346-7741-256x300.jpg",256,300,true],"woocommerce_single":["https:\/\/ajupe.com.uy\/web\/wp-content\/uploads\/2016\/04\/p-2346-7741.jpg",256,379,false],"woocommerce_gallery_thumbnail":["https:\/\/ajupe.com.uy\/web\/wp-content\/uploads\/2016\/04\/p-2346-7741-100x100.jpg",100,100,true]},"post_excerpt_stackable_v2":"<p>Erase una vez, en la Francia ocupada por los nazis&#8230; Shoshanna Dreyfus, una joven jud\u00eda, presencia el asesinato de su familia a manos de un siniestro coronel nazi conocido como el Cazador de Jud\u00edos. Tras escapar milagrosamente, Shoshanna huye a Par\u00eds, do<\/p>\n","category_list_v2":"","author_info_v2":{"name":"","url":""},"comments_num_v2":"0 comentarios","_links":{"self":[{"href":"https:\/\/ajupe.com.uy\/web\/wp-json\/wp\/v2\/product\/2346","targetHints":{"allow":["GET"]}}],"collection":[{"href":"https:\/\/ajupe.com.uy\/web\/wp-json\/wp\/v2\/product"}],"about":[{"href":"https:\/\/ajupe.com.uy\/web\/wp-json\/wp\/v2\/types\/product"}],"wp:featuredmedia":[{"embeddable":true,"href":"https:\/\/ajupe.com.uy\/web\/wp-json\/wp\/v2\/media\/2347"}],"wp:attachment":[{"href":"https:\/\/ajupe.com.uy\/web\/wp-json\/wp\/v2\/media?parent=2346"}],"wp:term":[{"taxonomy":"product_brand","embeddable":true,"href":"https:\/\/ajupe.com.uy\/web\/wp-json\/wp\/v2\/product_brand?post=2346"},{"taxonomy":"product_cat","embeddable":true,"href":"https:\/\/ajupe.com.uy\/web\/wp-json\/wp\/v2\/product_cat?post=2346"},{"taxonomy":"product_tag","embeddable":true,"href":"https:\/\/ajupe.com.uy\/web\/wp-json\/wp\/v2\/product_tag?post=2346"}],"curies":[{"name":"wp","href":"https:\/\/api.w.org\/{rel}","templated":true}]}}