{"id":2350,"date":"2010-07-14T00:00:00","date_gmt":"2010-07-14T03:00:00","guid":{"rendered":"http:\/\/ajupe.com.uy\/web\/?post_type=product&#038;p=2350"},"modified":"2011-09-15T19:58:17","modified_gmt":"2011-09-15T22:58:17","slug":"la-luces-de-septiembre","status":"publish","type":"product","link":"https:\/\/ajupe.com.uy\/web\/biblioteca\/la-luces-de-septiembre\/","title":{"rendered":"La Luces de Septiembre"},"content":{"rendered":"<p>Un misterioso fabricante de juguetes que vive recluido en una gigantesca mansi\u00f3n poblada de seres mec\u00e1nicos y sombras del pasado&#8230; Un enigma en torno a extra\u00f1as luces que brillan entre la niebla que rodea el islote del faro. Una criatura de pesadilla que se oculta en lo m\u00e1s profundo del bosque&#8230; Estos y otros elementos tejen la trama del misterio que unir\u00e1 a Irene e Ismael para siempre durante un m\u00e1gico verano en Bah\u00eda Azul. Un misterio que los llevar\u00e1 a vivir la m\u00e1s emocionante de las aventuras en el laber\u00edntico mundo de luces y sombras.<\/p>\n","protected":false},"excerpt":{"rendered":"<p>Un misterioso fabricante de juguetes que vive recluido en una gigantesca mansi\u00f3n poblada de seres mec\u00e1nicos y sombras del pasado&#8230; Un enigma en torno a extra\u00f1as luces que brillan entre la niebla que rodea el islote del faro. Una criatura de pesadilla que<\/p>\n","protected":false},"featured_media":2351,"template":"","meta":[],"product_brand":[467],"product_cat":[29],"product_tag":[],"class_list":{"0":"post-2350","1":"product","2":"type-product","3":"status-publish","4":"has-post-thumbnail","6":"product_brand-carlos-ruiz-zafon","7":"product_cat-novela","9":"first","10":"instock","11":"purchasable","12":"product-type-simple"},"featured_image_urls_v2":{"full":["https:\/\/ajupe.com.uy\/web\/wp-content\/uploads\/2016\/04\/p-2350-7743.jpg",198,304,false],"thumbnail":["https:\/\/ajupe.com.uy\/web\/wp-content\/uploads\/2016\/04\/p-2350-7743.jpg",150,150,true],"medium":["https:\/\/ajupe.com.uy\/web\/wp-content\/uploads\/2016\/04\/p-2350-7743.jpg",300,214,true],"medium_large":["https:\/\/ajupe.com.uy\/web\/wp-content\/uploads\/2016\/04\/p-2350-7743.jpg",198,304,false],"large":["https:\/\/ajupe.com.uy\/web\/wp-content\/uploads\/2016\/04\/p-2350-7743.jpg",198,304,false],"1536x1536":["https:\/\/ajupe.com.uy\/web\/wp-content\/uploads\/2016\/04\/p-2350-7743.jpg",198,304,false],"2048x2048":["https:\/\/ajupe.com.uy\/web\/wp-content\/uploads\/2016\/04\/p-2350-7743.jpg",198,304,false],"woocommerce_archive_thumbnail":["https:\/\/ajupe.com.uy\/web\/wp-content\/uploads\/2016\/04\/p-2350-7743-198x300.jpg",198,300,true],"woocommerce_thumbnail":["https:\/\/ajupe.com.uy\/web\/wp-content\/uploads\/2016\/04\/p-2350-7743-198x300.jpg",198,300,true],"woocommerce_single":["https:\/\/ajupe.com.uy\/web\/wp-content\/uploads\/2016\/04\/p-2350-7743.jpg",198,304,false],"woocommerce_gallery_thumbnail":["https:\/\/ajupe.com.uy\/web\/wp-content\/uploads\/2016\/04\/p-2350-7743-100x100.jpg",100,100,true]},"post_excerpt_stackable_v2":"<p>Un misterioso fabricante de juguetes que vive recluido en una gigantesca mansi\u00f3n poblada de seres mec\u00e1nicos y sombras del pasado&#8230; Un enigma en torno a extra\u00f1as luces que brillan entre la niebla que rodea el islote del faro. Una criatura de pesadilla que<\/p>\n","category_list_v2":"","author_info_v2":{"name":"","url":""},"comments_num_v2":"0 comentarios","_links":{"self":[{"href":"https:\/\/ajupe.com.uy\/web\/wp-json\/wp\/v2\/product\/2350","targetHints":{"allow":["GET"]}}],"collection":[{"href":"https:\/\/ajupe.com.uy\/web\/wp-json\/wp\/v2\/product"}],"about":[{"href":"https:\/\/ajupe.com.uy\/web\/wp-json\/wp\/v2\/types\/product"}],"wp:featuredmedia":[{"embeddable":true,"href":"https:\/\/ajupe.com.uy\/web\/wp-json\/wp\/v2\/media\/2351"}],"wp:attachment":[{"href":"https:\/\/ajupe.com.uy\/web\/wp-json\/wp\/v2\/media?parent=2350"}],"wp:term":[{"taxonomy":"product_brand","embeddable":true,"href":"https:\/\/ajupe.com.uy\/web\/wp-json\/wp\/v2\/product_brand?post=2350"},{"taxonomy":"product_cat","embeddable":true,"href":"https:\/\/ajupe.com.uy\/web\/wp-json\/wp\/v2\/product_cat?post=2350"},{"taxonomy":"product_tag","embeddable":true,"href":"https:\/\/ajupe.com.uy\/web\/wp-json\/wp\/v2\/product_tag?post=2350"}],"curies":[{"name":"wp","href":"https:\/\/api.w.org\/{rel}","templated":true}]}}