{"id":2358,"date":"2010-07-14T00:00:00","date_gmt":"2010-07-14T03:00:00","guid":{"rendered":"http:\/\/ajupe.com.uy\/web\/?post_type=product&#038;p=2358"},"modified":"2011-09-15T20:01:24","modified_gmt":"2011-09-15T23:01:24","slug":"lagrimas-de-la-luna-trilogia-irlandesa-ii","status":"publish","type":"product","link":"https:\/\/ajupe.com.uy\/web\/biblioteca\/lagrimas-de-la-luna-trilogia-irlandesa-ii\/","title":{"rendered":"L\u00e1grimas de la Luna (Trilog\u00eda Irlandesa II)"},"content":{"rendered":"<p>Shawn Gallagher, un escritor de canciones de gran talento, pasa los d\u00edas, absorto en sus sue\u00f1os sin prestar atenci\u00f3n ni a las mujeres ni a abrirse camino en la vida. \u00c9l asegura estar satisfecho pero su m\u00fasica cuenta una historia diferente, una historia de soledad y a\u00f1oranza&#8230; Nadie entiende por qu\u00e9 Shawn no saca partido de su don, especialmente Brenna O\u00b4Toole, que lleva a\u00f1os enamorada de \u00e9l. S\u00f3lo cuando Shawn sucumba a los misterios de la magia, conseguir\u00e1 cumplir su destino como m\u00fasico y como hombre.<\/p>\n","protected":false},"excerpt":{"rendered":"<p>Shawn Gallagher, un escritor de canciones de gran talento, pasa los d\u00edas, absorto en sus sue\u00f1os sin prestar atenci\u00f3n ni a las mujeres ni a abrirse camino en la vida. \u00c9l asegura estar satisfecho pero su m\u00fasica cuenta una historia diferente, una historia de<\/p>\n","protected":false},"featured_media":2359,"template":"","meta":[],"product_brand":[267],"product_cat":[38,29],"product_tag":[],"class_list":{"0":"post-2358","1":"product","2":"type-product","3":"status-publish","4":"has-post-thumbnail","6":"product_brand-nora-roberts","7":"product_cat-amor","8":"product_cat-novela","10":"first","11":"instock","12":"purchasable","13":"product-type-simple"},"featured_image_urls_v2":{"full":["https:\/\/ajupe.com.uy\/web\/wp-content\/uploads\/2016\/04\/p-2358-7749.jpg",211,321,false],"thumbnail":["https:\/\/ajupe.com.uy\/web\/wp-content\/uploads\/2016\/04\/p-2358-7749.jpg",150,150,true],"medium":["https:\/\/ajupe.com.uy\/web\/wp-content\/uploads\/2016\/04\/p-2358-7749.jpg",300,214,true],"medium_large":["https:\/\/ajupe.com.uy\/web\/wp-content\/uploads\/2016\/04\/p-2358-7749.jpg",211,321,false],"large":["https:\/\/ajupe.com.uy\/web\/wp-content\/uploads\/2016\/04\/p-2358-7749.jpg",211,321,false],"1536x1536":["https:\/\/ajupe.com.uy\/web\/wp-content\/uploads\/2016\/04\/p-2358-7749.jpg",211,321,false],"2048x2048":["https:\/\/ajupe.com.uy\/web\/wp-content\/uploads\/2016\/04\/p-2358-7749.jpg",211,321,false],"woocommerce_archive_thumbnail":["https:\/\/ajupe.com.uy\/web\/wp-content\/uploads\/2016\/04\/p-2358-7749-211x300.jpg",211,300,true],"woocommerce_thumbnail":["https:\/\/ajupe.com.uy\/web\/wp-content\/uploads\/2016\/04\/p-2358-7749-211x300.jpg",211,300,true],"woocommerce_single":["https:\/\/ajupe.com.uy\/web\/wp-content\/uploads\/2016\/04\/p-2358-7749.jpg",211,321,false],"woocommerce_gallery_thumbnail":["https:\/\/ajupe.com.uy\/web\/wp-content\/uploads\/2016\/04\/p-2358-7749-100x100.jpg",100,100,true]},"post_excerpt_stackable_v2":"<p>Shawn Gallagher, un escritor de canciones de gran talento, pasa los d\u00edas, absorto en sus sue\u00f1os sin prestar atenci\u00f3n ni a las mujeres ni a abrirse camino en la vida. \u00c9l asegura estar satisfecho pero su m\u00fasica cuenta una historia diferente, una historia de<\/p>\n","category_list_v2":"","author_info_v2":{"name":"","url":""},"comments_num_v2":"0 comentarios","_links":{"self":[{"href":"https:\/\/ajupe.com.uy\/web\/wp-json\/wp\/v2\/product\/2358","targetHints":{"allow":["GET"]}}],"collection":[{"href":"https:\/\/ajupe.com.uy\/web\/wp-json\/wp\/v2\/product"}],"about":[{"href":"https:\/\/ajupe.com.uy\/web\/wp-json\/wp\/v2\/types\/product"}],"wp:featuredmedia":[{"embeddable":true,"href":"https:\/\/ajupe.com.uy\/web\/wp-json\/wp\/v2\/media\/2359"}],"wp:attachment":[{"href":"https:\/\/ajupe.com.uy\/web\/wp-json\/wp\/v2\/media?parent=2358"}],"wp:term":[{"taxonomy":"product_brand","embeddable":true,"href":"https:\/\/ajupe.com.uy\/web\/wp-json\/wp\/v2\/product_brand?post=2358"},{"taxonomy":"product_cat","embeddable":true,"href":"https:\/\/ajupe.com.uy\/web\/wp-json\/wp\/v2\/product_cat?post=2358"},{"taxonomy":"product_tag","embeddable":true,"href":"https:\/\/ajupe.com.uy\/web\/wp-json\/wp\/v2\/product_tag?post=2358"}],"curies":[{"name":"wp","href":"https:\/\/api.w.org\/{rel}","templated":true}]}}