{"id":2360,"date":"2010-07-14T00:00:00","date_gmt":"2010-07-14T03:00:00","guid":{"rendered":"http:\/\/ajupe.com.uy\/web\/?post_type=product&#038;p=2360"},"modified":"2010-07-14T00:00:00","modified_gmt":"2010-07-14T03:00:00","slug":"secuestro-en-nueva-york","status":"publish","type":"product","link":"https:\/\/ajupe.com.uy\/web\/biblioteca\/secuestro-en-nueva-york\/","title":{"rendered":"Secuestro en Nueva York"},"content":{"rendered":"<p>Tres d\u00edas antes de Navidad, dos mujeres detectives, Regan Reilly y Alvirah Meehan, se ven mezcladas en el secuestro del padre de Regan y su ch\u00f3fer. Para complicar la situaci\u00f3n, la madre de Regan, una conocida escritora de novelas de misterio, est\u00e1 hospitalizada gravemente enferme y, a medida que la investigaci\u00f3n avanza, se har\u00e1 m\u00e1s patente que los secuestradores no son unos profesionales. Al mismo tiempo, los dos secuestrados, en su cautiverio, empiezan a temer que el nerviosismo de sus captores provoque una tragedia.<\/p>\n","protected":false},"excerpt":{"rendered":"<p>Tres d\u00edas antes de Navidad, dos mujeres detectives, Regan Reilly y Alvirah Meehan, se ven mezcladas en el secuestro del padre de Regan y su ch\u00f3fer. Para complicar la situaci\u00f3n, la madre de Regan, una conocida escritora de novelas de misterio, est\u00e1 hospita<\/p>\n","protected":false},"featured_media":2361,"template":"","meta":[],"product_brand":[976],"product_cat":[29],"product_tag":[],"class_list":{"0":"post-2360","1":"product","2":"type-product","3":"status-publish","4":"has-post-thumbnail","6":"product_brand-jo-beverley","7":"product_cat-novela","9":"first","10":"instock","11":"purchasable","12":"product-type-simple"},"featured_image_urls_v2":{"full":["https:\/\/ajupe.com.uy\/web\/wp-content\/uploads\/2016\/04\/p-2360-7750.jpg",244,344,false],"thumbnail":["https:\/\/ajupe.com.uy\/web\/wp-content\/uploads\/2016\/04\/p-2360-7750.jpg",150,150,true],"medium":["https:\/\/ajupe.com.uy\/web\/wp-content\/uploads\/2016\/04\/p-2360-7750.jpg",300,214,true],"medium_large":["https:\/\/ajupe.com.uy\/web\/wp-content\/uploads\/2016\/04\/p-2360-7750.jpg",244,344,false],"large":["https:\/\/ajupe.com.uy\/web\/wp-content\/uploads\/2016\/04\/p-2360-7750.jpg",244,344,false],"1536x1536":["https:\/\/ajupe.com.uy\/web\/wp-content\/uploads\/2016\/04\/p-2360-7750.jpg",244,344,false],"2048x2048":["https:\/\/ajupe.com.uy\/web\/wp-content\/uploads\/2016\/04\/p-2360-7750.jpg",244,344,false],"woocommerce_archive_thumbnail":["https:\/\/ajupe.com.uy\/web\/wp-content\/uploads\/2016\/04\/p-2360-7750-244x300.jpg",244,300,true],"woocommerce_thumbnail":["https:\/\/ajupe.com.uy\/web\/wp-content\/uploads\/2016\/04\/p-2360-7750-244x300.jpg",244,300,true],"woocommerce_single":["https:\/\/ajupe.com.uy\/web\/wp-content\/uploads\/2016\/04\/p-2360-7750.jpg",244,344,false],"woocommerce_gallery_thumbnail":["https:\/\/ajupe.com.uy\/web\/wp-content\/uploads\/2016\/04\/p-2360-7750-100x100.jpg",100,100,true]},"post_excerpt_stackable_v2":"<p>Tres d\u00edas antes de Navidad, dos mujeres detectives, Regan Reilly y Alvirah Meehan, se ven mezcladas en el secuestro del padre de Regan y su ch\u00f3fer. Para complicar la situaci\u00f3n, la madre de Regan, una conocida escritora de novelas de misterio, est\u00e1 hospita<\/p>\n","category_list_v2":"","author_info_v2":{"name":"","url":""},"comments_num_v2":"0 comentarios","_links":{"self":[{"href":"https:\/\/ajupe.com.uy\/web\/wp-json\/wp\/v2\/product\/2360","targetHints":{"allow":["GET"]}}],"collection":[{"href":"https:\/\/ajupe.com.uy\/web\/wp-json\/wp\/v2\/product"}],"about":[{"href":"https:\/\/ajupe.com.uy\/web\/wp-json\/wp\/v2\/types\/product"}],"wp:featuredmedia":[{"embeddable":true,"href":"https:\/\/ajupe.com.uy\/web\/wp-json\/wp\/v2\/media\/2361"}],"wp:attachment":[{"href":"https:\/\/ajupe.com.uy\/web\/wp-json\/wp\/v2\/media?parent=2360"}],"wp:term":[{"taxonomy":"product_brand","embeddable":true,"href":"https:\/\/ajupe.com.uy\/web\/wp-json\/wp\/v2\/product_brand?post=2360"},{"taxonomy":"product_cat","embeddable":true,"href":"https:\/\/ajupe.com.uy\/web\/wp-json\/wp\/v2\/product_cat?post=2360"},{"taxonomy":"product_tag","embeddable":true,"href":"https:\/\/ajupe.com.uy\/web\/wp-json\/wp\/v2\/product_tag?post=2360"}],"curies":[{"name":"wp","href":"https:\/\/api.w.org\/{rel}","templated":true}]}}