{"id":2362,"date":"2010-07-14T00:00:00","date_gmt":"2010-07-14T03:00:00","guid":{"rendered":"http:\/\/ajupe.com.uy\/web\/?post_type=product&#038;p=2362"},"modified":"2010-07-14T00:00:00","modified_gmt":"2010-07-14T03:00:00","slug":"joyas","status":"publish","type":"product","link":"https:\/\/ajupe.com.uy\/web\/biblioteca\/joyas\/","title":{"rendered":"Joyas"},"content":{"rendered":"<p>Gran conocedora del alma femenina, esta vez Danielle Steel sorprende descubriendo los secretos de una dama de alta sociedad, a punto de celebrar sus setenta y cinco a\u00f1os. Viejas pasiones y fracasos en una biograf\u00eda que tambi\u00e9n es historia de las mujeres de nuestro tiempo.<\/p>\n","protected":false},"excerpt":{"rendered":"<p>Gran conocedora del alma femenina, esta vez Danielle Steel sorprende descubriendo los secretos de una dama de alta sociedad, a punto de celebrar sus setenta y cinco a\u00f1os. Viejas pasiones y fracasos en una biograf\u00eda que tambi\u00e9n es historia de las mujeres d<\/p>\n","protected":false},"featured_media":2363,"template":"","meta":[],"product_brand":[193],"product_cat":[38],"product_tag":[],"class_list":{"0":"post-2362","1":"product","2":"type-product","3":"status-publish","4":"has-post-thumbnail","6":"product_brand-danielle-steel","7":"product_cat-amor","9":"first","10":"instock","11":"purchasable","12":"product-type-simple"},"featured_image_urls_v2":{"full":["https:\/\/ajupe.com.uy\/web\/wp-content\/uploads\/2016\/04\/p-2362-7752.jpg",260,397,false],"thumbnail":["https:\/\/ajupe.com.uy\/web\/wp-content\/uploads\/2016\/04\/p-2362-7752.jpg",150,150,true],"medium":["https:\/\/ajupe.com.uy\/web\/wp-content\/uploads\/2016\/04\/p-2362-7752.jpg",300,214,true],"medium_large":["https:\/\/ajupe.com.uy\/web\/wp-content\/uploads\/2016\/04\/p-2362-7752.jpg",260,397,false],"large":["https:\/\/ajupe.com.uy\/web\/wp-content\/uploads\/2016\/04\/p-2362-7752.jpg",260,397,false],"1536x1536":["https:\/\/ajupe.com.uy\/web\/wp-content\/uploads\/2016\/04\/p-2362-7752.jpg",260,397,false],"2048x2048":["https:\/\/ajupe.com.uy\/web\/wp-content\/uploads\/2016\/04\/p-2362-7752.jpg",260,397,false],"woocommerce_archive_thumbnail":["https:\/\/ajupe.com.uy\/web\/wp-content\/uploads\/2016\/04\/p-2362-7752-260x300.jpg",260,300,true],"woocommerce_thumbnail":["https:\/\/ajupe.com.uy\/web\/wp-content\/uploads\/2016\/04\/p-2362-7752-260x300.jpg",260,300,true],"woocommerce_single":["https:\/\/ajupe.com.uy\/web\/wp-content\/uploads\/2016\/04\/p-2362-7752.jpg",260,397,false],"woocommerce_gallery_thumbnail":["https:\/\/ajupe.com.uy\/web\/wp-content\/uploads\/2016\/04\/p-2362-7752-100x100.jpg",100,100,true]},"post_excerpt_stackable_v2":"<p>Gran conocedora del alma femenina, esta vez Danielle Steel sorprende descubriendo los secretos de una dama de alta sociedad, a punto de celebrar sus setenta y cinco a\u00f1os. Viejas pasiones y fracasos en una biograf\u00eda que tambi\u00e9n es historia de las mujeres d<\/p>\n","category_list_v2":"","author_info_v2":{"name":"","url":""},"comments_num_v2":"0 comentarios","_links":{"self":[{"href":"https:\/\/ajupe.com.uy\/web\/wp-json\/wp\/v2\/product\/2362","targetHints":{"allow":["GET"]}}],"collection":[{"href":"https:\/\/ajupe.com.uy\/web\/wp-json\/wp\/v2\/product"}],"about":[{"href":"https:\/\/ajupe.com.uy\/web\/wp-json\/wp\/v2\/types\/product"}],"wp:featuredmedia":[{"embeddable":true,"href":"https:\/\/ajupe.com.uy\/web\/wp-json\/wp\/v2\/media\/2363"}],"wp:attachment":[{"href":"https:\/\/ajupe.com.uy\/web\/wp-json\/wp\/v2\/media?parent=2362"}],"wp:term":[{"taxonomy":"product_brand","embeddable":true,"href":"https:\/\/ajupe.com.uy\/web\/wp-json\/wp\/v2\/product_brand?post=2362"},{"taxonomy":"product_cat","embeddable":true,"href":"https:\/\/ajupe.com.uy\/web\/wp-json\/wp\/v2\/product_cat?post=2362"},{"taxonomy":"product_tag","embeddable":true,"href":"https:\/\/ajupe.com.uy\/web\/wp-json\/wp\/v2\/product_tag?post=2362"}],"curies":[{"name":"wp","href":"https:\/\/api.w.org\/{rel}","templated":true}]}}