{"id":2364,"date":"2010-07-14T00:00:00","date_gmt":"2010-07-14T03:00:00","guid":{"rendered":"http:\/\/ajupe.com.uy\/web\/?post_type=product&#038;p=2364"},"modified":"2010-07-14T00:00:00","modified_gmt":"2010-07-14T03:00:00","slug":"admiracion","status":"publish","type":"product","link":"https:\/\/ajupe.com.uy\/web\/biblioteca\/admiracion\/","title":{"rendered":"Admiraci\u00f3n"},"content":{"rendered":"<p>Una vibrante historia de amor y suspense con el fascinante trasfondo del cine cl\u00e1sico. El valle de Shenandoah, en el estado de Virginia, queda muy lejos del mundo de glamour, apariencia y oropel de Hollywood. Y Cilla McGowan no podr\u00eda imaginar un lugar mejor para dar un giro a su vida y rehacer los lazos con su pasado. Cilla es la tercera generaci\u00f3n de una familia de actrices. Ella se dedic\u00f3 al cine y a la televisi\u00f3n desde peque\u00f1a; su madre vive por y para la interpretaci\u00f3n y la adoraci\u00f3n del p\u00fablico; y su abuela fue Janet Hardy, una de las grandes estrellas de la \u00e9poca dorada de Hollywood. Entre rodaje y rodaje, su abuela se refugiaba en una peque\u00f1a granja en la que un d\u00eda se suicid\u00f3. Cilla, que ha decidido instalarse en la granja para reformarla, encuentra unas cartas de amor de su abuela que le revelar\u00e1n la verdadera clave de esa muerte. Esta es una historia de amor y suspense con el toque evocador del cine cl\u00e1sico y sus estrellas legendarias, con sus vidas de leyenda, fama, pasi\u00f3n, secretos y muerte. La protagonista es muy atractiva, fuerte e independiente, dispuesta a luchar por abrirse un nuevo camino en la vida.<\/p>\n","protected":false},"excerpt":{"rendered":"<p>Una vibrante historia de amor y suspense con el fascinante trasfondo del cine cl\u00e1sico. El valle de Shenandoah, en el estado de Virginia, queda muy lejos del mundo de glamour, apariencia y oropel de Hollywood. Y Cilla McGowan no podr\u00eda imaginar un lugar me<\/p>\n","protected":false},"featured_media":2365,"template":"","meta":[],"product_brand":[267],"product_cat":[38],"product_tag":[],"class_list":{"0":"post-2364","1":"product","2":"type-product","3":"status-publish","4":"has-post-thumbnail","6":"product_brand-nora-roberts","7":"product_cat-amor","9":"first","10":"instock","11":"purchasable","12":"product-type-simple"},"featured_image_urls_v2":{"full":["https:\/\/ajupe.com.uy\/web\/wp-content\/uploads\/2016\/04\/p-2364-7769.jpg",210,320,false],"thumbnail":["https:\/\/ajupe.com.uy\/web\/wp-content\/uploads\/2016\/04\/p-2364-7769.jpg",150,150,true],"medium":["https:\/\/ajupe.com.uy\/web\/wp-content\/uploads\/2016\/04\/p-2364-7769.jpg",300,214,true],"medium_large":["https:\/\/ajupe.com.uy\/web\/wp-content\/uploads\/2016\/04\/p-2364-7769.jpg",210,320,false],"large":["https:\/\/ajupe.com.uy\/web\/wp-content\/uploads\/2016\/04\/p-2364-7769.jpg",210,320,false],"1536x1536":["https:\/\/ajupe.com.uy\/web\/wp-content\/uploads\/2016\/04\/p-2364-7769.jpg",210,320,false],"2048x2048":["https:\/\/ajupe.com.uy\/web\/wp-content\/uploads\/2016\/04\/p-2364-7769.jpg",210,320,false],"woocommerce_archive_thumbnail":["https:\/\/ajupe.com.uy\/web\/wp-content\/uploads\/2016\/04\/p-2364-7769-210x300.jpg",210,300,true],"woocommerce_thumbnail":["https:\/\/ajupe.com.uy\/web\/wp-content\/uploads\/2016\/04\/p-2364-7769-210x300.jpg",210,300,true],"woocommerce_single":["https:\/\/ajupe.com.uy\/web\/wp-content\/uploads\/2016\/04\/p-2364-7769.jpg",210,320,false],"woocommerce_gallery_thumbnail":["https:\/\/ajupe.com.uy\/web\/wp-content\/uploads\/2016\/04\/p-2364-7769-100x100.jpg",100,100,true]},"post_excerpt_stackable_v2":"<p>Una vibrante historia de amor y suspense con el fascinante trasfondo del cine cl\u00e1sico. El valle de Shenandoah, en el estado de Virginia, queda muy lejos del mundo de glamour, apariencia y oropel de Hollywood. Y Cilla McGowan no podr\u00eda imaginar un lugar me<\/p>\n","category_list_v2":"","author_info_v2":{"name":"","url":""},"comments_num_v2":"0 comentarios","_links":{"self":[{"href":"https:\/\/ajupe.com.uy\/web\/wp-json\/wp\/v2\/product\/2364","targetHints":{"allow":["GET"]}}],"collection":[{"href":"https:\/\/ajupe.com.uy\/web\/wp-json\/wp\/v2\/product"}],"about":[{"href":"https:\/\/ajupe.com.uy\/web\/wp-json\/wp\/v2\/types\/product"}],"wp:featuredmedia":[{"embeddable":true,"href":"https:\/\/ajupe.com.uy\/web\/wp-json\/wp\/v2\/media\/2365"}],"wp:attachment":[{"href":"https:\/\/ajupe.com.uy\/web\/wp-json\/wp\/v2\/media?parent=2364"}],"wp:term":[{"taxonomy":"product_brand","embeddable":true,"href":"https:\/\/ajupe.com.uy\/web\/wp-json\/wp\/v2\/product_brand?post=2364"},{"taxonomy":"product_cat","embeddable":true,"href":"https:\/\/ajupe.com.uy\/web\/wp-json\/wp\/v2\/product_cat?post=2364"},{"taxonomy":"product_tag","embeddable":true,"href":"https:\/\/ajupe.com.uy\/web\/wp-json\/wp\/v2\/product_tag?post=2364"}],"curies":[{"name":"wp","href":"https:\/\/api.w.org\/{rel}","templated":true}]}}